{"id":24325,"date":"2024-04-19T13:32:32","date_gmt":"2024-04-19T10:32:32","guid":{"rendered":"https:\/\/zooprekes24.lt\/produktas\/brit-veterinary-diets-hypo-dog-dry\/"},"modified":"2025-07-28T14:38:02","modified_gmt":"2025-07-28T12:38:02","slug":"brit-veterinaardieet-hypo-dog-dry","status":"publish","type":"product","link":"https:\/\/zooprekes24.lt\/et\/produktas\/brit-veterinary-diets-hypo-dog-dry\/","title":{"rendered":"Brit Veterinary Diets Hypoallergeenne kuivtoit koertele"},"content":{"rendered":"<h3>Brit Veterinary Diets Hypoallergenic on t\u00e4ielik ja tasakaalustatud h\u00fcpoallergeenne dieet koertele, kellel on dermatoloogilised ja seedetrakti probleemid, mis on tingitud toidule ebasoodsatest reaktsioonidest.<\/h3>\n<h3><span style=\"color: #e8c0c8;\">Kasutamiseks sobiv kuivtoit:<\/span><\/h3>\n<ul>\n<li>K\u00f5rvaltoimete korral toidule dermatoloogiliste s\u00fcmptomitega.<\/li>\n<li>Dermatoloogiliste h\u00e4irete (allergia, atoopiline dermatiit ja otiit) ravi osana.<\/li>\n<li>Kui m\u00e4rkate oma lemmikloomal seedetrakti probleemide s\u00fcmptomitega k\u00f5rvaltoimeid toidule.<\/li>\n<li>Seedetrakti haiguste (krooniline k\u00f5hulahtisus, p\u00f5letikuline soolehaigus) ravi osana.<\/li>\n<li><a href=\"https:\/\/zooprekes24.lt\/et\/kategorija\/prekes-sunims\/koeratoit\/sausas-maistas-sunims\/\" target=\"_blank\" rel=\"noopener\">Kuivtoit<\/a> sobib igas vanuses ja t\u00f5ugu koertele.<\/li>\n<li>Brit Veterinary Diets Hypoallergenic ei kasuta gluteeni, soja ega GMOsid.<\/li>\n<li>Parima ja t\u00f5husaima tulemuse saavutamiseks on soovitatav kasutada kombinatsioonis <a href=\"https:\/\/britvetdiets.com\/\" target=\"_blank\" rel=\"noopener\">Briti veterinaarravimid<\/a> m\u00e4rg toit.<\/li>\n<\/ul>\n<p><a ref=\"magnificPopup\" href=\"https:\/\/zooprekes24.lt\/wp-content\/uploads\/Brit-Veterinary-Diets-Grain-free-logo.png\"><img loading=\"lazy\" decoding=\"async\" class=\"alignnone wp-image-16429\" src=\"https:\/\/zooprekes24.lt\/wp-content\/uploads\/Brit-Veterinary-Diets-Grain-free-logo.png\" alt=\"Brit Veterinary Diets teraviljavaba logo\" width=\"150\" height=\"151\" \/><\/a><\/p>","protected":false},"excerpt":{"rendered":"<p>Brit Veterinary Diets Hypoallergenic &#8211; visavertis ir subalansuotas hipoalerginis dietinis pa\u0161aras skirtas \u0161unims su dermatologin\u0117mis ir vir\u0161kinimo problemomis, atsiradusiomis d\u0117l nepageidaujam\u0173 reakcij\u0173 \u012f maist\u0105. Sausas maistas tinkamas naudojimui: Jeigu pasirei\u0161kia nepageidaujama reakcija \u012f maist\u0105 su dermatologiniais simptomais. Kaip terapinio gydymo dalis esant dermatologiniams sutrikimams (alergija, atopinis dermatitas ir otitas). Pasteb\u0117jus augintinio nepageidaujamas reakcijas \u012f maist\u0105&#8230;<\/p>","protected":false},"featured_media":20568,"comment_status":"closed","ping_status":"closed","template":"","meta":{"_acf_changed":false,"slim_seo":{"title":"Brit Veterinary Diets Hypoallergenic sausas maistas \u0161unims - Zooprekes24","description":"Brit Veterinary Diets Hypoallergenic on t\u00e4ielik ja tasakaalustatud h\u00fcpoallergeenne dieet naha- ja seedeprobleemidega koertele,"},"iawp_total_views":247},"product_brand":[],"product_cat":[9232,8999,29,31,9035],"product_tag":[4888,4889,4890],"class_list":{"0":"post-24325","1":"product","2":"type-product","3":"status-publish","4":"has-post-thumbnail","6":"product_cat-brit-veterinary-diets-sunims","7":"product_cat-sunims","8":"product_cat-sunu-maistas","9":"product_cat-sunu-prekiu-gamintojai","10":"product_cat-veterinarine-dieta","11":"product_tag-brit-vd-sausas-maistas-alergiskam-suniui","12":"product_tag-brit-vet-maistas-alergiskam-suniui","13":"product_tag-brit-veterinarinis-maistas-alergiskam-suniui","14":"pa_pasaro-sudetis-darzoves","15":"pa_pasaro-sudetis-lasisa","16":"pa_pasaro-sudetis-vaisiai","17":"pa_pasaro-sudetis-zuvis","18":"pa_prekiu-zenklai-brit-veterinary-diets","19":"pa_suns-amzius-jauniems","20":"pa_suns-amzius-senjorams","21":"pa_suns-amzius-suaugusiems","22":"pa_suns-amzius-visiems-amziams","23":"pa_veisles-dydis-didelems-veislems","24":"pa_veisles-dydis-mazoms-veislems","25":"pa_veisles-dydis-vidutinems-veislems","26":"pa_veisles-dydis-visu-dydziu-veislems","28":"first","29":"instock","30":"featured","31":"taxable","32":"shipping-taxable","33":"purchasable","34":"product-type-variable"},"acf":[],"_links":{"self":[{"href":"https:\/\/zooprekes24.lt\/et\/wp-json\/wp\/v2\/product\/24325","targetHints":{"allow":["GET"]}}],"collection":[{"href":"https:\/\/zooprekes24.lt\/et\/wp-json\/wp\/v2\/product"}],"about":[{"href":"https:\/\/zooprekes24.lt\/et\/wp-json\/wp\/v2\/types\/product"}],"replies":[{"embeddable":true,"href":"https:\/\/zooprekes24.lt\/et\/wp-json\/wp\/v2\/comments?post=24325"}],"wp:featuredmedia":[{"embeddable":true,"href":"https:\/\/zooprekes24.lt\/et\/wp-json\/wp\/v2\/media\/20568"}],"wp:attachment":[{"href":"https:\/\/zooprekes24.lt\/et\/wp-json\/wp\/v2\/media?parent=24325"}],"wp:term":[{"taxonomy":"product_brand","embeddable":true,"href":"https:\/\/zooprekes24.lt\/et\/wp-json\/wp\/v2\/product_brand?post=24325"},{"taxonomy":"product_cat","embeddable":true,"href":"https:\/\/zooprekes24.lt\/et\/wp-json\/wp\/v2\/product_cat?post=24325"},{"taxonomy":"product_tag","embeddable":true,"href":"https:\/\/zooprekes24.lt\/et\/wp-json\/wp\/v2\/product_tag?post=24325"}],"curies":[{"name":"wp","href":"https:\/\/api.w.org\/{rel}","templated":true}]}}