{"id":24322,"date":"2024-04-19T13:32:32","date_gmt":"2024-04-19T10:32:32","guid":{"rendered":"https:\/\/zooprekes24.lt\/produktas\/brit-veterinary-diets-hepatic-dog-dry\/"},"modified":"2025-07-28T14:33:36","modified_gmt":"2025-07-28T12:33:36","slug":"brit-veterinaardieet-hepaatilise-koera-kuivtoit","status":"publish","type":"product","link":"https:\/\/zooprekes24.lt\/et\/produktas\/brit-veterinary-diets-hepatic-dog-dry\/","title":{"rendered":"Brit Veterinary Diets Hepatic kuivtoit koertele"},"content":{"rendered":"<h3>Brit Veterinary Diets Hepatic on t\u00e4isv\u00e4\u00e4rtuslik ja tasakaalustatud dieet maksafunktsiooni kahjustusega koertele.<\/h3>\n<h3><span style=\"color: #f0d19b;\">Kasutamiseks sobiv kuivtoit:<\/span><\/h3>\n<ul>\n<li>Maksaentsefalopaatia korral.<\/li>\n<li>Kui teil on vaja taastuda m\u00fcrgistusest.<\/li>\n<li><a href=\"https:\/\/zooprekes24.lt\/et\/kategorija\/prekes-sunims\/koeratoit\/sausas-maistas-sunims\/\" target=\"_blank\" rel=\"noopener\">Kuivtoit<\/a> sobib igas vanuses ja t\u00f5ugu koertele.<\/li>\n<li>Maksapuudulikkuse v\u00f5i portos\u00fcsteemse \u0161undi (PSS) korral.<\/li>\n<li>Brit Veterinary Diets Hepatic ei kasuta gluteeni, soja ega GMOsid.<\/li>\n<li>Parima ja t\u00f5husaima tulemuse saavutamiseks on soovitatav kasutada kombinatsioonis <a href=\"https:\/\/britvetdiets.com\/\" target=\"_blank\" rel=\"noopener\">Briti veterinaarravimid<\/a> m\u00e4rg toit.<\/li>\n<\/ul>\n<p><a ref=\"magnificPopup\" href=\"https:\/\/zooprekes24.lt\/wp-content\/uploads\/Brit-Veterinary-Diets-Grain-free-logo.png\"><img loading=\"lazy\" decoding=\"async\" class=\"alignnone wp-image-16429\" src=\"https:\/\/zooprekes24.lt\/wp-content\/uploads\/Brit-Veterinary-Diets-Grain-free-logo.png\" alt=\"Brit Veterinary Diets teraviljavaba logo\" width=\"150\" height=\"151\" \/><\/a><\/p>","protected":false},"excerpt":{"rendered":"<p>Brit Veterinary Diets Hepatic &#8211; visavertis ir subalansuotas dietinis pa\u0161aras \u0161unims su sutrikusia kepen\u0173 funkcija. Sausas maistas tinkamas naudojimui: Sergant kepen\u0173 encefalopatija. Jeigu reikalingas atsigavimas po apsinuodijimo. Sausas maistas tinkamas vis\u0173 am\u017eiaus grupi\u0173 ir veisli\u0173 \u0161unims. Esant augintinio kepen\u0173 nepakankamumui ar portosisteminiam \u0161untui (PSS). Brit Veterinary Diets Hepatic sud\u0117tyje n\u0117ra naudojamas glitimas, sojos ir GMO&#8230;.<\/p>","protected":false},"featured_media":20567,"comment_status":"closed","ping_status":"closed","template":"","meta":{"_acf_changed":false,"slim_seo":{"title":"Brit Veterinary Diets Hepatic sausas maistas \u0161unims - Zooprekes24","description":"Brit Veterinary Diets Hepatic - visavertis ir subalansuotas dietinis pa\u0161aras \u0161unims su sutrikusia kepen\u0173 funkcija. Sausas maistas tinkamas naudojimui: Sergant k"},"iawp_total_views":141},"product_brand":[],"product_cat":[9232,8999,29,31,9035],"product_tag":[4831,4805,4759],"class_list":{"0":"post-24322","1":"product","2":"type-product","3":"status-publish","4":"has-post-thumbnail","6":"product_cat-brit-veterinary-diets-sunims","7":"product_cat-sunims","8":"product_cat-sunu-maistas","9":"product_cat-sunu-prekiu-gamintojai","10":"product_cat-veterinarine-dieta","11":"product_tag-brit-hepatik-maistas-suniui","12":"product_tag-brit-veterinarinis-maistas-sunims","13":"product_tag-suns-kepenu-nepakankamumas","14":"pa_pasaro-sudetis-darzoves","15":"pa_pasaro-sudetis-kepeneles","16":"pa_pasaro-sudetis-vaisiai","17":"pa_prekiu-zenklai-brit-veterinary-diets","18":"pa_suns-amzius-jauniems","19":"pa_suns-amzius-senjorams","20":"pa_suns-amzius-suaugusiems","21":"pa_suns-amzius-visiems-amziams","22":"pa_veisles-dydis-didelems-veislems","23":"pa_veisles-dydis-mazoms-veislems","24":"pa_veisles-dydis-vidutinems-veislems","25":"pa_veisles-dydis-visu-dydziu-veislems","27":"first","28":"instock","29":"featured","30":"taxable","31":"shipping-taxable","32":"purchasable","33":"product-type-variable"},"acf":[],"_links":{"self":[{"href":"https:\/\/zooprekes24.lt\/et\/wp-json\/wp\/v2\/product\/24322","targetHints":{"allow":["GET"]}}],"collection":[{"href":"https:\/\/zooprekes24.lt\/et\/wp-json\/wp\/v2\/product"}],"about":[{"href":"https:\/\/zooprekes24.lt\/et\/wp-json\/wp\/v2\/types\/product"}],"replies":[{"embeddable":true,"href":"https:\/\/zooprekes24.lt\/et\/wp-json\/wp\/v2\/comments?post=24322"}],"wp:featuredmedia":[{"embeddable":true,"href":"https:\/\/zooprekes24.lt\/et\/wp-json\/wp\/v2\/media\/20567"}],"wp:attachment":[{"href":"https:\/\/zooprekes24.lt\/et\/wp-json\/wp\/v2\/media?parent=24322"}],"wp:term":[{"taxonomy":"product_brand","embeddable":true,"href":"https:\/\/zooprekes24.lt\/et\/wp-json\/wp\/v2\/product_brand?post=24322"},{"taxonomy":"product_cat","embeddable":true,"href":"https:\/\/zooprekes24.lt\/et\/wp-json\/wp\/v2\/product_cat?post=24322"},{"taxonomy":"product_tag","embeddable":true,"href":"https:\/\/zooprekes24.lt\/et\/wp-json\/wp\/v2\/product_tag?post=24322"}],"curies":[{"name":"wp","href":"https:\/\/api.w.org\/{rel}","templated":true}]}}