{"id":24319,"date":"2024-04-19T13:32:32","date_gmt":"2024-04-19T10:32:32","guid":{"rendered":"https:\/\/zooprekes24.lt\/produktas\/brit-veterinary-diets-gastro-dog-dry\/"},"modified":"2025-07-28T14:39:02","modified_gmt":"2025-07-28T12:39:02","slug":"brit-veterinaardieet-gastro-dog-dry","status":"publish","type":"product","link":"https:\/\/zooprekes24.lt\/et\/produktas\/brit-veterinary-diets-gastro-dog-dry\/","title":{"rendered":"Brit Veterinary Diets Gastrointestinal kuivtoit koertele"},"content":{"rendered":"<h3>Brit Veterinary Diets Gastrointestinal on t\u00e4ielik ja tasakaalustatud dieet seedetrakti probleemidega koertele.<\/h3>\n<h3><span style=\"color: #b6b6da;\">Kasutamiseks sobiv kuivtoit:<\/span><\/h3>\n<ul>\n<li>Pankreatiidi korral.<\/li>\n<li>Eksokriinses pankrease puudulikkus (EPI).<\/li>\n<li>Krooniline gastroenteriit (k\u00f5hulahtisus, oksendamine).<\/li>\n<li>\u00c4geda gastroenteriidi korral (k\u00f5hulahtisus, oksendamine).<\/li>\n<li><a href=\"https:\/\/zooprekes24.lt\/et\/kategorija\/prekes-sunims\/koeratoit\/sausas-maistas-sunims\/\" target=\"_blank\" rel=\"noopener\">Kuivtoit<\/a> sobib igas vanuses ja t\u00f5ugu koertele.<\/li>\n<li>Kui teie lemmikloomal on lahtine soolestik ja suurenenud gaaside kogunemine (k\u00f5hupuhitus).<\/li>\n<li>Brit Veterinary Diets Gastrointestinal ei kasuta gluteeni, soja ega GMOsid.<\/li>\n<li>Parima ja t\u00f5husaima tulemuse saavutamiseks on soovitatav kasutada kombinatsioonis <a href=\"https:\/\/britvetdiets.com\/\" target=\"_blank\" rel=\"noopener\">Briti veterinaarravimid<\/a> m\u00e4rg toit.<\/li>\n<\/ul>\n<p><a ref=\"magnificPopup\" href=\"https:\/\/zooprekes24.lt\/wp-content\/uploads\/Brit-Veterinary-Diets-Grain-free-logo.png\"><img loading=\"lazy\" decoding=\"async\" class=\"alignnone wp-image-16429\" src=\"https:\/\/zooprekes24.lt\/wp-content\/uploads\/Brit-Veterinary-Diets-Grain-free-logo.png\" alt=\"Brit Veterinary Diets teraviljavaba logo\" width=\"150\" height=\"151\" \/><\/a><\/p>","protected":false},"excerpt":{"rendered":"<p>Brit Veterinary Diets Gastrointestinal &#8211; visavertis ir subalansuotas dietinis pa\u0161aras skirtas \u0161unims su skrand\u017eio ir \u017earnyno problemomis. Sausas maistas tinkamas naudojimui: Sergant pankreatitu. Sergant egzokrininiu kasos nepakankamumu (EPI). Sergant l\u0117tiniu gastroenteritu (viduriavimas, v\u0117mimas). Esant \u016bminiam gastroenteritui (viduriavimas, v\u0117mimas). Sausas maistas tinkamas vis\u0173 am\u017eiaus grupi\u0173 ir veisli\u0173 \u0161unims. Jeigu augintinio viduriai laisvi ir yra padid\u0117j\u0119s duj\u0173&#8230;<\/p>","protected":false},"featured_media":20566,"comment_status":"closed","ping_status":"closed","template":"","meta":{"_acf_changed":false,"slim_seo":{"title":"Brit Veterinary Diets Gastrointestinal sausas maistas \u0161unims - Zooprekes24","description":"Brit Veterinary Diets Gastrointestinal on t\u00e4ielik ja tasakaalustatud dieet seedetrakti probleemidega koertele. Kuivtoit sobib"},"iawp_total_views":528},"product_brand":[],"product_cat":[9232,8999,29,31,9035],"product_tag":[],"class_list":{"0":"post-24319","1":"product","2":"type-product","3":"status-publish","4":"has-post-thumbnail","6":"product_cat-brit-veterinary-diets-sunims","7":"product_cat-sunims","8":"product_cat-sunu-maistas","9":"product_cat-sunu-prekiu-gamintojai","10":"product_cat-veterinarine-dieta","11":"pa_pasaro-sudetis-darzoves","12":"pa_pasaro-sudetis-vaisiai","13":"pa_pasaro-sudetis-zuvis","14":"pa_prekiu-zenklai-brit-veterinary-diets","15":"pa_suns-amzius-jauniems","16":"pa_suns-amzius-senjorams","17":"pa_suns-amzius-suaugusiems","18":"pa_suns-amzius-visiems-amziams","19":"pa_veisles-dydis-didelems-veislems","20":"pa_veisles-dydis-mazoms-veislems","21":"pa_veisles-dydis-vidutinems-veislems","22":"pa_veisles-dydis-visu-dydziu-veislems","24":"first","25":"instock","26":"featured","27":"taxable","28":"shipping-taxable","29":"purchasable","30":"product-type-variable"},"acf":[],"_links":{"self":[{"href":"https:\/\/zooprekes24.lt\/et\/wp-json\/wp\/v2\/product\/24319","targetHints":{"allow":["GET"]}}],"collection":[{"href":"https:\/\/zooprekes24.lt\/et\/wp-json\/wp\/v2\/product"}],"about":[{"href":"https:\/\/zooprekes24.lt\/et\/wp-json\/wp\/v2\/types\/product"}],"replies":[{"embeddable":true,"href":"https:\/\/zooprekes24.lt\/et\/wp-json\/wp\/v2\/comments?post=24319"}],"wp:featuredmedia":[{"embeddable":true,"href":"https:\/\/zooprekes24.lt\/et\/wp-json\/wp\/v2\/media\/20566"}],"wp:attachment":[{"href":"https:\/\/zooprekes24.lt\/et\/wp-json\/wp\/v2\/media?parent=24319"}],"wp:term":[{"taxonomy":"product_brand","embeddable":true,"href":"https:\/\/zooprekes24.lt\/et\/wp-json\/wp\/v2\/product_brand?post=24319"},{"taxonomy":"product_cat","embeddable":true,"href":"https:\/\/zooprekes24.lt\/et\/wp-json\/wp\/v2\/product_cat?post=24319"},{"taxonomy":"product_tag","embeddable":true,"href":"https:\/\/zooprekes24.lt\/et\/wp-json\/wp\/v2\/product_tag?post=24319"}],"curies":[{"name":"wp","href":"https:\/\/api.w.org\/{rel}","templated":true}]}}