{"id":24300,"date":"2024-04-19T13:32:23","date_gmt":"2024-04-19T10:32:23","guid":{"rendered":"https:\/\/zooprekes24.lt\/produktas\/brit-veterinary-diets-hypo-cat-dry\/"},"modified":"2025-07-28T14:37:49","modified_gmt":"2025-07-28T12:37:49","slug":"brit-veterinaardieet-hypo-cat-dry","status":"publish","type":"product","link":"https:\/\/zooprekes24.lt\/et\/produktas\/brit-veterinary-diets-hypo-cat-dry\/","title":{"rendered":"Brit Veterinary Diets Hypoallergenic kuivtoit kassidele"},"content":{"rendered":"<h3>Brit Veterinary Diets Hypoallergenic on t\u00e4ielik ja tasakaalustatud h\u00fcpoallergeenne dieet kassidele, kellel on dermatoloogilisi ja seedetrakti probleeme, mis on tingitud toidule ebasoodsatest reaktsioonidest.<\/h3>\n<h3><span style=\"color: #e8c0c8;\">Kasutamiseks sobiv kuivtoit:<\/span><\/h3>\n<ul>\n<li>K\u00f5rvaltoimete korral toidule dermatoloogiliste s\u00fcmptomitega.<\/li>\n<li>Dermatoloogiliste h\u00e4irete (allergia, atoopiline dermatiit ja otiit) ravi osana.<\/li>\n<li>Kui m\u00e4rkate oma lemmikloomal seedetrakti probleemide s\u00fcmptomitega k\u00f5rvaltoimeid toidule.<\/li>\n<li>Seedetrakti haiguste (krooniline k\u00f5hulahtisus, p\u00f5letikuline soolehaigus) ravi osana.<\/li>\n<li><a href=\"https:\/\/zooprekes24.lt\/et\/kategorija\/prekes-katems\/kulatoit\/sausas-kaciu-maistas\/\" target=\"_blank\" rel=\"noopener\">Kuivtoit<\/a> sobib igas vanuses kassidele.<\/li>\n<li>Brit Veterinary Diets Hypoallergenic ei kasuta gluteeni, soja ega GMOsid.<\/li>\n<li>Parima ja t\u00f5husaima tulemuse saavutamiseks on soovitatav kasutada kombinatsioonis <a href=\"https:\/\/britvetdiets.com\/\" target=\"_blank\" rel=\"noopener\">Briti veterinaarravimid<\/a> m\u00e4rg toit.<\/li>\n<\/ul>\n<p><a ref=\"magnificPopup\" href=\"https:\/\/zooprekes24.lt\/wp-content\/uploads\/Brit-Veterinary-Diets-Grain-free-logo.png\"><img loading=\"lazy\" decoding=\"async\" class=\"alignnone wp-image-16429\" src=\"https:\/\/zooprekes24.lt\/wp-content\/uploads\/Brit-Veterinary-Diets-Grain-free-logo.png\" alt=\"Brit Veterinary Diets teraviljavaba logo\" width=\"150\" height=\"151\" \/><\/a><\/p>","protected":false},"excerpt":{"rendered":"<p>Brit Veterinary Diets Hypoallergenic on t\u00e4ielik ja tasakaalustatud h\u00fcpoallergeenne dieet kassidele, kellel on dermatoloogilisi ja seedetrakti probleeme, mis on tingitud toidule ebasoodsatest reaktsioonidest. Sobib kasutamiseks ebasoodsate toidureaktsioonide korral koos dermatoloogiliste s\u00fcmptomitega. Dermatoloogiliste h\u00e4irete (allergia, atoopiline dermatiit ja otiit) terapeutilise ravi osana. Toidule tekkivate k\u00f5rvaltoimete korral lemmikloomadel...<\/p>","protected":false},"featured_media":20561,"comment_status":"closed","ping_status":"closed","template":"","meta":{"_acf_changed":false,"slim_seo":{"title":"Brit Veterinary Diets Hypoallergenic sausas maistas kat\u0117ms - Zooprekes24","description":"Brit Veterinary Diets Hypoallergenic on t\u00e4ielik ja tasakaalustatud h\u00fcpoallergeenne dieet naha- ja seedeprobleemidega kassidele,"},"iawp_total_views":203},"product_brand":[],"product_cat":[9234,72,83,25,9037],"product_tag":[5062,5063,5053],"class_list":{"0":"post-24300","1":"product","2":"type-product","3":"status-publish","4":"has-post-thumbnail","6":"product_cat-brit-veterinary-diets-katems","7":"product_cat-kaciu-maistas","8":"product_cat-kaciu-prekiu-gamintojai","9":"product_cat-katems","10":"product_cat-veterinarine-dieta-kaciu-maistas","11":"product_tag-brit-vet-hypo-sausas-maistas-katems","12":"product_tag-brit-vet-sausas-maistas-alergiskai-katei","13":"product_tag-kaciu-atopinis-dermatitas","14":"pa_pasaro-sudetis-darzoves","15":"pa_pasaro-sudetis-lasisa","16":"pa_pasaro-sudetis-vaisiai","17":"pa_pasaro-sudetis-zuvis","18":"pa_prekiu-zenklai-brit-veterinary-diets","20":"first","21":"instock","22":"featured","23":"taxable","24":"shipping-taxable","25":"purchasable","26":"product-type-variable"},"acf":[],"_links":{"self":[{"href":"https:\/\/zooprekes24.lt\/et\/wp-json\/wp\/v2\/product\/24300","targetHints":{"allow":["GET"]}}],"collection":[{"href":"https:\/\/zooprekes24.lt\/et\/wp-json\/wp\/v2\/product"}],"about":[{"href":"https:\/\/zooprekes24.lt\/et\/wp-json\/wp\/v2\/types\/product"}],"replies":[{"embeddable":true,"href":"https:\/\/zooprekes24.lt\/et\/wp-json\/wp\/v2\/comments?post=24300"}],"wp:featuredmedia":[{"embeddable":true,"href":"https:\/\/zooprekes24.lt\/et\/wp-json\/wp\/v2\/media\/20561"}],"wp:attachment":[{"href":"https:\/\/zooprekes24.lt\/et\/wp-json\/wp\/v2\/media?parent=24300"}],"wp:term":[{"taxonomy":"product_brand","embeddable":true,"href":"https:\/\/zooprekes24.lt\/et\/wp-json\/wp\/v2\/product_brand?post=24300"},{"taxonomy":"product_cat","embeddable":true,"href":"https:\/\/zooprekes24.lt\/et\/wp-json\/wp\/v2\/product_cat?post=24300"},{"taxonomy":"product_tag","embeddable":true,"href":"https:\/\/zooprekes24.lt\/et\/wp-json\/wp\/v2\/product_tag?post=24300"}],"curies":[{"name":"wp","href":"https:\/\/api.w.org\/{rel}","templated":true}]}}