{"id":24296,"date":"2024-04-19T13:32:23","date_gmt":"2024-04-19T10:32:23","guid":{"rendered":"https:\/\/zooprekes24.lt\/produktas\/brit-veterinary-diets-gastro-cat-dry\/"},"modified":"2025-07-28T14:38:49","modified_gmt":"2025-07-28T12:38:49","slug":"brit-veterinaardieet-gastro-cat-dry","status":"publish","type":"product","link":"https:\/\/zooprekes24.lt\/et\/produktas\/brit-veterinary-diets-gastro-cat-dry\/","title":{"rendered":"Brit Veterinary Diets Gastrointestinal kasside kuivtoit"},"content":{"rendered":"<h3>Brit Veterinary Diets Gastrointestinal on t\u00e4ielik ja tasakaalustatud dieet seedetrakti probleemidega kassidele.<\/h3>\n<h3><span style=\"color: #b6b6da;\">Kasutamiseks sobiv kuivtoit:<\/span><\/h3>\n<ul>\n<li><a href=\"https:\/\/zooprekes24.lt\/et\/kategorija\/prekes-katems\/kulatoit\/sausas-kaciu-maistas\/\" target=\"_blank\" rel=\"noopener\">Kuivtoit<\/a> sobib igas vanuses kassidele.<\/li>\n<li>Pankreatiit v\u00f5i p\u00f5letikuline soolehaigus (IBD).<\/li>\n<li>Seedetrakti h\u00e4irete (k\u00f5hulahtisus, oksendamine) korral.<\/li>\n<li>Kui lemmikloom kannatab seedeh\u00e4irete, malabsorptsiooni all.<\/li>\n<li>Brit Veterinary Diets Gastrointestinal ei kasuta gluteeni, soja ega GMOsid.<\/li>\n<li>Parima ja t\u00f5husaima tulemuse saavutamiseks on soovitatav kasutada kombinatsioonis <a href=\"https:\/\/britvetdiets.com\/\" target=\"_blank\" rel=\"noopener\">Briti veterinaarravimid<\/a> m\u00e4rg toit.<\/li>\n<\/ul>\n<p><a ref=\"magnificPopup\" href=\"https:\/\/zooprekes24.lt\/wp-content\/uploads\/Brit-Veterinary-Diets-Grain-free-logo.png\"><img loading=\"lazy\" decoding=\"async\" class=\"alignnone wp-image-16429\" src=\"https:\/\/zooprekes24.lt\/wp-content\/uploads\/Brit-Veterinary-Diets-Grain-free-logo.png\" alt=\"Brit Veterinary Diets teraviljavaba logo\" width=\"150\" height=\"151\" \/><\/a><\/p>","protected":false},"excerpt":{"rendered":"<p>Brit Veterinary Diets Gastrointestinal &#8211; visavertis ir subalansuotas dietinis pa\u0161aras skirtas kat\u0117ms su skrand\u017eio ir \u017earnyno problemomis. Sausas maistas tinkamas naudojimui: Sausas maistas tinkamas vis\u0173 am\u017eiaus grupi\u0173 kat\u0117ms. Sergant pankreatitu arba u\u017edegimin\u0117 \u017earnyno liga (IBD). Esant vir\u0161kinimo trakto sutrikimams (viduriavimas, v\u0117mimas). Jeigu augintiniui pasirei\u0161kia vir\u0161kinimo sutrikimai, malabsorbcija. Brit Veterinary Diets Gastrointestinal sud\u0117tyje n\u0117ra naudojamas glitimas,&#8230;<\/p>","protected":false},"featured_media":20560,"comment_status":"closed","ping_status":"closed","template":"","meta":{"_acf_changed":false,"slim_seo":{"title":"Brit Veterinary Diets Gastrointestinal sausas maistas kat\u0117ms - Zooprekes24","description":"Brit Veterinary Diets Gastrointestinal on t\u00e4ielik ja tasakaalustatud dieet seedetrakti probleemidega kassidele. Kuivtoit sobib"},"iawp_total_views":86},"product_brand":[],"product_cat":[9234,72,83,25,9037],"product_tag":[],"class_list":{"0":"post-24296","1":"product","2":"type-product","3":"status-publish","4":"has-post-thumbnail","6":"product_cat-brit-veterinary-diets-katems","7":"product_cat-kaciu-maistas","8":"product_cat-kaciu-prekiu-gamintojai","9":"product_cat-katems","10":"product_cat-veterinarine-dieta-kaciu-maistas","11":"pa_pasaro-sudetis-darzoves","12":"pa_pasaro-sudetis-lasisa","13":"pa_pasaro-sudetis-vaisiai","14":"pa_pasaro-sudetis-zuvis","15":"pa_prekiu-zenklai-brit-veterinary-diets","17":"first","18":"instock","19":"featured","20":"taxable","21":"shipping-taxable","22":"purchasable","23":"product-type-variable"},"acf":[],"_links":{"self":[{"href":"https:\/\/zooprekes24.lt\/et\/wp-json\/wp\/v2\/product\/24296","targetHints":{"allow":["GET"]}}],"collection":[{"href":"https:\/\/zooprekes24.lt\/et\/wp-json\/wp\/v2\/product"}],"about":[{"href":"https:\/\/zooprekes24.lt\/et\/wp-json\/wp\/v2\/types\/product"}],"replies":[{"embeddable":true,"href":"https:\/\/zooprekes24.lt\/et\/wp-json\/wp\/v2\/comments?post=24296"}],"wp:featuredmedia":[{"embeddable":true,"href":"https:\/\/zooprekes24.lt\/et\/wp-json\/wp\/v2\/media\/20560"}],"wp:attachment":[{"href":"https:\/\/zooprekes24.lt\/et\/wp-json\/wp\/v2\/media?parent=24296"}],"wp:term":[{"taxonomy":"product_brand","embeddable":true,"href":"https:\/\/zooprekes24.lt\/et\/wp-json\/wp\/v2\/product_brand?post=24296"},{"taxonomy":"product_cat","embeddable":true,"href":"https:\/\/zooprekes24.lt\/et\/wp-json\/wp\/v2\/product_cat?post=24296"},{"taxonomy":"product_tag","embeddable":true,"href":"https:\/\/zooprekes24.lt\/et\/wp-json\/wp\/v2\/product_tag?post=24296"}],"curies":[{"name":"wp","href":"https:\/\/api.w.org\/{rel}","templated":true}]}}