{"id":24277,"date":"2024-04-19T13:32:13","date_gmt":"2024-04-19T10:32:13","guid":{"rendered":"https:\/\/zooprekes24.lt\/produktas\/brit-premium-by-nature-adult-chicken-cat\/"},"modified":"2024-07-04T16:18:10","modified_gmt":"2024-07-04T13:18:10","slug":"brit-premium-by-nature-taiskasvanud-kana-kass","status":"publish","type":"product","link":"https:\/\/zooprekes24.lt\/et\/produktas\/brit-premium-by-nature-adult-chicken-cat\/","title":{"rendered":"Brit Premium by Nature Adult Chicken kuivtoit kassidele"},"content":{"rendered":"<h3>Brit Premium by Nature Adult Chicken - visavertis <a href=\"https:\/\/zooprekes24.lt\/et\/kategorija\/prekes-katems\/kulatoit\/sausas-kaciu-maistas\/\" target=\"_blank\" rel=\"noopener\">kuiv kassitoit<\/a>valmistatud looduslikest koostisosadest tervisliku igap\u00e4evase toitumise jaoks.<\/h3>\n<ul>\n<li>Probiootikumidega.<\/li>\n<li><a href=\"https:\/\/brit-petfood.com\/en\/company-profile\" target=\"_blank\" rel=\"noopener\">Nisu, maisi ja soja vaba.<\/a><\/li>\n<li type=\"disc\">Kanamaksakastmega.<\/li>\n<li type=\"disc\">\u00d5unapulbriga - looduslik kiudainete allikas.<\/li>\n<li type=\"disc\">Rosmariini, nelgi, kurkumi ja tsitrusviljadega - looduslikud antioks\u00fcdandid.<\/li>\n<\/ul>","protected":false},"excerpt":{"rendered":"<p>Brit Premium by Nature Adult Chicken on kassidele m\u00f5eldud kuivtoit, mis on valmistatud looduslikest koostisosadest tervisliku igap\u00e4evase toitumise tagamiseks. Koos probiootikumidega. Nisu-, maisi- ja sojavaba. Kana maksakastmega. \u00d5unapulbriga, mis on looduslik kiudainete allikas. Rosmariini, nelgi, kurkumi ja tsitrusviljadega kui looduslike antioks\u00fcdantidega.<\/p>","protected":false},"featured_media":20555,"comment_status":"closed","ping_status":"closed","template":"","meta":{"_acf_changed":false,"slim_seo":{"title":"Brit Premium by Nature Adult Chicken sausas maistas kat\u0117ms - Zooprekes24","description":"Brit Premium by Nature Adult Chicken on kassidele m\u00f5eldud kuivtoit, mis on valmistatud looduslikest koostisosadest tervisliku igap\u00e4evase toitumise tagamiseks. Koos probiootikumidega."},"iawp_total_views":78},"product_brand":[],"product_cat":[9048,72,83,25,9016],"product_tag":[1817,1675,1682,1696],"class_list":{"0":"post-24277","1":"product","2":"type-product","3":"status-publish","4":"has-post-thumbnail","6":"product_cat-brit-premium-kaciu-prekiu-gamintojai","7":"product_cat-kaciu-maistas","8":"product_cat-kaciu-prekiu-gamintojai","9":"product_cat-katems","10":"product_cat-sausas-maistas-kaciu-maistas","11":"product_tag-edalas-katems","12":"product_tag-kaciu-edalas","13":"product_tag-kaciu-maistas-super-premium-klases","14":"product_tag-super-premium-maistas-katems","15":"pa_pasaro-sudetis-darzoves","16":"pa_pasaro-sudetis-kepeneles","17":"pa_pasaro-sudetis-ryziai","18":"pa_pasaro-sudetis-vaisiai","19":"pa_pasaro-sudetis-vistiena","20":"pa_prekiu-zenklai-brit-premium","22":"first","23":"instock","24":"featured","25":"taxable","26":"shipping-taxable","27":"purchasable","28":"product-type-variable"},"acf":[],"_links":{"self":[{"href":"https:\/\/zooprekes24.lt\/et\/wp-json\/wp\/v2\/product\/24277","targetHints":{"allow":["GET"]}}],"collection":[{"href":"https:\/\/zooprekes24.lt\/et\/wp-json\/wp\/v2\/product"}],"about":[{"href":"https:\/\/zooprekes24.lt\/et\/wp-json\/wp\/v2\/types\/product"}],"replies":[{"embeddable":true,"href":"https:\/\/zooprekes24.lt\/et\/wp-json\/wp\/v2\/comments?post=24277"}],"wp:featuredmedia":[{"embeddable":true,"href":"https:\/\/zooprekes24.lt\/et\/wp-json\/wp\/v2\/media\/20555"}],"wp:attachment":[{"href":"https:\/\/zooprekes24.lt\/et\/wp-json\/wp\/v2\/media?parent=24277"}],"wp:term":[{"taxonomy":"product_brand","embeddable":true,"href":"https:\/\/zooprekes24.lt\/et\/wp-json\/wp\/v2\/product_brand?post=24277"},{"taxonomy":"product_cat","embeddable":true,"href":"https:\/\/zooprekes24.lt\/et\/wp-json\/wp\/v2\/product_cat?post=24277"},{"taxonomy":"product_tag","embeddable":true,"href":"https:\/\/zooprekes24.lt\/et\/wp-json\/wp\/v2\/product_tag?post=24277"}],"curies":[{"name":"wp","href":"https:\/\/api.w.org\/{rel}","templated":true}]}}