{"id":24268,"date":"2024-04-19T13:32:02","date_gmt":"2024-04-19T10:32:02","guid":{"rendered":"https:\/\/zooprekes24.lt\/produktas\/profine-lamb-konservai-katems\/"},"modified":"2026-03-02T14:46:52","modified_gmt":"2026-03-02T12:46:52","slug":"profine-lambaliha-konservid-kassidele","status":"publish","type":"product","link":"https:\/\/zooprekes24.lt\/et\/produktas\/profine-lamb-konservai-katems\/","title":{"rendered":"Profine Lambakonserv kassidele \u017eelees"},"content":{"rendered":"<h3>Profine Lamb on suurep\u00e4rase maitsega, tasakaalustatud niiske kassitoit kotikeses t\u00e4iskasvanud, steriliseeritud kassidele alates 1 aasta vanusest. Suurep\u00e4rane valik teie lemmiklooma tervislikuks toitumiseks.<\/h3>\n<ul>\n<li>Halastamatu.<\/li>\n<li>V\u00e4hese rasva- ja kalorisisaldusega.<\/li>\n<li><span style=\"vertical-align: inherit;\"><span style=\"vertical-align: inherit;\"><span style=\"vertical-align: inherit;\"><span style=\"vertical-align: inherit;\">Kohandatud t\u00e4iskasvanutele <\/span><\/span><\/span><\/span><a href=\"https:\/\/zooprekes24.lt\/et\/kategorija\/prekes-katems\/\" target=\"_blank\" rel=\"noopener\"><span style=\"vertical-align: inherit;\"><span style=\"vertical-align: inherit;\"><span style=\"vertical-align: inherit;\"><span style=\"vertical-align: inherit;\">kasside jaoks<\/span><\/span><\/span><\/span><\/a><span style=\"vertical-align: inherit;\"><span style=\"vertical-align: inherit;\"><span style=\"vertical-align: inherit;\"><span style=\"vertical-align: inherit;\">.<\/span><\/span><\/span><\/span><\/li>\n<li><a href=\"https:\/\/www.profinepet.com\" target=\"_blank\" rel=\"noopener\"><span style=\"vertical-align: inherit;\">Konserveerimisel ei kasutata<\/span> s\u00e4ilitusaineid v\u00f5i GMOsid.<\/a><\/li>\n<li>Kuivatatud ravimtaimede (meliss, kummel, kassim\u00e4nd) valem, mis tagab teie lemmikloomale t\u00e4isv\u00e4\u00e4rtusliku ja rahuliku elu.<\/li>\n<\/ul>","protected":false},"excerpt":{"rendered":"<p>Profine Lamb &#8211; puikaus skonio, subalansuotas \u0161lapias ka\u010di\u0173 pa\u0161aras mai\u0161elyje, skirtas suaugusioms, sterilizuotoms kat\u0117ms nuo 1 met\u0173 am\u017eiaus. Puikus pasirinkimas sveikai J\u016bs\u0173 augintinio mitybai. Begr\u016bd\u017eiai. Ma\u017eai riebal\u0173 ir kalorij\u0173. Pritaikyti suaugusioms kat\u0117ms. Konservuose n\u0117ra naudojami konservantai ar GMO. D\u017eiovint\u0173 \u017eoleli\u0173 formule (melisa, ramun\u0117l\u0117mis, kat\u017eol\u0117) pilnaverti\u0161kam ir ramiam augintinio gyvenimui.<\/p>","protected":false},"featured_media":20552,"comment_status":"closed","ping_status":"closed","template":"","meta":{"_acf_changed":false,"slim_seo":{"title":"Profine Lamb konservai kat\u0117ms drebu\u010diuose - Zooprekes24","description":"Profine Lamb on suurep\u00e4rase maitsega, tasakaalustatud niiske kassitoit kotikeses t\u00e4iskasvanud, steriliseeritud kassidele alates 1 aasta vanusest. Suurep\u00e4rane valik"},"iawp_total_views":66},"product_brand":[],"product_cat":[9027,72,83,25,9058,9020],"product_tag":[1817,1675],"class_list":{"0":"post-24268","1":"product","2":"type-product","3":"status-publish","4":"has-post-thumbnail","6":"product_cat-begrudis-maistas-kaciu-maistas","7":"product_cat-kaciu-maistas","8":"product_cat-kaciu-prekiu-gamintojai","9":"product_cat-katems","10":"product_cat-profine-katems","11":"product_cat-slapias-maistas-kaciu-maistas","12":"product_tag-edalas-katems","13":"product_tag-kaciu-edalas","14":"pa_pasaro-sudetis-eriena","15":"pa_pasaro-sudetis-katzole","16":"pa_pasaro-sudetis-kepeneles","17":"pa_pasaro-sudetis-vistiena","18":"pa_prekiu-zenklai-profine","20":"first","21":"instock","22":"featured","23":"taxable","24":"shipping-taxable","25":"purchasable","26":"product-type-variable"},"acf":[],"_links":{"self":[{"href":"https:\/\/zooprekes24.lt\/et\/wp-json\/wp\/v2\/product\/24268","targetHints":{"allow":["GET"]}}],"collection":[{"href":"https:\/\/zooprekes24.lt\/et\/wp-json\/wp\/v2\/product"}],"about":[{"href":"https:\/\/zooprekes24.lt\/et\/wp-json\/wp\/v2\/types\/product"}],"replies":[{"embeddable":true,"href":"https:\/\/zooprekes24.lt\/et\/wp-json\/wp\/v2\/comments?post=24268"}],"wp:featuredmedia":[{"embeddable":true,"href":"https:\/\/zooprekes24.lt\/et\/wp-json\/wp\/v2\/media\/20552"}],"wp:attachment":[{"href":"https:\/\/zooprekes24.lt\/et\/wp-json\/wp\/v2\/media?parent=24268"}],"wp:term":[{"taxonomy":"product_brand","embeddable":true,"href":"https:\/\/zooprekes24.lt\/et\/wp-json\/wp\/v2\/product_brand?post=24268"},{"taxonomy":"product_cat","embeddable":true,"href":"https:\/\/zooprekes24.lt\/et\/wp-json\/wp\/v2\/product_cat?post=24268"},{"taxonomy":"product_tag","embeddable":true,"href":"https:\/\/zooprekes24.lt\/et\/wp-json\/wp\/v2\/product_tag?post=24268"}],"curies":[{"name":"wp","href":"https:\/\/api.w.org\/{rel}","templated":true}]}}