{"id":24265,"date":"2024-04-19T13:32:02","date_gmt":"2024-04-19T10:32:02","guid":{"rendered":"https:\/\/zooprekes24.lt\/produktas\/profine-duck-konservai-katems\/"},"modified":"2026-03-02T14:46:45","modified_gmt":"2026-03-02T12:46:45","slug":"profine-pardikonserv-kassidele","status":"publish","type":"product","link":"https:\/\/zooprekes24.lt\/et\/produktas\/profine-duck-konservai-katems\/","title":{"rendered":"Profine Duck konserveeritud kassitoit \u017eelees"},"content":{"rendered":"<h3>Profine Duck on suurep\u00e4rase maitsega, tasakaalustatud niiske kassitoit kotis t\u00e4iskasvanud kassidele alates 1 aasta vanusest. Suurep\u00e4rane valik teie lemmiklooma tervislikuks toitumiseks.<\/h3>\n<ul>\n<li>Halastamatu.<\/li>\n<li>V\u00e4hese rasva- ja kalorisisaldusega.<\/li>\n<li><span style=\"vertical-align: inherit;\"><span style=\"vertical-align: inherit;\"><span style=\"vertical-align: inherit;\"><span style=\"vertical-align: inherit;\">Kohandatud t\u00e4iskasvanutele <\/span><\/span><\/span><\/span><a href=\"https:\/\/zooprekes24.lt\/et\/kategorija\/prekes-katems\/\" target=\"_blank\" rel=\"noopener\"><span style=\"vertical-align: inherit;\"><span style=\"vertical-align: inherit;\"><span style=\"vertical-align: inherit;\"><span style=\"vertical-align: inherit;\">kasside jaoks<\/span><\/span><\/span><\/span><\/a><span style=\"vertical-align: inherit;\"><span style=\"vertical-align: inherit;\"><span style=\"vertical-align: inherit;\"><span style=\"vertical-align: inherit;\">.<\/span><\/span><\/span><\/span><\/li>\n<li><a href=\"https:\/\/www.profinepet.com\" target=\"_blank\" rel=\"noopener\"><span style=\"vertical-align: inherit;\">Konserveerimisel ei kasutata<\/span> s\u00e4ilitusaineid v\u00f5i GMOsid.<\/a><\/li>\n<li>Kuivatatud ravimtaimede (meliss, kummel, kassim\u00e4nd) valem, mis tagab teie lemmikloomale t\u00e4isv\u00e4\u00e4rtusliku ja rahuliku elu.<\/li>\n<\/ul>","protected":false},"excerpt":{"rendered":"<p>Profine Duck &#8211; puikaus skonio, subalansuotas \u0161lapias ka\u010di\u0173 pa\u0161aras mai\u0161elyje, skirtas suaugusioms kat\u0117ms nuo 1 met\u0173 am\u017eiaus. Puikus pasirinkimas sveikai J\u016bs\u0173 augintinio mitybai. Begr\u016bd\u017eiai. Ma\u017eai riebal\u0173 ir kalorij\u0173. Pritaikyti suaugusioms kat\u0117ms. Konservuose n\u0117ra naudojami konservantai ar GMO. D\u017eiovint\u0173 \u017eoleli\u0173 formule (melisa, ramun\u0117l\u0117mis, kat\u017eol\u0117) pilnaverti\u0161kam ir ramiam augintinio gyvenimui.<\/p>","protected":false},"featured_media":20551,"comment_status":"closed","ping_status":"closed","template":"","meta":{"_acf_changed":false,"slim_seo":{"title":"Profine Duck konservai kat\u0117ms drebu\u010diuose - Zooprekes24","description":"Profine Duck on suurep\u00e4rase maitsega, tasakaalustatud niiske kassitoit kotis t\u00e4iskasvanud kassidele alates 1 aasta vanusest. Suurep\u00e4rane valik teie kassi tervislikuks toitumiseks."},"iawp_total_views":67},"product_brand":[],"product_cat":[9027,72,83,25,9058,9020],"product_tag":[5998,1817,1675],"class_list":{"0":"post-24265","1":"product","2":"type-product","3":"status-publish","4":"has-post-thumbnail","6":"product_cat-begrudis-maistas-kaciu-maistas","7":"product_cat-kaciu-maistas","8":"product_cat-kaciu-prekiu-gamintojai","9":"product_cat-katems","10":"product_cat-profine-katems","11":"product_cat-slapias-maistas-kaciu-maistas","12":"product_tag-antienos-konservai-katems","13":"product_tag-edalas-katems","14":"product_tag-kaciu-edalas","15":"pa_pasaro-sudetis-antiena","16":"pa_pasaro-sudetis-katzole","17":"pa_pasaro-sudetis-kepeneles","18":"pa_pasaro-sudetis-vistiena","19":"pa_prekiu-zenklai-profine","21":"first","22":"instock","23":"featured","24":"taxable","25":"shipping-taxable","26":"purchasable","27":"product-type-variable"},"acf":[],"_links":{"self":[{"href":"https:\/\/zooprekes24.lt\/et\/wp-json\/wp\/v2\/product\/24265","targetHints":{"allow":["GET"]}}],"collection":[{"href":"https:\/\/zooprekes24.lt\/et\/wp-json\/wp\/v2\/product"}],"about":[{"href":"https:\/\/zooprekes24.lt\/et\/wp-json\/wp\/v2\/types\/product"}],"replies":[{"embeddable":true,"href":"https:\/\/zooprekes24.lt\/et\/wp-json\/wp\/v2\/comments?post=24265"}],"wp:featuredmedia":[{"embeddable":true,"href":"https:\/\/zooprekes24.lt\/et\/wp-json\/wp\/v2\/media\/20551"}],"wp:attachment":[{"href":"https:\/\/zooprekes24.lt\/et\/wp-json\/wp\/v2\/media?parent=24265"}],"wp:term":[{"taxonomy":"product_brand","embeddable":true,"href":"https:\/\/zooprekes24.lt\/et\/wp-json\/wp\/v2\/product_brand?post=24265"},{"taxonomy":"product_cat","embeddable":true,"href":"https:\/\/zooprekes24.lt\/et\/wp-json\/wp\/v2\/product_cat?post=24265"},{"taxonomy":"product_tag","embeddable":true,"href":"https:\/\/zooprekes24.lt\/et\/wp-json\/wp\/v2\/product_tag?post=24265"}],"curies":[{"name":"wp","href":"https:\/\/api.w.org\/{rel}","templated":true}]}}