{"id":24238,"date":"2024-04-19T13:31:53","date_gmt":"2024-04-19T10:31:53","guid":{"rendered":"https:\/\/zooprekes24.lt\/produktas\/brit-care-mini-venison-konservai\/"},"modified":"2024-06-25T16:32:25","modified_gmt":"2024-06-25T13:32:25","slug":"brit-care-mini-hirvkala-konserveeritud","status":"publish","type":"product","link":"https:\/\/zooprekes24.lt\/et\/produktas\/brit-care-mini-venison-konservai\/","title":{"rendered":"Brit Care Mini Venison konservtoit koertele"},"content":{"rendered":"<h3>Brit Care Mini Venison konservai &#8211; tai subalansuotas \u0161lapias \u0161un\u0173 pa\u0161aras mai\u0161elyje, skirtas suaugusiems \u0161unims nuo 1 met\u0173 am\u017eiaus.<\/h3>\n<ul>\n<li>Itin skanus.<\/li>\n<li>Labiausiai tinka i\u0161rankiems, <a href=\"https:\/\/zooprekes24.lt\/kategorija\/prekes-sunims\/?filters=veisles-dydis[238]\" target=\"_blank\" rel=\"noopener\">ma\u017e\u0173 veisli\u0173 \u0161unims<\/a>.<\/li>\n<li type=\"disc\">Praturtintas geram vir\u0161kinimui skirtais prebiotikais.<\/li>\n<li type=\"disc\">Sud\u0117tyje yra rozmarin\u0173, ciber\u017eoli\u0173, gvazdik\u0117li\u0173, citrusini\u0173 vaisi\u0173 ir m\u0117lyni\u0173.<\/li>\n<li><a href=\"https:\/\/www.youtube.com\/watch?v=CkPCkshrjQI\" target=\"_blank\" rel=\"noopener\">Brit Care Mini<\/a> konservai pagardinti elnienos gabaliukais \u0161velniame pada\u017ee.<\/li>\n<\/ul>\n","protected":false},"excerpt":{"rendered":"<p>Brit Care Mini Venison Canned on tasakaalustatud niiske koeratoit kotikeses t\u00e4iskasvanud koertele alates 1 aasta vanusest. \u00c4\u00e4rmiselt maitsev. Sobib k\u00f5ige paremini valivale, v\u00e4ikest t\u00f5ugu koerale. Rikastatud prebiootikumidega hea seedimise tagamiseks. Sisaldab rosmariini, kurkumat, nelki, tsitrusvilju ja mustikaid. Brit Care Mini Canned on maitsestatud ulukit\u00fckkidega mahedas kastmes.<\/p>","protected":false},"featured_media":27737,"comment_status":"closed","ping_status":"closed","template":"","meta":{"_acf_changed":false,"slim_seo":{"title":"Brit Care Mini Venison konservai \u0161unims - Zooprekes24","description":"Brit Care Mini Venison Canned on tasakaalustatud niiske koeratoit kotikeses t\u00e4iskasvanud koertele alates 1 aasta vanusest. \u00c4\u00e4rmiselt maitsev. Sobib k\u00f5ige paremini"},"iawp_total_views":43},"product_brand":[],"product_cat":[9029,9004,8999,29,31],"product_tag":[1257,418],"class_list":{"0":"post-24238","1":"product","2":"type-product","3":"status-publish","4":"has-post-thumbnail","6":"product_cat-brit-care","7":"product_cat-slapias-maistas","8":"product_cat-sunims","9":"product_cat-sunu-maistas","10":"product_cat-sunu-prekiu-gamintojai","11":"product_tag-brit-konservai-sunims-maiselyje","12":"product_tag-konservuotas-maistas-sunims","13":"pa_pasaro-sudetis-stirniena-elniena","14":"pa_pasaro-sudetis-uogos","15":"pa_pasaro-sudetis-vaisiai","16":"pa_prekiu-zenklai-brit-care","17":"pa_suns-amzius-suaugusiems","18":"pa_veisles-dydis-mazoms-veislems","20":"first","21":"instock","22":"featured","23":"taxable","24":"shipping-taxable","25":"purchasable","26":"product-type-variable"},"acf":[],"_links":{"self":[{"href":"https:\/\/zooprekes24.lt\/et\/wp-json\/wp\/v2\/product\/24238","targetHints":{"allow":["GET"]}}],"collection":[{"href":"https:\/\/zooprekes24.lt\/et\/wp-json\/wp\/v2\/product"}],"about":[{"href":"https:\/\/zooprekes24.lt\/et\/wp-json\/wp\/v2\/types\/product"}],"replies":[{"embeddable":true,"href":"https:\/\/zooprekes24.lt\/et\/wp-json\/wp\/v2\/comments?post=24238"}],"wp:featuredmedia":[{"embeddable":true,"href":"https:\/\/zooprekes24.lt\/et\/wp-json\/wp\/v2\/media\/27737"}],"wp:attachment":[{"href":"https:\/\/zooprekes24.lt\/et\/wp-json\/wp\/v2\/media?parent=24238"}],"wp:term":[{"taxonomy":"product_brand","embeddable":true,"href":"https:\/\/zooprekes24.lt\/et\/wp-json\/wp\/v2\/product_brand?post=24238"},{"taxonomy":"product_cat","embeddable":true,"href":"https:\/\/zooprekes24.lt\/et\/wp-json\/wp\/v2\/product_cat?post=24238"},{"taxonomy":"product_tag","embeddable":true,"href":"https:\/\/zooprekes24.lt\/et\/wp-json\/wp\/v2\/product_tag?post=24238"}],"curies":[{"name":"wp","href":"https:\/\/api.w.org\/{rel}","templated":true}]}}