{"id":24235,"date":"2024-04-19T13:31:53","date_gmt":"2024-04-19T10:31:53","guid":{"rendered":"https:\/\/zooprekes24.lt\/produktas\/brit-care-mini-rabbit-salmon-konservai\/"},"modified":"2024-06-25T16:22:14","modified_gmt":"2024-06-25T13:22:14","slug":"brit-care-mini-kuulik-lohe-konserveeritud","status":"publish","type":"product","link":"https:\/\/zooprekes24.lt\/et\/produktas\/brit-care-mini-rabbit-salmon-konservai\/","title":{"rendered":"Brit Care Mini Rabbit &amp; Salmon konservtoit koertele"},"content":{"rendered":"<h3>Brit Care Mini Rabbit &amp; Salmon konservai &#8211; tai subalansuotas \u0161lapias \u0161un\u0173 pa\u0161aras mai\u0161elyje, skirtas suaugusiems \u0161unims nuo 1 met\u0173 am\u017eiaus.<\/h3>\n<ul>\n<li>Itin skanus.<\/li>\n<li>Labiausiai tinka i\u0161rankiems, <a href=\"https:\/\/zooprekes24.lt\/kategorija\/prekes-sunims\/?filters=veisles-dydis[238]\" target=\"_blank\" rel=\"noopener\">ma\u017e\u0173 veisli\u0173 \u0161unims<\/a>.<\/li>\n<li type=\"disc\">Praturtintas geram vir\u0161kinimui skirtais prebiotikais.<\/li>\n<li type=\"disc\">Sud\u0117tyje yra rozmarin\u0173, ciber\u017eoli\u0173, gvazdik\u0117li\u0173, citrusini\u0173 vaisi\u0173 ir m\u0117lyni\u0173.<\/li>\n<li><a href=\"https:\/\/www.youtube.com\/watch?v=CkPCkshrjQI\" target=\"_blank\" rel=\"noopener\">Brit Care Mini<\/a> konservai pagardinti triu\u0161ienos ir la\u0161i\u0161os gabaliukais \u0161velniame pada\u017ee.<\/li>\n<\/ul>\n","protected":false},"excerpt":{"rendered":"<p>Brit Care Mini Rabbit &amp; Salmon konservai &#8211; tai subalansuotas \u0161lapias \u0161un\u0173 pa\u0161aras mai\u0161elyje, skirtas suaugusiems \u0161unims nuo 1 met\u0173 am\u017eiaus. Itin skanus. Labiausiai tinka i\u0161rankiems, ma\u017e\u0173 veisli\u0173 \u0161unims. Praturtintas geram vir\u0161kinimui skirtais prebiotikais. Sud\u0117tyje yra rozmarin\u0173, ciber\u017eoli\u0173, gvazdik\u0117li\u0173, citrusini\u0173 vaisi\u0173 ir m\u0117lyni\u0173. Brit Care Mini konservai pagardinti triu\u0161ienos ir la\u0161i\u0161os gabaliukais \u0161velniame pada\u017ee.<\/p>","protected":false},"featured_media":27733,"comment_status":"closed","ping_status":"closed","template":"","meta":{"_acf_changed":false,"slim_seo":{"title":"Brit Care Mini Rabbit & Salmon konservai \u0161unims - Zooprekes24","description":"Brit Care Mini Rabbit &amp; Salmon Canned on tasakaalustatud niiske koeratoit kotikeses t\u00e4iskasvanud koertele alates 1 aasta vanusest. \u00c4\u00e4rmiselt maitsev. Lab"},"iawp_total_views":76},"product_brand":[],"product_cat":[9029,9004,8999,29,31],"product_tag":[1257,1345,418],"class_list":{"0":"post-24235","1":"product","2":"type-product","3":"status-publish","4":"has-post-thumbnail","6":"product_cat-brit-care","7":"product_cat-slapias-maistas","8":"product_cat-sunims","9":"product_cat-sunu-maistas","10":"product_cat-sunu-prekiu-gamintojai","11":"product_tag-brit-konservai-sunims-maiselyje","12":"product_tag-konservai-spicams","13":"product_tag-konservuotas-maistas-sunims","14":"pa_pasaro-sudetis-lasisa","15":"pa_pasaro-sudetis-triusiena","16":"pa_pasaro-sudetis-uogos","17":"pa_pasaro-sudetis-vaisiai","18":"pa_pasaro-sudetis-zuvis","19":"pa_prekiu-zenklai-brit-care","20":"pa_suns-amzius-suaugusiems","21":"pa_veisles-dydis-mazoms-veislems","23":"first","24":"instock","25":"featured","26":"taxable","27":"shipping-taxable","28":"purchasable","29":"product-type-variable"},"acf":[],"_links":{"self":[{"href":"https:\/\/zooprekes24.lt\/et\/wp-json\/wp\/v2\/product\/24235","targetHints":{"allow":["GET"]}}],"collection":[{"href":"https:\/\/zooprekes24.lt\/et\/wp-json\/wp\/v2\/product"}],"about":[{"href":"https:\/\/zooprekes24.lt\/et\/wp-json\/wp\/v2\/types\/product"}],"replies":[{"embeddable":true,"href":"https:\/\/zooprekes24.lt\/et\/wp-json\/wp\/v2\/comments?post=24235"}],"wp:featuredmedia":[{"embeddable":true,"href":"https:\/\/zooprekes24.lt\/et\/wp-json\/wp\/v2\/media\/27733"}],"wp:attachment":[{"href":"https:\/\/zooprekes24.lt\/et\/wp-json\/wp\/v2\/media?parent=24235"}],"wp:term":[{"taxonomy":"product_brand","embeddable":true,"href":"https:\/\/zooprekes24.lt\/et\/wp-json\/wp\/v2\/product_brand?post=24235"},{"taxonomy":"product_cat","embeddable":true,"href":"https:\/\/zooprekes24.lt\/et\/wp-json\/wp\/v2\/product_cat?post=24235"},{"taxonomy":"product_tag","embeddable":true,"href":"https:\/\/zooprekes24.lt\/et\/wp-json\/wp\/v2\/product_tag?post=24235"}],"curies":[{"name":"wp","href":"https:\/\/api.w.org\/{rel}","templated":true}]}}