{"id":24229,"date":"2024-04-19T13:31:43","date_gmt":"2024-04-19T10:31:43","guid":{"rendered":"https:\/\/zooprekes24.lt\/produktas\/brit-care-mini-chicken-tuna-konservai\/"},"modified":"2026-03-02T14:27:51","modified_gmt":"2026-03-02T12:27:51","slug":"brit-care-mini-kana-tuunikala-konserveeritud","status":"publish","type":"product","link":"https:\/\/zooprekes24.lt\/et\/produktas\/brit-care-mini-chicken-tuna-konservai\/","title":{"rendered":"Brit Care Mini Chicken &amp; Tuna konservid koertele"},"content":{"rendered":"<h3>Brit Care Mini Chicken &amp; Tuna konservai &#8211; tai subalansuotas \u0161lapias \u0161un\u0173 pa\u0161aras mai\u0161elyje, skirtas suaugusiems \u0161unims nuo 1 met\u0173 am\u017eiaus.<\/h3>\n<ul>\n<li>Itin skanus.<\/li>\n<li>Labiausiai tinka i\u0161rankiems, <a href=\"https:\/\/zooprekes24.lt\/kategorija\/prekes-sunims\/?filters=veisles-dydis[238]\" target=\"_blank\" rel=\"noopener\">ma\u017e\u0173 veisli\u0173 \u0161unims<\/a>.<\/li>\n<li type=\"disc\">Praturtintas geram vir\u0161kinimui skirtais prebiotikais.<\/li>\n<li type=\"disc\">Sud\u0117tyje yra rozmarin\u0173, ciber\u017eoli\u0173, gvazdik\u0117li\u0173, citrusini\u0173 vaisi\u0173 ir m\u0117lyni\u0173.<\/li>\n<li><a href=\"https:\/\/www.youtube.com\/watch?v=CkPCkshrjQI\" target=\"_blank\" rel=\"noopener\">Brit Care Mini<\/a> konservai pagardinti vi\u0161tienos ir tuno gabaliukais \u0161velniame pada\u017ee.<\/li>\n<\/ul>\n","protected":false},"excerpt":{"rendered":"<p>Brit Care Mini Chicken &amp; Tuna konservai &#8211; tai subalansuotas \u0161lapias \u0161un\u0173 pa\u0161aras mai\u0161elyje, skirtas suaugusiems \u0161unims nuo 1 met\u0173 am\u017eiaus. Itin skanus. Labiausiai tinka i\u0161rankiems, ma\u017e\u0173 veisli\u0173 \u0161unims. Praturtintas geram vir\u0161kinimui skirtais prebiotikais. Sud\u0117tyje yra rozmarin\u0173, ciber\u017eoli\u0173, gvazdik\u0117li\u0173, citrusini\u0173 vaisi\u0173 ir m\u0117lyni\u0173. Brit Care Mini konservai pagardinti vi\u0161tienos ir tuno gabaliukais \u0161velniame pada\u017ee.<\/p>","protected":false},"featured_media":27649,"comment_status":"closed","ping_status":"closed","template":"","meta":{"_acf_changed":false,"slim_seo":{"title":"Brit Care Mini Chicken & Tuna konservai \u0161unims - Zooprekes24","description":"Brit Care Mini Chicken &amp; Tuna Canned on tasakaalustatud niiske koeratoit kotikeses t\u00e4iskasvanud koertele alates 1 aasta vanusest. \u00c4\u00e4rmiselt maitsev. Tere"},"iawp_total_views":46},"product_brand":[],"product_cat":[9029,9004,8999,29,31],"product_tag":[1257,418],"class_list":{"0":"post-24229","1":"product","2":"type-product","3":"status-publish","4":"has-post-thumbnail","6":"product_cat-brit-care","7":"product_cat-slapias-maistas","8":"product_cat-sunims","9":"product_cat-sunu-maistas","10":"product_cat-sunu-prekiu-gamintojai","11":"product_tag-brit-konservai-sunims-maiselyje","12":"product_tag-konservuotas-maistas-sunims","13":"pa_pasaro-sudetis-tunas","14":"pa_pasaro-sudetis-uogos","15":"pa_pasaro-sudetis-vaisiai","16":"pa_pasaro-sudetis-vistiena","17":"pa_pasaro-sudetis-zuvis","18":"pa_prekiu-zenklai-brit-care","19":"pa_suns-amzius-suaugusiems","20":"pa_veisles-dydis-mazoms-veislems","22":"first","23":"instock","24":"featured","25":"taxable","26":"shipping-taxable","27":"purchasable","28":"product-type-variable"},"acf":[],"_links":{"self":[{"href":"https:\/\/zooprekes24.lt\/et\/wp-json\/wp\/v2\/product\/24229","targetHints":{"allow":["GET"]}}],"collection":[{"href":"https:\/\/zooprekes24.lt\/et\/wp-json\/wp\/v2\/product"}],"about":[{"href":"https:\/\/zooprekes24.lt\/et\/wp-json\/wp\/v2\/types\/product"}],"replies":[{"embeddable":true,"href":"https:\/\/zooprekes24.lt\/et\/wp-json\/wp\/v2\/comments?post=24229"}],"wp:featuredmedia":[{"embeddable":true,"href":"https:\/\/zooprekes24.lt\/et\/wp-json\/wp\/v2\/media\/27649"}],"wp:attachment":[{"href":"https:\/\/zooprekes24.lt\/et\/wp-json\/wp\/v2\/media?parent=24229"}],"wp:term":[{"taxonomy":"product_brand","embeddable":true,"href":"https:\/\/zooprekes24.lt\/et\/wp-json\/wp\/v2\/product_brand?post=24229"},{"taxonomy":"product_cat","embeddable":true,"href":"https:\/\/zooprekes24.lt\/et\/wp-json\/wp\/v2\/product_cat?post=24229"},{"taxonomy":"product_tag","embeddable":true,"href":"https:\/\/zooprekes24.lt\/et\/wp-json\/wp\/v2\/product_tag?post=24229"}],"curies":[{"name":"wp","href":"https:\/\/api.w.org\/{rel}","templated":true}]}}