{"id":24222,"date":"2024-04-19T13:31:43","date_gmt":"2024-04-19T10:31:43","guid":{"rendered":"https:\/\/zooprekes24.lt\/produktas\/brit-care-sterilized-immunity-support\/"},"modified":"2024-06-27T13:59:49","modified_gmt":"2024-06-27T10:59:49","slug":"brit-care-steriliseeritud-immuunsuse-toetus","status":"publish","type":"product","link":"https:\/\/zooprekes24.lt\/et\/produktas\/brit-care-sterilized-immunity-support\/","title":{"rendered":"Brit Care Sterilized Immunity Support kasside kuivtoit"},"content":{"rendered":"<h3>Brit Care Sterilized Immunity Support - kasside kuivtoit h\u00fcpoallergeeniline, <a href=\"https:\/\/www.youtube.com\/watch?v=cYtKN_XLHH0\" target=\"_blank\" rel=\"noopener\">hipokampuse koostis<\/a>See sisaldab looduslikke antioks\u00fcdante ja vitamiine sisaldavaid puuvilju, k\u00f6\u00f6givilju ja maitsetaimi, mis aitavad toetada tugevat immuuns\u00fcsteemi, ning probiootikume, mis aitavad tagada optimaalse seedetrakti tervise.<\/h3>\n<ul>\n<li>Astelpaju ja v\u00f5ilill aitavad toetada neerude ja kuseteede tervist.<\/li>\n<li type=\"disc\">Probiootikumid ja prebiootikumid aitavad s\u00e4ilitada tervislikku soolestikku ja immuuns\u00fcsteemi.<\/li>\n<li type=\"disc\">Brit Care Steriliseeritud immuunsuse toetus - teravilja-, v\u00e4rvi-, s\u00e4ilitusainete, GMOde ja soja vaba.<\/li>\n<li>K\u00f5rge valgusisaldusega koostis koos sealihaga on kergesti seeditav ja aitab tugevdada immuunsust.<\/li>\n<li>Madal magneesiumi- ja l-metioniinisisaldus tagab optimaalse PH 6,0-6,5.<a href=\"https:\/\/zooprekes24.lt\/et\/?s=sterilizuotoms&amp;post_type=product&amp;product_cat=0\" target=\"_blank\" rel=\"noopener\"> kuseteede infektsioonide ja oksalaatkivide ennetamine.<\/a><\/li>\n<\/ul>","protected":false},"excerpt":{"rendered":"<p>Brit Care Sterilized Immunity Support &#8211; sausas maistas kat\u0117ms su hipoalergin\u0117, begr\u016bde sud\u0117timi, skirta imuniteto stiprinimui: joje yra vaisi\u0173, dar\u017eovi\u0173 ir \u017eoleli\u0173, kuriuose gausu nat\u016brali\u0173 antioksidant\u0173 ir vitamin\u0173, kurie padeda palaikyti stipri\u0105 imunin\u0119 sistem\u0105, ir probiotik\u0173, padedan\u010di\u0173 u\u017etikrinti optimali\u0105 vir\u0161kinimo sistemos sveikat\u0105. \u0160altalankiai ir kiaulpien\u0117s padeda palaikyti inkst\u0173 ir \u0161lapimo tak\u0173 sveikat\u0105. Probiotikai ir Prebiotikai&#8230;<\/p>","protected":false},"featured_media":27822,"comment_status":"closed","ping_status":"closed","template":"","meta":{"_acf_changed":false,"slim_seo":{"title":"Brit Care Sterilized Immunity Support sausas maistas kat\u0117ms - Zooprekes24","description":"Brit Care Sterilized Immunity Support on kasside kuivtoit, mis on h\u00fcpoallergeense, teraviljavaba koostisega immuunsuse toetamiseks: see sisaldab puuvilju, k\u00f6\u00f6givilju ja maitsetaimi."},"iawp_total_views":274},"product_brand":[],"product_cat":[9027,9047,72,83,25,9016],"product_tag":[1671,1845,1926,1817,1675,1682,1850,1928,1696],"class_list":{"0":"post-24222","1":"product","2":"type-product","3":"status-publish","4":"has-post-thumbnail","6":"product_cat-begrudis-maistas-kaciu-maistas","7":"product_cat-brit-care-kaciu-prekiu-gamintojai","8":"product_cat-kaciu-maistas","9":"product_cat-kaciu-prekiu-gamintojai","10":"product_cat-katems","11":"product_cat-sausas-maistas-kaciu-maistas","12":"product_tag-begrudis-kaciu-maistas","13":"product_tag-brit-care-sterilizuotoms-katems","14":"product_tag-brit-sterilizuotiems","15":"product_tag-edalas-katems","16":"product_tag-kaciu-edalas","17":"product_tag-kaciu-maistas-super-premium-klases","18":"product_tag-kates-slapimo-takams","19":"product_tag-maistas-sterilizuotai-katei","20":"product_tag-super-premium-maistas-katems","21":"pa_pasaro-sudetis-darzoves","22":"pa_pasaro-sudetis-kiauliena","23":"pa_pasaro-sudetis-vaisiai","24":"pa_prekiu-zenklai-brit-care","26":"first","27":"instock","28":"featured","29":"taxable","30":"shipping-taxable","31":"purchasable","32":"product-type-variable"},"acf":[],"_links":{"self":[{"href":"https:\/\/zooprekes24.lt\/et\/wp-json\/wp\/v2\/product\/24222","targetHints":{"allow":["GET"]}}],"collection":[{"href":"https:\/\/zooprekes24.lt\/et\/wp-json\/wp\/v2\/product"}],"about":[{"href":"https:\/\/zooprekes24.lt\/et\/wp-json\/wp\/v2\/types\/product"}],"replies":[{"embeddable":true,"href":"https:\/\/zooprekes24.lt\/et\/wp-json\/wp\/v2\/comments?post=24222"}],"wp:featuredmedia":[{"embeddable":true,"href":"https:\/\/zooprekes24.lt\/et\/wp-json\/wp\/v2\/media\/27822"}],"wp:attachment":[{"href":"https:\/\/zooprekes24.lt\/et\/wp-json\/wp\/v2\/media?parent=24222"}],"wp:term":[{"taxonomy":"product_brand","embeddable":true,"href":"https:\/\/zooprekes24.lt\/et\/wp-json\/wp\/v2\/product_brand?post=24222"},{"taxonomy":"product_cat","embeddable":true,"href":"https:\/\/zooprekes24.lt\/et\/wp-json\/wp\/v2\/product_cat?post=24222"},{"taxonomy":"product_tag","embeddable":true,"href":"https:\/\/zooprekes24.lt\/et\/wp-json\/wp\/v2\/product_tag?post=24222"}],"curies":[{"name":"wp","href":"https:\/\/api.w.org\/{rel}","templated":true}]}}