{"id":24218,"date":"2024-04-19T13:31:43","date_gmt":"2024-04-19T10:31:43","guid":{"rendered":"https:\/\/zooprekes24.lt\/produktas\/brit-care-kitten-gentle-digestion\/"},"modified":"2024-06-21T19:44:18","modified_gmt":"2024-06-21T16:44:18","slug":"briti-hooldus-kassipoeg-orn-seedimine","status":"publish","type":"product","link":"https:\/\/zooprekes24.lt\/et\/produktas\/brit-care-kitten-gentle-digestion\/","title":{"rendered":"Brit Care Kitten Gentle Digestion &amp; Strong Immunity kuivtoit kassipoegadele"},"content":{"rendered":"<h3>Brit Care Kitten \u00f5rn seedimine ja tugev immuunsus - h\u00fcpoallergeenne, <a href=\"https:\/\/www.youtube.com\/watch?v=cYtKN_XLHH0\" target=\"_blank\" rel=\"noopener\">mute<\/a>L\u00f5hega kergesti seeditav koostis vastab tiinete ja imetavate kasside energiavajadusele ning aitab toetada kassipoegade arengut. Toitaineterikas koostis koos probiootikumidega aitab toetada tervislikku seedimist ja tugevat immuunsust.<\/h3>\n<ul>\n<li type=\"disc\">Suur valgusisaldus aitab toetada lihaste kasvu ja arengut.<\/li>\n<li>V\u00e4rske l\u00f5he, mis sisaldab rohkelt oomega-3-rasvhappeid, aitab s\u00e4ilitada naha ja karvkatte seisundit.<\/li>\n<li>Probiootikumid ja prebiootikumid aitavad s\u00e4ilitada tervislikku <a href=\"https:\/\/zooprekes24.lt\/et\/?s=kitten&amp;post_type=product&amp;product_cat=0\" target=\"_blank\" rel=\"noopener\">kassipoeg<\/a> soolestik ja immuuns\u00fcsteem.<\/li>\n<li type=\"disc\">Brit Care Kitten \u00d5rn seedimine ja tugev immuunsus - ilma teravilja, v\u00e4rv- ja s\u00e4ilitusainete, GMOde ja sojaaineteta.<\/li>\n<li>Omega-3 DHA ja EPA koos tauriiniga soodustavad aju ja silmade arengut ning aitavad kiirendada kognitiivset arengut.<\/li>\n<\/ul>","protected":false},"excerpt":{"rendered":"<p>Brit Care Kitten Gentle Digestion &amp; Strong Immunity &#8211; hipoalergin\u0117, begr\u016bd\u0117, lengvai vir\u0161kinama sud\u0117tis su la\u0161i\u0161a patenkina n\u0117\u0161\u010di\u0173 ir \u017eindan\u010di\u0173 ka\u010di\u0173 energijos poreikius ir padeda palaikyti ka\u010diuk\u0173 vystym\u0105si. Gausi maistin\u0117mis med\u017eiagomis sud\u0117tis su probiotikais padeda palaikyti sveik\u0105 vir\u0161kinim\u0105 ir stipr\u0173 imunitet\u0105. Didelis baltym\u0173 kiekis padeda palaikyti raumen\u0173 augim\u0105 ir vystym\u0105si. \u0160vie\u017eia la\u0161i\u0161a, kurioje gausu omega-3&#8230;<\/p>","protected":false},"featured_media":27641,"comment_status":"closed","ping_status":"closed","template":"","meta":{"_acf_changed":false,"slim_seo":{"title":"Brit Care Kitten Gentle Digestion & Strong Immunity sausas maistas ka\u010diukams - Zooprekes24","description":"Brit Care Kitten Gentle Digestion &amp; Strong Immunity - h\u00fcpoallergeenne, teraviljavaba, kergesti seeditav koostis l\u00f5hega, et rahuldada tiinete ja imetavate kasside energiavajadust."},"iawp_total_views":270},"product_brand":[],"product_cat":[9027,9047,72,83,25,9016],"product_tag":[1671,1817,1675,1682,1696],"class_list":{"0":"post-24218","1":"product","2":"type-product","3":"status-publish","4":"has-post-thumbnail","6":"product_cat-begrudis-maistas-kaciu-maistas","7":"product_cat-brit-care-kaciu-prekiu-gamintojai","8":"product_cat-kaciu-maistas","9":"product_cat-kaciu-prekiu-gamintojai","10":"product_cat-katems","11":"product_cat-sausas-maistas-kaciu-maistas","12":"product_tag-begrudis-kaciu-maistas","13":"product_tag-edalas-katems","14":"product_tag-kaciu-edalas","15":"product_tag-kaciu-maistas-super-premium-klases","16":"product_tag-super-premium-maistas-katems","17":"pa_pasaro-sudetis-darzoves","18":"pa_pasaro-sudetis-lasisa","19":"pa_pasaro-sudetis-vaisiai","20":"pa_pasaro-sudetis-zuvis","21":"pa_prekiu-zenklai-brit-care","23":"first","24":"instock","25":"featured","26":"taxable","27":"shipping-taxable","28":"purchasable","29":"product-type-variable"},"acf":[],"_links":{"self":[{"href":"https:\/\/zooprekes24.lt\/et\/wp-json\/wp\/v2\/product\/24218","targetHints":{"allow":["GET"]}}],"collection":[{"href":"https:\/\/zooprekes24.lt\/et\/wp-json\/wp\/v2\/product"}],"about":[{"href":"https:\/\/zooprekes24.lt\/et\/wp-json\/wp\/v2\/types\/product"}],"replies":[{"embeddable":true,"href":"https:\/\/zooprekes24.lt\/et\/wp-json\/wp\/v2\/comments?post=24218"}],"wp:featuredmedia":[{"embeddable":true,"href":"https:\/\/zooprekes24.lt\/et\/wp-json\/wp\/v2\/media\/27641"}],"wp:attachment":[{"href":"https:\/\/zooprekes24.lt\/et\/wp-json\/wp\/v2\/media?parent=24218"}],"wp:term":[{"taxonomy":"product_brand","embeddable":true,"href":"https:\/\/zooprekes24.lt\/et\/wp-json\/wp\/v2\/product_brand?post=24218"},{"taxonomy":"product_cat","embeddable":true,"href":"https:\/\/zooprekes24.lt\/et\/wp-json\/wp\/v2\/product_cat?post=24218"},{"taxonomy":"product_tag","embeddable":true,"href":"https:\/\/zooprekes24.lt\/et\/wp-json\/wp\/v2\/product_tag?post=24218"}],"curies":[{"name":"wp","href":"https:\/\/api.w.org\/{rel}","templated":true}]}}