{"id":24173,"date":"2024-04-19T13:31:08","date_gmt":"2024-04-19T10:31:08","guid":{"rendered":"https:\/\/zooprekes24.lt\/produktas\/coolpets-premium-vesinantis-kilimelis\/"},"modified":"2024-10-01T12:57:15","modified_gmt":"2024-10-01T09:57:15","slug":"coolpets-premium-hurraamatt","status":"publish","type":"product","link":"https:\/\/zooprekes24.lt\/et\/produktas\/coolpets-premium-vesinantis-kilimelis\/","title":{"rendered":"CoolPets Premium jahutusmatt lemmikloomadele, sinine"},"content":{"rendered":"<h3>CoolPets Premium jahutusmatt lemmikloomadele - t\u00e4iuslik <a href=\"https:\/\/zooprekes24.lt\/et\/?s=dovana&amp;post_type=product&amp;product_cat=0\" target=\"_blank\" rel=\"noopener noreferrer\">Kingitus<\/a>et r\u00f5\u00f5mustada oma armastatud neljajalgset s\u00f5pra kuumal suvep\u00e4eval. Matt on umbes 10-15 kraadi jahedam kui \u00fcmbritsev temperatuur ja t\u00f6\u00f6tab umbes 3-4 tundi. Kui lemmikloom p\u00fcsti t\u00f5useb, on matt umbes 30 sekundiga taas kasutusvalmis!<\/h3>\n<ul>\n<li>\u00a0<strong>Miks valida CoolPets Premium Cooling Mat?<\/strong><br \/>\nNeed on ainsad turul olevad jahutusmatid, millel on see ainulaadne geel. See geel jahutab kiiremini ja paremini kui \u00fckski teine sellistes toodetes kasutatav standardne geel. Lisaks pakuvad need matid t\u00e4nu \u00fchtlasele r\u00f5hujaotusele lemmikloomale palju rohkem mugavust. Toote kaal viitab selle mati k\u00f5rgele kvaliteedile.<\/li>\n<li><strong>UV- ja muude ilmastikuolude suhtes vastupidav<\/strong><br \/>\nT\u00e4nu kvaliteetsetele materjalidele v\u00f5ite olla kindel, et see CoolPets Premium Cooling Mat kestab aastaid.<\/li>\n<li><strong>Libisemiskindel alumine k\u00fclg<\/strong><br \/>\nTemperatuurierinevus v\u00f5ib p\u00f5hjustada kondenseerumist. Libisemiskindel kiht padjakese alumisel k\u00fcljel aitab seda paigal hoida.<\/li>\n<li><strong>Toote v\u00e4lisk\u00fcljel kasutatakse paksu pol\u00fcesterkihti.<\/strong><br \/>\nCoolPets Premium jahutusmatt <a href=\"https:\/\/www.youtube.com\/watch?v=pmwofopes_k\" target=\"_blank\" rel=\"noopener\">on 30% paksema v\u00e4liskihiga, mis muudab selle tugevamaks ja vastupidavamaks.<\/a>.<\/li>\n<li><strong>Suurtes kogustes k\u00fclmutusgeel<\/strong><br \/>\nJahutusmatt sisaldab kuni 20% rohkem jahutusgeeli kui v\u00f5rreldavad tooted. See kajastub toote kaalus. Samuti jahutab matt palju kiiremini ja t\u00f5husamalt kui teised turul olevad jahutusmatid.<\/li>\n<li><strong>Jahutusgeel j\u00e4\u00e4b alati \u00f5igesse kohta<\/strong><br \/>\nNeed jahutusmatid on jaotatud olenevalt m\u00f5\u00f5tmetest 4 kuni 24 lahtrisse. Seega jaotub geel \u00fchtlaselt. See tagab suurema mugavuse ja parema jahutava efekti. K\u00fclm geel j\u00e4\u00e4b sinna, kuhu see kuulub, ja lemmikloom saab nautida optimaalset jahutust ja mugavust.<\/li>\n<li><strong>Lihtne hooldus<\/strong><br \/>\nTiheda pol\u00fcesterkihi t\u00f5ttu on vaipa v\u00e4ga lihtne lapiga puhastada.<\/li>\n<li><strong>Kompaktne suurus<\/strong><br \/>\nT\u00e4nu selle lahtritele on vaipa lihtne kokku voltida ja kaasas kanda. See v\u00f5imaldab teil pakkuda oma koerale jahedat puhkekohta, kuhu iganes te ka ei l\u00e4heks :)<\/li>\n<li><strong>CoolPets Premium Cooling Mat sobib<\/strong> <strong>eri suurusega lemmikloomade jaoks<\/strong><br \/>\nS - 40 x 30 cm (0,82 kg),<br \/>\nM - 50 x 40 cm (1,40 kg),<br \/>\nL - 90 x 60 cm (3,21 kg),<br \/>\nXL - 120 x 75 cm (5,40 kg).<\/li>\n<\/ul>","protected":false},"excerpt":{"rendered":"<p>CoolPets Premium Cooling Pet Mat on ideaalne kingitus, et r\u00f5\u00f5mustada oma armastatud neljajalgset s\u00f5pra kuumal suvep\u00e4eval. Matt on umbes 10-15 kraadi jahedam kui \u00fcmbritsev temperatuur ja t\u00f6\u00f6tab umbes 3-4 tundi. Kui lemmikloom p\u00fcsti t\u00f5useb, on matt umbes 30 sekundiga taas kasutusvalmis!  Mis teeb CoolPets Premium Cooling Mat \u00f5igeks valikuks? See on ainus turul olev...<\/p>","protected":false},"featured_media":29314,"comment_status":"closed","ping_status":"closed","template":"","meta":{"_acf_changed":false,"slim_seo":{"title":"CoolPets Premium v\u0117sinantis kilim\u0117lis augintiniui, m\u0117lynas - Zooprekes24","description":"CoolPets Premium Cooling Pet Mat on ideaalne kingitus, et r\u00f5\u00f5mustada oma armastatud neljajalgset s\u00f5pra kuumal suvep\u00e4eval. Matt on"},"iawp_total_views":198},"product_brand":[],"product_cat":[9056,9078,32,8999,31],"product_tag":[5924,5926],"class_list":{"0":"post-24173","1":"product","2":"type-product","3":"status-publish","4":"has-post-thumbnail","6":"product_cat-coolpets","7":"product_cat-guoliai-patiesimai-transportavimo-priemones-sunims","8":"product_cat-kitos-sunu-prekes","9":"product_cat-sunims","10":"product_cat-sunu-prekiu-gamintojai","11":"product_tag-saldantis-kilimelis-sunims","12":"product_tag-vesinantis-kilimelis-sunims","13":"pa_prekiu-zenklai-coolpets","14":"pa_suns-amzius-jauniems","15":"pa_suns-amzius-senjorams","16":"pa_suns-amzius-suaugusiems","17":"pa_suns-amzius-visiems-amziams","18":"pa_veisles-dydis-didelems-veislems","19":"pa_veisles-dydis-mazoms-veislems","20":"pa_veisles-dydis-vidutinems-veislems","21":"pa_veisles-dydis-visu-dydziu-veislems","23":"first","24":"instock","25":"featured","26":"taxable","27":"shipping-taxable","28":"purchasable","29":"product-type-variable"},"acf":[],"_links":{"self":[{"href":"https:\/\/zooprekes24.lt\/et\/wp-json\/wp\/v2\/product\/24173","targetHints":{"allow":["GET"]}}],"collection":[{"href":"https:\/\/zooprekes24.lt\/et\/wp-json\/wp\/v2\/product"}],"about":[{"href":"https:\/\/zooprekes24.lt\/et\/wp-json\/wp\/v2\/types\/product"}],"replies":[{"embeddable":true,"href":"https:\/\/zooprekes24.lt\/et\/wp-json\/wp\/v2\/comments?post=24173"}],"wp:featuredmedia":[{"embeddable":true,"href":"https:\/\/zooprekes24.lt\/et\/wp-json\/wp\/v2\/media\/29314"}],"wp:attachment":[{"href":"https:\/\/zooprekes24.lt\/et\/wp-json\/wp\/v2\/media?parent=24173"}],"wp:term":[{"taxonomy":"product_brand","embeddable":true,"href":"https:\/\/zooprekes24.lt\/et\/wp-json\/wp\/v2\/product_brand?post=24173"},{"taxonomy":"product_cat","embeddable":true,"href":"https:\/\/zooprekes24.lt\/et\/wp-json\/wp\/v2\/product_cat?post=24173"},{"taxonomy":"product_tag","embeddable":true,"href":"https:\/\/zooprekes24.lt\/et\/wp-json\/wp\/v2\/product_tag?post=24173"}],"curies":[{"name":"wp","href":"https:\/\/api.w.org\/{rel}","templated":true}]}}