{"id":24167,"date":"2024-04-19T13:31:08","date_gmt":"2024-04-19T10:31:08","guid":{"rendered":"https:\/\/zooprekes24.lt\/produktas\/fitmin-purity-puppy-chicken-salmon\/"},"modified":"2026-04-01T11:17:43","modified_gmt":"2026-04-01T09:17:43","slug":"fitmin-purity-puppy-kana-lohe","status":"publish","type":"product","link":"https:\/\/zooprekes24.lt\/et\/produktas\/fitmin-purity-puppy-chicken-salmon\/","title":{"rendered":"Fitmin Purity Puppy Puppy Chicken Salmon"},"content":{"rendered":"<h3>Fitmin Purity Puppy Chicken Salmon &#8211; ypatingai gardaus skonio, visavertis \u0161lapias\u00a0<a href=\"https:\/\/zooprekes24.lt\/kategorija\/prekes-sunims\/sunu-maistas\/slapias-maistas-sunims\/?filters=suns-amzius[235]\" target=\"_blank\" rel=\"noopener\">\u0117dalas \u0161uniukams<\/a>, pagamintas i\u0161 auk\u0161\u010diausios kokyb\u0117s vi\u0161tienos kr\u016btin\u0117l\u0117s m\u0117sos ir la\u0161i\u0161os. Ar J\u016bs\u0173 \u0161uo pasiruo\u0161es tikriems gurmani\u0161kiems potyriams? ;)<\/h3>\n<ul>\n<li>Nat\u016brali m\u0117sa.<\/li>\n<li>Didelis baltym\u0173 kiekis.<\/li>\n<li>Sud\u0117tyje n\u0117ra gr\u016bd\u0173, glitimo ar krakmolo.<\/li>\n<li><a href=\"https:\/\/www.fitmin.com\/en\/ingredients\" target=\"_blank\" rel=\"noopener\">Be konservant\u0173, dirbtini\u0173 da\u017eikli\u0173 ir GMO.<\/a><\/li>\n<li>Idealus pasirinkimas \u012fnoringiems jauniems \u0161unims.<\/li>\n<li>Puikus skonio suderinamumas naudojant kartu su Fitmin Purity sauso \u0117dalo linija.<\/li>\n<li>Pa\u017eenklintas &#8222;Butcher&#8217;s Quality&#8221; 5 \u017evaigd\u017ei\u0173 gurmani\u0161kos, auk\u0161\u010diausios r\u016b\u0161ies m\u0117sos \u012fvertinimu.<\/li>\n<\/ul>\n","protected":false},"excerpt":{"rendered":"<p>Fitmin Purity Puppy Chicken Salmon &#8211; ypatingai gardaus skonio, visavertis \u0161lapias\u00a0\u0117dalas \u0161uniukams, pagamintas i\u0161 auk\u0161\u010diausios kokyb\u0117s vi\u0161tienos kr\u016btin\u0117l\u0117s m\u0117sos ir la\u0161i\u0161os. Ar J\u016bs\u0173 \u0161uo pasiruo\u0161es tikriems gurmani\u0161kiems potyriams? ;) Nat\u016brali m\u0117sa. Didelis baltym\u0173 kiekis. Sud\u0117tyje n\u0117ra gr\u016bd\u0173, glitimo ar krakmolo. Be konservant\u0173, dirbtini\u0173 da\u017eikli\u0173 ir GMO. Idealus pasirinkimas \u012fnoringiems jauniems \u0161unims. Puikus skonio suderinamumas naudojant&#8230;<\/p>","protected":false},"featured_media":20524,"comment_status":"closed","ping_status":"closed","template":"","meta":{"_acf_changed":false,"slim_seo":{"title":"Fitmin Purity Puppy Chicken Salmon konservai \u0161uniukams - Zooprekes24","description":"Fitmin Purity Puppy Chicken Salmon on maitsva maitsega t\u00e4istoit kutsikatele, mis on valmistatud k\u00f5rgeima kvaliteediga kana rinnalihast."},"iawp_total_views":52},"product_brand":[],"product_cat":[9001,9051,9004,8999,29,31],"product_tag":[1036,1386,418],"class_list":{"0":"post-24167","1":"product","2":"type-product","3":"status-publish","4":"has-post-thumbnail","6":"product_cat-begrudis-maistas","7":"product_cat-fitmin-purity","8":"product_cat-slapias-maistas","9":"product_cat-sunims","10":"product_cat-sunu-maistas","11":"product_cat-sunu-prekiu-gamintojai","12":"product_tag-begrudziai-konservai-sunims","13":"product_tag-begrudziai-konservai-suniukams","14":"product_tag-konservuotas-maistas-sunims","15":"pa_pasaro-sudetis-lasisa","16":"pa_pasaro-sudetis-vistiena","17":"pa_pasaro-sudetis-zuvis","18":"pa_prekiu-zenklai-fitmin-purity","19":"pa_suns-amzius-jauniems","20":"pa_veisles-dydis-didelems-veislems","21":"pa_veisles-dydis-mazoms-veislems","22":"pa_veisles-dydis-vidutinems-veislems","23":"pa_veisles-dydis-visu-dydziu-veislems","25":"first","26":"instock","27":"sale","28":"featured","29":"taxable","30":"shipping-taxable","31":"purchasable","32":"product-type-variable"},"acf":[],"_links":{"self":[{"href":"https:\/\/zooprekes24.lt\/et\/wp-json\/wp\/v2\/product\/24167","targetHints":{"allow":["GET"]}}],"collection":[{"href":"https:\/\/zooprekes24.lt\/et\/wp-json\/wp\/v2\/product"}],"about":[{"href":"https:\/\/zooprekes24.lt\/et\/wp-json\/wp\/v2\/types\/product"}],"replies":[{"embeddable":true,"href":"https:\/\/zooprekes24.lt\/et\/wp-json\/wp\/v2\/comments?post=24167"}],"wp:featuredmedia":[{"embeddable":true,"href":"https:\/\/zooprekes24.lt\/et\/wp-json\/wp\/v2\/media\/20524"}],"wp:attachment":[{"href":"https:\/\/zooprekes24.lt\/et\/wp-json\/wp\/v2\/media?parent=24167"}],"wp:term":[{"taxonomy":"product_brand","embeddable":true,"href":"https:\/\/zooprekes24.lt\/et\/wp-json\/wp\/v2\/product_brand?post=24167"},{"taxonomy":"product_cat","embeddable":true,"href":"https:\/\/zooprekes24.lt\/et\/wp-json\/wp\/v2\/product_cat?post=24167"},{"taxonomy":"product_tag","embeddable":true,"href":"https:\/\/zooprekes24.lt\/et\/wp-json\/wp\/v2\/product_tag?post=24167"}],"curies":[{"name":"wp","href":"https:\/\/api.w.org\/{rel}","templated":true}]}}