{"id":24158,"date":"2024-04-19T13:30:53","date_gmt":"2024-04-19T10:30:53","guid":{"rendered":"https:\/\/zooprekes24.lt\/produktas\/fitmin-purity-beef-konservai-sunims\/"},"modified":"2026-04-01T11:14:54","modified_gmt":"2026-04-01T09:14:54","slug":"fitmin-purity-veiselihakonservid-koertele","status":"publish","type":"product","link":"https:\/\/zooprekes24.lt\/et\/produktas\/fitmin-purity-beef-konservai-sunims\/","title":{"rendered":"Fitmin Purity Beef konservid koertele"},"content":{"rendered":"<h3>Fitmin Purity Beef - eriti maitsev ja tervislik m\u00e4rgtoit.\u00a0<a href=\"https:\/\/zooprekes24.lt\/et\/kategorija\/prekes-sunims\/koeratoit\/slapias-maistas-sunims\/\" target=\"_blank\" rel=\"noopener\">Koeratoit<\/a>valmistatud k\u00f5rgeima kvaliteediga veiselihast. Kas teie koer on valmis t\u00f5eliseks gurmee-elamuseks? ;)<\/h3>\n<ul>\n<li>Looduslik liha.<\/li>\n<li>K\u00f5rge valgusisaldus.<\/li>\n<li>Ideaalne valik tujukatele koertele.<\/li>\n<li>Ei sisalda teravilja, gluteeni ega t\u00e4rklist.<\/li>\n<li><a href=\"https:\/\/www.fitmin.com\/en\/ingredients\" target=\"_blank\" rel=\"noopener\">Ei sisalda s\u00e4ilitusaineid, kunstlikke v\u00e4rvaineid ega GMOsid.<\/a><\/li>\n<li>Suurep\u00e4rane maitsesobivus, kui seda kasutatakse koos Fitmin Purity kuivtoitude valikuga.<\/li>\n<li>Selle lihakvaliteedi hinnang on 5 t\u00e4rni, mis t\u00e4histab gurmee- ja k\u00f5rgekvaliteedilist liha.<\/li>\n<\/ul>","protected":false},"excerpt":{"rendered":"<p>Fitmin Purity Beef &#8211; ypatingai gardaus skonio, visavertis \u0161lapias\u00a0\u0117dalas \u0161unims, pagamintas i\u0161 auk\u0161\u010diausios kokyb\u0117s jautienos m\u0117sos. Ar J\u016bs\u0173 \u0161uo pasiruo\u0161es tikriems gurmani\u0161kiems potyriams? ;) Nat\u016brali m\u0117sa. Didelis baltym\u0173 kiekis. Idealus pasirinkimas \u012fnoringiems \u0161unims. Sud\u0117tyje n\u0117ra gr\u016bd\u0173, glitimo ar krakmolo. Be konservant\u0173, dirbtini\u0173 da\u017eikli\u0173 ir GMO. Puikus skonio suderinamumas naudojant kartu su Fitmin Purity sauso \u0117dalo&#8230;<\/p>","protected":false},"featured_media":20519,"comment_status":"closed","ping_status":"closed","template":"","meta":{"_acf_changed":false,"slim_seo":{"title":"Fitmin Purity Beef konservai \u0161unims - Zooprekes24","description":"Fitmin Purity Beef on maitsva maitsega, t\u00e4isv\u00e4\u00e4rtuslik m\u00e4rja koeratoit, mis on valmistatud k\u00f5rgeima kvaliteediga veiselihast. Kas teie koer on valmis s\u00f6\u00f6ma"},"iawp_total_views":49},"product_brand":[],"product_cat":[9001,9051,9004,8999,29,31],"product_tag":[1036,418],"class_list":{"0":"post-24158","1":"product","2":"type-product","3":"status-publish","4":"has-post-thumbnail","6":"product_cat-begrudis-maistas","7":"product_cat-fitmin-purity","8":"product_cat-slapias-maistas","9":"product_cat-sunims","10":"product_cat-sunu-maistas","11":"product_cat-sunu-prekiu-gamintojai","12":"product_tag-begrudziai-konservai-sunims","13":"product_tag-konservuotas-maistas-sunims","14":"pa_pasaro-sudetis-jautiena","15":"pa_prekiu-zenklai-fitmin-purity","16":"pa_suns-amzius-senjorams","17":"pa_suns-amzius-suaugusiems","18":"pa_veisles-dydis-didelems-veislems","19":"pa_veisles-dydis-mazoms-veislems","20":"pa_veisles-dydis-vidutinems-veislems","21":"pa_veisles-dydis-visu-dydziu-veislems","23":"first","24":"outofstock","25":"featured","26":"taxable","27":"shipping-taxable","28":"purchasable","29":"product-type-variable"},"acf":[],"_links":{"self":[{"href":"https:\/\/zooprekes24.lt\/et\/wp-json\/wp\/v2\/product\/24158","targetHints":{"allow":["GET"]}}],"collection":[{"href":"https:\/\/zooprekes24.lt\/et\/wp-json\/wp\/v2\/product"}],"about":[{"href":"https:\/\/zooprekes24.lt\/et\/wp-json\/wp\/v2\/types\/product"}],"replies":[{"embeddable":true,"href":"https:\/\/zooprekes24.lt\/et\/wp-json\/wp\/v2\/comments?post=24158"}],"wp:featuredmedia":[{"embeddable":true,"href":"https:\/\/zooprekes24.lt\/et\/wp-json\/wp\/v2\/media\/20519"}],"wp:attachment":[{"href":"https:\/\/zooprekes24.lt\/et\/wp-json\/wp\/v2\/media?parent=24158"}],"wp:term":[{"taxonomy":"product_brand","embeddable":true,"href":"https:\/\/zooprekes24.lt\/et\/wp-json\/wp\/v2\/product_brand?post=24158"},{"taxonomy":"product_cat","embeddable":true,"href":"https:\/\/zooprekes24.lt\/et\/wp-json\/wp\/v2\/product_cat?post=24158"},{"taxonomy":"product_tag","embeddable":true,"href":"https:\/\/zooprekes24.lt\/et\/wp-json\/wp\/v2\/product_tag?post=24158"}],"curies":[{"name":"wp","href":"https:\/\/api.w.org\/{rel}","templated":true}]}}