{"id":24125,"date":"2024-04-19T13:30:39","date_gmt":"2024-04-19T10:30:39","guid":{"rendered":"https:\/\/zooprekes24.lt\/produktas\/brit-care-sustainable-junior-large-breed\/"},"modified":"2024-06-27T15:19:09","modified_gmt":"2024-06-27T12:19:09","slug":"briti-hoolduse-jatkusuutlik-junior-large-breed","status":"publish","type":"product","link":"https:\/\/zooprekes24.lt\/et\/produktas\/brit-care-sustainable-junior-large-breed\/","title":{"rendered":"Brit Care Sustainable Junior Large Breed Chicken &amp; Insect kuivtoit koertele 12 kg"},"content":{"rendered":"<h3>Brit Care Sustainable Junior Large Breed Chicken &amp; Insect - Super Premium, j\u00e4tkusuutlik ja keskkonnas\u00f5bralik kuivtoit, mis on spetsiaalselt koostatud tervisliku seedimise, stressi juhtimise, parema f\u00fc\u00fcsilise seisundi ja immuunsuse toetamiseks. Ideaalne noortele\u00a0<a href=\"https:\/\/zooprekes24.lt\/et\/?s=dideli\u0173+veisli\u0173+\u0161unims&amp;post_type=product\" target=\"_blank\" rel=\"noopener\">suurt t\u00f5ugu koertele<\/a>. See sisaldab kergesti seeditavat ja toitvat valku koos t\u00e4ielike aminohapetega, mis tagavad suurep\u00e4rase lihastoonuse ja terved koed. Gluteenivaba retsept sobib kasvavate noorte koerte seedimiseks.<\/h3>\n<ul>\n<li>Oomega rasvhapped toetavad keskn\u00e4rvis\u00fcsteemi n\u00f5uetekohast arengut.<\/li>\n<li>Kondroprotektorid aitavad s\u00e4ilitada terveid liigeseid, luid ja k\u00f5hre.<\/li>\n<li><a href=\"https:\/\/brit-petfood.com\/en\/company-profile\" target=\"_blank\" rel=\"noopener\">Brit Care<\/a> Sustainable Junior Large Breed on keskkonnas\u00f5bralik toit, mis on valmistatud j\u00e4tkusuutlikest valkudest ja koostisosadest, mis avaldavad 35 % v\u00f5rra v\u00e4iksemat keskkonnam\u00f5ju.<\/li>\n<\/ul>","protected":false},"excerpt":{"rendered":"<p>Brit Care Sustainable Junior Large Breed Chicken &amp; Insect &#8211; Super Premium,\u00a0tvarus ir draugi\u0161kas gamtai sausas maistas specialiai sukurtas sveikam vir\u0161kinimui, streso valdymui, geresnei fizinei b\u016bklei ir imuniteto palaikymui. Idealiai tinka jauniems\u00a0dideli\u0173 veisli\u0173 \u0161unims. Sud\u0117tyje yra lengvai vir\u0161kinam\u0173 ir maisting\u0173 baltym\u0173 su visavert\u0117mis amino r\u016bg\u0161timis, u\u017etikrinan\u010diomis puik\u0173 raumen\u0173 tonus\u0105 ir sveikus audinius. Receptas be glitimo&#8230;<\/p>","protected":false},"featured_media":27847,"comment_status":"closed","ping_status":"closed","template":"","meta":{"_acf_changed":false,"slim_seo":{"title":"Brit Care Sustainable Junior Large Breed Chicken & Insect sausas maistas \u0161unims 12 kg - Zooprekes24","description":"Brit Care Sustainable Junior Large Breed Chicken &amp; Insect - Super Premium, j\u00e4tkusuutlik ja keskkonnas\u00f5bralik kuivtoit, mis on spetsiaalselt koostatud tervisliku seedimise jaoks."},"iawp_total_views":31},"product_brand":[],"product_cat":[9029,9002,8999,29,31],"product_tag":[176,177,200],"class_list":{"0":"post-24125","1":"product","2":"type-product","3":"status-publish","4":"has-post-thumbnail","6":"product_cat-brit-care","7":"product_cat-sausas-maistas","8":"product_cat-sunims","9":"product_cat-sunu-maistas","10":"product_cat-sunu-prekiu-gamintojai","11":"product_tag-begrudis-sunu-maistas","12":"product_tag-edalas-sunims","13":"product_tag-super-premium-maistas-sunims","14":"pa_pasaro-sudetis-vabzdziai","15":"pa_pasaro-sudetis-vaisiai","16":"pa_pasaro-sudetis-vistiena","17":"pa_prekiu-zenklai-brit-care","18":"pa_suns-amzius-jauniems","19":"pa_veisles-dydis-didelems-veislems","21":"first","22":"instock","23":"featured","24":"taxable","25":"shipping-taxable","26":"purchasable","27":"product-type-simple"},"acf":[],"_links":{"self":[{"href":"https:\/\/zooprekes24.lt\/et\/wp-json\/wp\/v2\/product\/24125","targetHints":{"allow":["GET"]}}],"collection":[{"href":"https:\/\/zooprekes24.lt\/et\/wp-json\/wp\/v2\/product"}],"about":[{"href":"https:\/\/zooprekes24.lt\/et\/wp-json\/wp\/v2\/types\/product"}],"replies":[{"embeddable":true,"href":"https:\/\/zooprekes24.lt\/et\/wp-json\/wp\/v2\/comments?post=24125"}],"wp:featuredmedia":[{"embeddable":true,"href":"https:\/\/zooprekes24.lt\/et\/wp-json\/wp\/v2\/media\/27847"}],"wp:attachment":[{"href":"https:\/\/zooprekes24.lt\/et\/wp-json\/wp\/v2\/media?parent=24125"}],"wp:term":[{"taxonomy":"product_brand","embeddable":true,"href":"https:\/\/zooprekes24.lt\/et\/wp-json\/wp\/v2\/product_brand?post=24125"},{"taxonomy":"product_cat","embeddable":true,"href":"https:\/\/zooprekes24.lt\/et\/wp-json\/wp\/v2\/product_cat?post=24125"},{"taxonomy":"product_tag","embeddable":true,"href":"https:\/\/zooprekes24.lt\/et\/wp-json\/wp\/v2\/product_tag?post=24125"}],"curies":[{"name":"wp","href":"https:\/\/api.w.org\/{rel}","templated":true}]}}