{"id":24114,"date":"2024-04-19T13:30:13","date_gmt":"2024-04-19T10:30:13","guid":{"rendered":"https:\/\/zooprekes24.lt\/produktas\/royal-canin-neutered-balance-cat-padaze\/"},"modified":"2025-07-28T19:19:16","modified_gmt":"2025-07-28T17:19:16","slug":"royal-canin-kastreeritud-tasakaalu-kasside-kastreerimine","status":"publish","type":"product","link":"https:\/\/zooprekes24.lt\/et\/produktas\/royal-canin-neutered-balance-cat-padaze\/","title":{"rendered":"Royal Canin Neutered Balance kassikonservid kastmes"},"content":{"rendered":"<h3>\u00dcksikasjalik teave Royal Canin Neutered Balance kassikonservikastme kohta on hetkel koostamisel.<\/h3>\n<p><a ref=\"magnificPopup\" href=\"https:\/\/zooprekes24.lt\/wp-content\/uploads\/RC-mature-cat-e1677093599578.png\"><img loading=\"lazy\" decoding=\"async\" class=\"alignnone wp-image-25529\" src=\"https:\/\/zooprekes24.lt\/wp-content\/uploads\/RC-mature-cat-e1677093599578-1024x970.png\" alt=\"\" width=\"300\" height=\"284\" \/><\/a><\/p>","protected":false},"excerpt":{"rendered":"<p>\u00dcksikasjalik teave Royal Canin Neutered Balance kassikonservikastme kohta on hetkel koostamisel.<\/p>","protected":false},"featured_media":20498,"comment_status":"closed","ping_status":"closed","template":"","meta":{"_acf_changed":false,"slim_seo":{"title":"Royal Canin Neutered Balance konservai kat\u0117ms pada\u017ee - Zooprekes24","description":"\u00dcksikasjalik teave Royal Canin Neutered Balance kassikonservikastme kohta on hetkel koostamisel."},"iawp_total_views":376},"product_brand":[],"product_cat":[72,83,25,9242,9020,9037],"product_tag":[1817,1675,1682,2279],"class_list":{"0":"post-24114","1":"product","2":"type-product","3":"status-publish","4":"has-post-thumbnail","6":"product_cat-kaciu-maistas","7":"product_cat-kaciu-prekiu-gamintojai","8":"product_cat-katems","9":"product_cat-royal-canin-veterinary-diets-katems","10":"product_cat-slapias-maistas-kaciu-maistas","11":"product_cat-veterinarine-dieta-kaciu-maistas","12":"product_tag-edalas-katems","13":"product_tag-kaciu-edalas","14":"product_tag-kaciu-maistas-super-premium-klases","15":"product_tag-premium-maistas-katems","16":"pa_pasaro-sudetis-darzoves","17":"pa_pasaro-sudetis-kiauliena","18":"pa_pasaro-sudetis-ryziai","19":"pa_prekiu-zenklai-royal-canin-veterinary-diets","21":"first","22":"instock","23":"featured","24":"taxable","25":"shipping-taxable","26":"purchasable","27":"product-type-variable"},"acf":[],"_links":{"self":[{"href":"https:\/\/zooprekes24.lt\/et\/wp-json\/wp\/v2\/product\/24114","targetHints":{"allow":["GET"]}}],"collection":[{"href":"https:\/\/zooprekes24.lt\/et\/wp-json\/wp\/v2\/product"}],"about":[{"href":"https:\/\/zooprekes24.lt\/et\/wp-json\/wp\/v2\/types\/product"}],"replies":[{"embeddable":true,"href":"https:\/\/zooprekes24.lt\/et\/wp-json\/wp\/v2\/comments?post=24114"}],"wp:featuredmedia":[{"embeddable":true,"href":"https:\/\/zooprekes24.lt\/et\/wp-json\/wp\/v2\/media\/20498"}],"wp:attachment":[{"href":"https:\/\/zooprekes24.lt\/et\/wp-json\/wp\/v2\/media?parent=24114"}],"wp:term":[{"taxonomy":"product_brand","embeddable":true,"href":"https:\/\/zooprekes24.lt\/et\/wp-json\/wp\/v2\/product_brand?post=24114"},{"taxonomy":"product_cat","embeddable":true,"href":"https:\/\/zooprekes24.lt\/et\/wp-json\/wp\/v2\/product_cat?post=24114"},{"taxonomy":"product_tag","embeddable":true,"href":"https:\/\/zooprekes24.lt\/et\/wp-json\/wp\/v2\/product_tag?post=24114"}],"curies":[{"name":"wp","href":"https:\/\/api.w.org\/{rel}","templated":true}]}}