{"id":24090,"date":"2024-04-19T13:29:44","date_gmt":"2024-04-19T10:29:44","guid":{"rendered":"https:\/\/zooprekes24.lt\/produktas\/royal-canin-urinary-moderate-calorie-cat\/"},"modified":"2025-07-28T19:27:05","modified_gmt":"2025-07-28T17:27:05","slug":"royal-canin-uriiniga-moodukalt-kaloriline-kass","status":"publish","type":"product","link":"https:\/\/zooprekes24.lt\/et\/produktas\/royal-canin-urinary-moderate-calorie-cat\/","title":{"rendered":"Royal Canin Urinary S\/O M\u00f5\u00f5dukas kalorsusega kuivtoit kassidele"},"content":{"rendered":"<h3>\u00dcksikasjalik teave Royal Canin Urinary S\/O M\u00f5\u00f5dukas kalorsusega kasside kuivtoit on hetkel koostamisel.<\/h3>\n<p><a ref=\"magnificPopup\" href=\"https:\/\/zooprekes24.lt\/wp-content\/uploads\/2023\/02\/RC-mature-cat.png\"><img loading=\"lazy\" decoding=\"async\" class=\"alignnone wp-image-25529\" src=\"https:\/\/zooprekes24.lt\/wp-content\/uploads\/RC-mature-cat-e1677093599578-1024x970.png\" alt=\"\" width=\"300\" height=\"285\" \/><\/a><\/p>","protected":false},"excerpt":{"rendered":"<p>\u00dcksikasjalik teave Royal Canin Urinary S\/O M\u00f5\u00f5dukas kalorsusega kasside kuivtoit on hetkel koostamisel.<\/p>","protected":false},"featured_media":20475,"comment_status":"closed","ping_status":"closed","template":"","meta":{"_acf_changed":false,"slim_seo":{"title":"Royal Canin Urinary S\/O Moderate Calorie sausas maistas kat\u0117ms - Zooprekes24","description":"\u00dcksikasjalik teave Royal Canin Urinary S\/O M\u00f5\u00f5dukas kalorsusega kasside kuivtoit on hetkel koostamisel."},"iawp_total_views":763},"product_brand":[],"product_cat":[72,83,25,9242,9016,9037],"product_tag":[2269,1817,1675,1682,1696],"class_list":{"0":"post-24090","1":"product","2":"type-product","3":"status-publish","4":"has-post-thumbnail","6":"product_cat-kaciu-maistas","7":"product_cat-kaciu-prekiu-gamintojai","8":"product_cat-katems","9":"product_cat-royal-canin-veterinary-diets-katems","10":"product_cat-sausas-maistas-kaciu-maistas","11":"product_cat-veterinarine-dieta-kaciu-maistas","12":"product_tag-akmenlige-katems","13":"product_tag-edalas-katems","14":"product_tag-kaciu-edalas","15":"product_tag-kaciu-maistas-super-premium-klases","16":"product_tag-super-premium-maistas-katems","17":"pa_pasaro-sudetis-darzoves","18":"pa_pasaro-sudetis-paukstiena","19":"pa_pasaro-sudetis-ryziai","20":"pa_prekiu-zenklai-royal-canin-veterinary-diets","22":"first","23":"instock","24":"taxable","25":"shipping-taxable","26":"purchasable","27":"product-type-variable"},"acf":[],"_links":{"self":[{"href":"https:\/\/zooprekes24.lt\/et\/wp-json\/wp\/v2\/product\/24090","targetHints":{"allow":["GET"]}}],"collection":[{"href":"https:\/\/zooprekes24.lt\/et\/wp-json\/wp\/v2\/product"}],"about":[{"href":"https:\/\/zooprekes24.lt\/et\/wp-json\/wp\/v2\/types\/product"}],"replies":[{"embeddable":true,"href":"https:\/\/zooprekes24.lt\/et\/wp-json\/wp\/v2\/comments?post=24090"}],"wp:featuredmedia":[{"embeddable":true,"href":"https:\/\/zooprekes24.lt\/et\/wp-json\/wp\/v2\/media\/20475"}],"wp:attachment":[{"href":"https:\/\/zooprekes24.lt\/et\/wp-json\/wp\/v2\/media?parent=24090"}],"wp:term":[{"taxonomy":"product_brand","embeddable":true,"href":"https:\/\/zooprekes24.lt\/et\/wp-json\/wp\/v2\/product_brand?post=24090"},{"taxonomy":"product_cat","embeddable":true,"href":"https:\/\/zooprekes24.lt\/et\/wp-json\/wp\/v2\/product_cat?post=24090"},{"taxonomy":"product_tag","embeddable":true,"href":"https:\/\/zooprekes24.lt\/et\/wp-json\/wp\/v2\/product_tag?post=24090"}],"curies":[{"name":"wp","href":"https:\/\/api.w.org\/{rel}","templated":true}]}}