{"id":24076,"date":"2024-04-19T13:29:29","date_gmt":"2024-04-19T10:29:29","guid":{"rendered":"https:\/\/zooprekes24.lt\/produktas\/royal-canin-hypoallergenic-katems\/"},"modified":"2025-07-28T18:50:16","modified_gmt":"2025-07-28T16:50:16","slug":"royal-canin-hupoallergeensed-kassid","status":"publish","type":"product","link":"https:\/\/zooprekes24.lt\/et\/produktas\/royal-canin-hypoallergenic-katems\/","title":{"rendered":"Royal Canin Hypoallergenic kuivtoit kassidele"},"content":{"rendered":"<h3>\u00dcksikasjalik teave Royal Canin Hypoallergenic kasside kuivtoidu kohta on praegu v\u00e4ljat\u00f6\u00f6tamisel.<\/h3>\n<p><a ref=\"magnificPopup\" href=\"https:\/\/zooprekes24.lt\/wp-content\/uploads\/2023\/02\/RC-mature-cat.png\"><img loading=\"lazy\" decoding=\"async\" class=\"alignnone wp-image-25529\" src=\"https:\/\/zooprekes24.lt\/wp-content\/uploads\/RC-mature-cat-e1677093599578-1024x970.png\" alt=\"\" width=\"299\" height=\"284\" \/><\/a><\/p>","protected":false},"excerpt":{"rendered":"<p>\u00dcksikasjalik teave Royal Canin Hypoallergenic kasside kuivtoidu kohta on praegu v\u00e4ljat\u00f6\u00f6tamisel.<\/p>","protected":false},"featured_media":20467,"comment_status":"closed","ping_status":"closed","template":"","meta":{"_acf_changed":false,"slim_seo":{"title":"Royal Canin Hypoallergenic sausas maistas kat\u0117ms - Zooprekes24","description":"\u00dcksikasjalik teave Royal Canin Hypoallergenic kasside kuivtoidu kohta on praegu v\u00e4ljat\u00f6\u00f6tamisel."},"iawp_total_views":836},"product_brand":[],"product_cat":[72,83,25,9242,9016,9037],"product_tag":[5069,1817,1675,1682,1696],"class_list":{"0":"post-24076","1":"product","2":"type-product","3":"status-publish","4":"has-post-thumbnail","6":"product_cat-kaciu-maistas","7":"product_cat-kaciu-prekiu-gamintojai","8":"product_cat-katems","9":"product_cat-royal-canin-veterinary-diets-katems","10":"product_cat-sausas-maistas-kaciu-maistas","11":"product_cat-veterinarine-dieta-kaciu-maistas","12":"product_tag-alergiska-kate","13":"product_tag-edalas-katems","14":"product_tag-kaciu-edalas","15":"product_tag-kaciu-maistas-super-premium-klases","16":"product_tag-super-premium-maistas-katems","17":"pa_pasaro-sudetis-darzoves","18":"pa_pasaro-sudetis-kepeneles","19":"pa_pasaro-sudetis-ryziai","20":"pa_prekiu-zenklai-royal-canin-veterinary-diets","22":"first","23":"instock","24":"taxable","25":"shipping-taxable","26":"purchasable","27":"product-type-variable"},"acf":[],"_links":{"self":[{"href":"https:\/\/zooprekes24.lt\/et\/wp-json\/wp\/v2\/product\/24076","targetHints":{"allow":["GET"]}}],"collection":[{"href":"https:\/\/zooprekes24.lt\/et\/wp-json\/wp\/v2\/product"}],"about":[{"href":"https:\/\/zooprekes24.lt\/et\/wp-json\/wp\/v2\/types\/product"}],"replies":[{"embeddable":true,"href":"https:\/\/zooprekes24.lt\/et\/wp-json\/wp\/v2\/comments?post=24076"}],"wp:featuredmedia":[{"embeddable":true,"href":"https:\/\/zooprekes24.lt\/et\/wp-json\/wp\/v2\/media\/20467"}],"wp:attachment":[{"href":"https:\/\/zooprekes24.lt\/et\/wp-json\/wp\/v2\/media?parent=24076"}],"wp:term":[{"taxonomy":"product_brand","embeddable":true,"href":"https:\/\/zooprekes24.lt\/et\/wp-json\/wp\/v2\/product_brand?post=24076"},{"taxonomy":"product_cat","embeddable":true,"href":"https:\/\/zooprekes24.lt\/et\/wp-json\/wp\/v2\/product_cat?post=24076"},{"taxonomy":"product_tag","embeddable":true,"href":"https:\/\/zooprekes24.lt\/et\/wp-json\/wp\/v2\/product_tag?post=24076"}],"curies":[{"name":"wp","href":"https:\/\/api.w.org\/{rel}","templated":true}]}}