{"id":24048,"date":"2024-04-19T13:29:04","date_gmt":"2024-04-19T10:29:04","guid":{"rendered":"https:\/\/zooprekes24.lt\/produktas\/royal-canin-recovery-putesiai\/"},"modified":"2026-03-09T12:43:51","modified_gmt":"2026-03-09T10:43:51","slug":"royal-canin-taastumisvaht","status":"publish","type":"product","link":"https:\/\/zooprekes24.lt\/et\/produktas\/royal-canin-recovery-putesiai\/","title":{"rendered":"Royal Canin Recovery mousse koertele ja kassidele kastmes"},"content":{"rendered":"<h3>Royal Canin Recovery Mousse'i \u00fcksikasjad koertele ja kassidele kastmes on praegu koostamisel.<\/h3>\n<p><a ref=\"magnificPopup\" href=\"https:\/\/zooprekes24.lt\/wp-content\/uploads\/2023\/02\/RC-dog-and-cat.png\"><img loading=\"lazy\" decoding=\"async\" class=\"alignnone wp-image-25470\" src=\"https:\/\/zooprekes24.lt\/wp-content\/uploads\/RC-dog-and-cat-e1677008974552-1024x982.png\" alt=\"\" width=\"302\" height=\"290\" \/><\/a><\/p>","protected":false},"excerpt":{"rendered":"<p>Royal Canin Recovery Mousse'i \u00fcksikasjad koertele ja kassidele kastmes on praegu koostamisel.<\/p>","protected":false},"featured_media":20446,"comment_status":"closed","ping_status":"closed","template":"","meta":{"_acf_changed":false,"slim_seo":{"title":"Royal Canin Recovery put\u0117siai \u0161unims ir kat\u0117ms pada\u017ee - Zooprekes24","description":"Royal Canin Recovery Mousse'i \u00fcksikasjad koertele ja kassidele kastmes on praegu koostamisel."},"iawp_total_views":290},"product_brand":[],"product_cat":[72,83,25,9241,9242,9004,9020,8999,29,31,9035,9037],"product_tag":[4413,1817,177,1682,2279,4429],"class_list":{"0":"post-24048","1":"product","2":"type-product","3":"status-publish","4":"has-post-thumbnail","6":"product_cat-kaciu-maistas","7":"product_cat-kaciu-prekiu-gamintojai","8":"product_cat-katems","9":"product_cat-royal-canin-veterinary-diets-sunims","10":"product_cat-royal-canin-veterinary-diets-katems","11":"product_cat-slapias-maistas","12":"product_cat-slapias-maistas-kaciu-maistas","13":"product_cat-sunims","14":"product_cat-sunu-maistas","15":"product_cat-sunu-prekiu-gamintojai","16":"product_cat-veterinarine-dieta","17":"product_cat-veterinarine-dieta-kaciu-maistas","18":"product_tag-dietinis-maistas-sunims","19":"product_tag-edalas-katems","20":"product_tag-edalas-sunims","21":"product_tag-kaciu-maistas-super-premium-klases","22":"product_tag-premium-maistas-katems","23":"product_tag-premium-maistas-sunims","24":"pa_pasaro-sudetis-darzoves","25":"pa_pasaro-sudetis-kiauliena","26":"pa_pasaro-sudetis-paukstiena","27":"pa_prekiu-zenklai-royal-canin-veterinary-diets","28":"pa_suns-amzius-senjorams","29":"pa_suns-amzius-suaugusiems","30":"pa_veisles-dydis-didelems-veislems","31":"pa_veisles-dydis-mazoms-veislems","32":"pa_veisles-dydis-vidutinems-veislems","33":"pa_veisles-dydis-visu-dydziu-veislems","35":"first","36":"instock","37":"featured","38":"taxable","39":"shipping-taxable","40":"purchasable","41":"product-type-variable"},"acf":[],"_links":{"self":[{"href":"https:\/\/zooprekes24.lt\/et\/wp-json\/wp\/v2\/product\/24048","targetHints":{"allow":["GET"]}}],"collection":[{"href":"https:\/\/zooprekes24.lt\/et\/wp-json\/wp\/v2\/product"}],"about":[{"href":"https:\/\/zooprekes24.lt\/et\/wp-json\/wp\/v2\/types\/product"}],"replies":[{"embeddable":true,"href":"https:\/\/zooprekes24.lt\/et\/wp-json\/wp\/v2\/comments?post=24048"}],"wp:featuredmedia":[{"embeddable":true,"href":"https:\/\/zooprekes24.lt\/et\/wp-json\/wp\/v2\/media\/20446"}],"wp:attachment":[{"href":"https:\/\/zooprekes24.lt\/et\/wp-json\/wp\/v2\/media?parent=24048"}],"wp:term":[{"taxonomy":"product_brand","embeddable":true,"href":"https:\/\/zooprekes24.lt\/et\/wp-json\/wp\/v2\/product_brand?post=24048"},{"taxonomy":"product_cat","embeddable":true,"href":"https:\/\/zooprekes24.lt\/et\/wp-json\/wp\/v2\/product_cat?post=24048"},{"taxonomy":"product_tag","embeddable":true,"href":"https:\/\/zooprekes24.lt\/et\/wp-json\/wp\/v2\/product_tag?post=24048"}],"curies":[{"name":"wp","href":"https:\/\/api.w.org\/{rel}","templated":true}]}}