{"id":24014,"date":"2024-04-19T13:28:34","date_gmt":"2024-04-19T10:28:34","guid":{"rendered":"https:\/\/zooprekes24.lt\/produktas\/brit-care-hypoallergenic-puppy-lamb\/"},"modified":"2024-09-26T12:01:21","modified_gmt":"2024-09-26T09:01:21","slug":"brit-care-hupoallergeenne-lambakutsikas-lambaliha","status":"publish","type":"product","link":"https:\/\/zooprekes24.lt\/et\/produktas\/brit-care-hypoallergenic-puppy-lamb\/","title":{"rendered":"Brit Care Hypoallergenic Puppy Lamb kuivtoit kutsikatele"},"content":{"rendered":"<h3>Brit Care Hypoallergenic Puppy Lamb - Super Premium, h\u00fcpoallergeenne \u00fche valgu sisaldav toit kutsikatele allergiliste reaktsioonide v\u00e4ltimiseks. Valitud valguallikad v\u00e4hendavad allergiliste reaktsioonide t\u00f5en\u00e4osust. Sobib eriti h\u00e4sti tundliku seedimisega koertele ja eriliste toitumisn\u00f5uetega lemmikloomadele. Koostis on rikastatud probiootikumidega, et tasakaalustada noore koera arenevat soolestiku mikrofloorat.<\/h3>\n<ul>\n<li>Kalorite, kaltsiumi ja fosfori ideaalne suhe aitab toetada teie kutsika stabiilset ja tervislikku kasvu.<\/li>\n<li>Kondroprotektorid aitavad s\u00e4ilitada liigeste, luude ja k\u00f5hrede tervislikku kasvu ja arengut.<\/li>\n<li><a href=\"https:\/\/krmivo-brit.cz\/cs\" target=\"_blank\" rel=\"noopener\">Brit Care<\/a> H\u00fcpoallergeenne <a href=\"https:\/\/zooprekes24.lt\/et\/?s=puppy&amp;post_type=product\" target=\"_blank\" rel=\"noopener\">Kutsikas<\/a> Lamb's toidus sisalduvad probiootikumid ja antioks\u00fcdandid tugevdavad teie lemmiklooma immuuns\u00fcsteemi ja toetavad head seedimistoimimist.<\/li>\n<\/ul>","protected":false},"excerpt":{"rendered":"<p>Brit Care Hypoallergenic Puppy Lamb &#8211; Super Premium, hipoalerginis vieno baltymo maistas \u0161uniukams, skirtas alergini\u0173 reakcij\u0173 prevencijai. Atrinkti baltym\u0173 \u0161altiniai ma\u017eina alergini\u0173 reakcij\u0173 tikimyb\u0119. Maistas ypa\u010d tinka \u0161unims, kurie turi jautr\u0173 vir\u0161kinim\u0105, taip pat augintiniams, turintiems speciali\u0173 mitybos reikalavim\u0173. Formul\u0117 praturtinta probiotikais, kurie balansuoja jauno \u0161uns besiformuojan\u010di\u0105 \u017earnyno mikroflor\u0105. Idealus kalorij\u0173, kalcio ir fosforo santykis&#8230;<\/p>","protected":false},"featured_media":27598,"comment_status":"closed","ping_status":"closed","template":"","meta":{"_acf_changed":false,"slim_seo":{"title":"Brit Care Hypoallergenic Puppy Lamb sausas maistas \u0161uniukams - Zooprekes24","description":"Brit Care Hypoallergenic Puppy Lamb - Super Premium, h\u00fcpoallergeenne \u00fche valgu sisaldav toit kutsikatele allergiliste reaktsioonide v\u00e4ltimiseks. Valitud valguallikad"},"iawp_total_views":264},"product_brand":[],"product_cat":[9029,9002,8999,29,31],"product_tag":[177,200],"class_list":{"0":"post-24014","1":"product","2":"type-product","3":"status-publish","4":"has-post-thumbnail","6":"product_cat-brit-care","7":"product_cat-sausas-maistas","8":"product_cat-sunims","9":"product_cat-sunu-maistas","10":"product_cat-sunu-prekiu-gamintojai","11":"product_tag-edalas-sunims","12":"product_tag-super-premium-maistas-sunims","13":"pa_pasaro-sudetis-eriena","14":"pa_pasaro-sudetis-ryziai","15":"pa_pasaro-sudetis-vaisiai","16":"pa_prekiu-zenklai-brit-care","17":"pa_suns-amzius-jauniems","18":"pa_veisles-dydis-didelems-veislems","19":"pa_veisles-dydis-mazoms-veislems","20":"pa_veisles-dydis-vidutinems-veislems","21":"pa_veisles-dydis-visu-dydziu-veislems","23":"first","24":"instock","25":"featured","26":"taxable","27":"shipping-taxable","28":"purchasable","29":"product-type-variable"},"acf":[],"_links":{"self":[{"href":"https:\/\/zooprekes24.lt\/et\/wp-json\/wp\/v2\/product\/24014","targetHints":{"allow":["GET"]}}],"collection":[{"href":"https:\/\/zooprekes24.lt\/et\/wp-json\/wp\/v2\/product"}],"about":[{"href":"https:\/\/zooprekes24.lt\/et\/wp-json\/wp\/v2\/types\/product"}],"replies":[{"embeddable":true,"href":"https:\/\/zooprekes24.lt\/et\/wp-json\/wp\/v2\/comments?post=24014"}],"wp:featuredmedia":[{"embeddable":true,"href":"https:\/\/zooprekes24.lt\/et\/wp-json\/wp\/v2\/media\/27598"}],"wp:attachment":[{"href":"https:\/\/zooprekes24.lt\/et\/wp-json\/wp\/v2\/media?parent=24014"}],"wp:term":[{"taxonomy":"product_brand","embeddable":true,"href":"https:\/\/zooprekes24.lt\/et\/wp-json\/wp\/v2\/product_brand?post=24014"},{"taxonomy":"product_cat","embeddable":true,"href":"https:\/\/zooprekes24.lt\/et\/wp-json\/wp\/v2\/product_cat?post=24014"},{"taxonomy":"product_tag","embeddable":true,"href":"https:\/\/zooprekes24.lt\/et\/wp-json\/wp\/v2\/product_tag?post=24014"}],"curies":[{"name":"wp","href":"https:\/\/api.w.org\/{rel}","templated":true}]}}