{"id":23983,"date":"2024-04-19T13:28:09","date_gmt":"2024-04-19T10:28:09","guid":{"rendered":"https:\/\/zooprekes24.lt\/produktas\/fitmin-medium-maxi-light-senior-lamb-beef\/"},"modified":"2026-02-26T16:15:25","modified_gmt":"2026-02-26T14:15:25","slug":"fitmin-medium-maxi-light-senior-lamb-beef-sausas-maistas-sunims-12kg","status":"publish","type":"product","link":"https:\/\/zooprekes24.lt\/et\/produktas\/fitmin-medium-maxi-light-senior-lamb-beef-sausas-maistas-sunims-12kg\/","title":{"rendered":"Fitmin Medium Maxi Light Senior Lamb &amp; Beef sausas maistas \u0161unims 12 kg"},"content":{"rendered":"<h3>Fitmin Medium Maxi Light Senior Lamb &amp; Beef on Super Premium kuivtoit, mis sobib t\u00e4iskasvanud v\u00e4ikest t\u00f5ugu (15 kg ja rohkem) koertele vanuses 1-7 aastat (vananemisprotsessi aeglustamiseks), samuti vanematele koertele alates 7. eluaastast. Uus Fitmin Nutritional Program sortiment on valmistatud eranditult k\u00f5rgeima kvaliteediga lambalihast ja veiselihast. T\u00e4nu sellele ainulaadsele koostisele ei v\u00e4hene mitte ainult lemmiklooma allergiliste reaktsioonide oht, vaid ka koera immuunsus on tugevdatud ja toote seeditavus on suurep\u00e4rane. Toit aeglustab vananemisprotsessi, v\u00e4hendab liigse s\u00f6\u00f6mise ohtu ja minimeerib lemmiklooma v\u00f5imalikke seedeprobleeme.<\/h3>\n<ul>\n<li>Valem sisaldab koguni 74,5% loomset valku ja 50% v\u00e4rsket lambaliha.<\/li>\n<li>H\u00fcpoallergeenne koostis, mis on kohandatud tundlike, allergiliste ja toidutalumatusega koerte vajadustele.<\/li>\n<li>Fitmin Medium Maxi Light Senior Lamb &amp; Beef sisaldab mustikaid ja musts\u00f5straid, mis toimivad looduslike antioks\u00fcdantidena, mis kaitsevad rakke vabade radikaalide eest.<\/li>\n<li><a href=\"https:\/\/zooprekes24.lt\/et\/toode\/dr-clauders-barf-lassi-oli\/\">L\u00f5he\u00f5li<\/a> on suurep\u00e4rane Omega-3 ja Omega-6 rasvhapete (EPA ja DHA) allikas, mis toidavad ja niisutavad koera karvkatte ja nahka.<\/li>\n<li>Kondroitiinsulfaat ja gl\u00fckoosamiin tugevdavad teie lemmiklooma k\u00f5hre, k\u00f5\u00f5luseid ja sidemeteid, aitavad kaasa kollageeni moodustumisele ja suurendavad mehaanilist vastupidavust.<\/li>\n<li><a href=\"https:\/\/www.fitmin.cz\" target=\"_blank\" rel=\"noopener\">Fitmin<\/a> Medium Maxi Light Senior Lamb &amp; Beef sisaldab valge plantaini seemneid, mis soodustavad pikaajalist k\u00fcllastustunnet ja v\u00e4hendavad toidu tarbimist.<\/li>\n<li>Roosi\u00f5ied sisaldavad rohkesti C-vitamiini, millel on positiivne m\u00f5ju koera kuseteede ja neerude tervislikule toimimisele.<\/li>\n<li>Lambaliha ei kasuta: kodulinde ega kana, nisu, maisi, soja ega GMOsid.<\/li>\n<li>Toode on pakendatud keskkonnas\u00f5bralikku, k\u00e4epidemega ja ziplock-kinnitusega keskkonnas\u00f5bralikku pakenditesse.<\/li>\n<\/ul>","protected":false},"excerpt":{"rendered":"<p>Fitmin Medium Maxi Light Senior Lamb &amp; Beef &#8211; visavertis Super Premium klas\u0117s sausas maistas pritaikytas suaugusiems, ma\u017e\u0173 veisli\u0173 (nuo 15 kg) \u0161unims nuo 1 iki 7 met\u0173 am\u017eiaus (sen\u0117jimo proces\u0173 l\u0117tinimas) taip pat ir vyresnio am\u017eiaus \u0161unims nuo 7 met\u0173. Nauja Fitmin Nutritional Program pa\u0161ar\u0173 linija yra gaminama i\u0161skirtinai i\u0161 auk\u0161\u010diausios kokyb\u0117s \u0117rienos ir&#8230;<\/p>","protected":false},"featured_media":20413,"comment_status":"closed","ping_status":"closed","template":"","meta":{"_acf_changed":false,"slim_seo":{"title":"Fitmin Medium Maxi Light Senior Lamb &amp; Beef sausas maistas \u0161unims 12 kg - Zooprekes24","description":"Fitmin Medium Maxi Light Senior Lamb &amp; Beef on t\u00e4isv\u00e4\u00e4rtuslik Super Premium kuivtoit, mis sobib t\u00e4iskasvanud v\u00e4ikest t\u00f5ugu koertele (alates 15 kg) alates 1"},"iawp_total_views":174},"product_brand":[],"product_cat":[9044,9002,8999,29,31],"product_tag":[427],"class_list":{"0":"post-23983","1":"product","2":"type-product","3":"status-publish","4":"has-post-thumbnail","6":"product_cat-fitmin-nutritional-programme","7":"product_cat-sausas-maistas","8":"product_cat-sunims","9":"product_cat-sunu-maistas","10":"product_cat-sunu-prekiu-gamintojai","11":"product_tag-fitmin-edalas-sunims","12":"pa_pasaro-sudetis-eriena","13":"pa_pasaro-sudetis-jautiena","14":"pa_prekiu-zenklai-fitmin-nutritional-programme","15":"pa_suns-amzius-senjorams","16":"pa_suns-amzius-suaugusiems","17":"pa_veisles-dydis-didelems-veislems","18":"pa_veisles-dydis-vidutinems-veislems","20":"first","21":"instock","22":"taxable","23":"shipping-taxable","24":"purchasable","25":"product-type-simple"},"acf":[],"_links":{"self":[{"href":"https:\/\/zooprekes24.lt\/et\/wp-json\/wp\/v2\/product\/23983","targetHints":{"allow":["GET"]}}],"collection":[{"href":"https:\/\/zooprekes24.lt\/et\/wp-json\/wp\/v2\/product"}],"about":[{"href":"https:\/\/zooprekes24.lt\/et\/wp-json\/wp\/v2\/types\/product"}],"replies":[{"embeddable":true,"href":"https:\/\/zooprekes24.lt\/et\/wp-json\/wp\/v2\/comments?post=23983"}],"wp:featuredmedia":[{"embeddable":true,"href":"https:\/\/zooprekes24.lt\/et\/wp-json\/wp\/v2\/media\/20413"}],"wp:attachment":[{"href":"https:\/\/zooprekes24.lt\/et\/wp-json\/wp\/v2\/media?parent=23983"}],"wp:term":[{"taxonomy":"product_brand","embeddable":true,"href":"https:\/\/zooprekes24.lt\/et\/wp-json\/wp\/v2\/product_brand?post=23983"},{"taxonomy":"product_cat","embeddable":true,"href":"https:\/\/zooprekes24.lt\/et\/wp-json\/wp\/v2\/product_cat?post=23983"},{"taxonomy":"product_tag","embeddable":true,"href":"https:\/\/zooprekes24.lt\/et\/wp-json\/wp\/v2\/product_tag?post=23983"}],"curies":[{"name":"wp","href":"https:\/\/api.w.org\/{rel}","templated":true}]}}