{"id":23977,"date":"2024-04-19T13:28:09","date_gmt":"2024-04-19T10:28:09","guid":{"rendered":"https:\/\/zooprekes24.lt\/produktas\/fitmin-medium-maxi-performance-lamb\/"},"modified":"2026-04-03T15:20:52","modified_gmt":"2026-04-03T13:20:52","slug":"fitmin-medium-maxi-performance-lamb-beef-sausas-maistas-sunims-12kg","status":"publish","type":"product","link":"https:\/\/zooprekes24.lt\/et\/produktas\/fitmin-medium-maxi-performance-lamb-beef-sausas-maistas-sunims-12kg\/","title":{"rendered":"Fitmin Medium Maxi Performance Lamb &amp; Beef sausas maistas \u0161unims 12 kg"},"content":{"rendered":"<h3>Fitmin Medium Maxi Performance Lamb &amp; Beef on Super Premium kuivtoit t\u00e4iskasvanud, keskmise suurusega ja suurtele t\u00f5ugudele (15 kg ja rohkem) vanuses 1 kuni 7 aastat. Uus Fitmin Nutritional Program sari on valmistatud eranditult k\u00f5rgeima kvaliteediga lamba- ja veiselihast. See ainulaadne koostis mitte ainult ei v\u00e4henda lemmiklooma allergiliste reaktsioonide ohtu, vaid tugevdab ka koera immuunsust ja tagab suurep\u00e4rase seeditavuse. Toit aitab toetada aktiivsete, keskmiste ja suurte t\u00f5ugude energia- ja vastupidavusvajadust.<\/h3>\n<ul>\n<li>Valem sisaldab kuni 81% loomset valku ja 50% v\u00e4rsket lambaliha.<\/li>\n<li>H\u00fcpoallergeenne koostis, mis on kohandatud tundlike, allergiliste ja toidutalumatusega koerte vajadustele.<\/li>\n<li>Fitmin Medium Maxi Performance Lamb &amp; Beef sisaldab mustikaid ja musts\u00f5straid, mis toimivad looduslike antioks\u00fcdantidena, mis kaitsevad rakke vabade radikaalide eest.<\/li>\n<li><a href=\"https:\/\/zooprekes24.lt\/et\/toode\/dr-clauders-barf-lassi-oli\/\">L\u00f5he\u00f5li<\/a> on suurep\u00e4rane Omega-3 ja Omega-6 rasvhapete (EPA ja DHA) allikas, mis toidavad ja niisutavad koera karvkatte ja nahka. EPA-l on looduslik p\u00f5letikuvastane toime, DHA aga osaleb aju ja v\u00f5rkkesta \u00fclesehituses.<\/li>\n<li>Kondroitiinsulfaat ja gl\u00fckoosamiin tugevdavad teie lemmiklooma k\u00f5hre, k\u00f5\u00f5luseid ja sidemeteid, aitavad kaasa kollageeni moodustumisele ja suurendavad mehaanilist vastupidavust.<\/li>\n<li><a href=\"https:\/\/www.fitmin.cz\" target=\"_blank\" rel=\"noopener\">Fitmin<\/a> Medium Maxi Performance Lamb &amp; Beef sisaldab L-karnitiini, et toetada s\u00fcdame tervislikku talitlust ja optimaalset lihastoonust.<\/li>\n<li>Piimaohakas parandab ainevahetust, tal on puhastav funktsioon ja p\u00f5letikuvastased omadused.<\/li>\n<li>Lambaliha ei kasuta: kodulinde ega kana, nisu, maisi, soja ega GMOsid.<\/li>\n<li>Toode on pakendatud keskkonnas\u00f5bralikku, k\u00e4epidemega ja ziplock-kinnitusega keskkonnas\u00f5bralikku pakenditesse.<\/li>\n<\/ul>","protected":false},"excerpt":{"rendered":"<p>Fitmin Medium Maxi Performance Lamb &amp; Beef &#8211; visavertis Super Premium klas\u0117s sausas maistas\u00a0suaugusiems,\u00a0vidutini\u0173 ir dideli\u0173 veisli\u0173 (nuo 15 kg)\u00a0\u0161unims nuo 1 iki 7 met\u0173 am\u017eiaus.\u00a0Nauja Fitmin Nutritional Program pa\u0161ar\u0173 linija yra gaminama i\u0161skirtinai i\u0161 auk\u0161\u010diausios kokyb\u0117s \u0117rienos ir jautienos m\u0117sos. D\u0117ka \u0161ios unikalios kompozicijos ne tik suma\u017einama augintinio alergini\u0173 reakcij\u0173 rizika, bet ir stiprinamas&#8230;<\/p>","protected":false},"featured_media":3928,"comment_status":"closed","ping_status":"closed","template":"","meta":{"_acf_changed":false,"slim_seo":{"title":"Fitmin Medium Maxi Performance Lamb &amp; Beef sausas maistas \u0161unims 12 kg - Zooprekes24","description":"Fitmin Medium Maxi Performance Lamb &amp; Beef on t\u00e4isv\u00e4\u00e4rtuslik Super Premium kuivtoit t\u00e4iskasvanud, keskmise suurusega ja suurtele t\u00f5ugudele (alates 15 kg) alates"},"iawp_total_views":214},"product_brand":[],"product_cat":[9044,9002,8999,29,31],"product_tag":[427],"class_list":{"0":"post-23977","1":"product","2":"type-product","3":"status-publish","4":"has-post-thumbnail","6":"product_cat-fitmin-nutritional-programme","7":"product_cat-sausas-maistas","8":"product_cat-sunims","9":"product_cat-sunu-maistas","10":"product_cat-sunu-prekiu-gamintojai","11":"product_tag-fitmin-edalas-sunims","12":"pa_pasaro-sudetis-eriena","13":"pa_pasaro-sudetis-jautiena","14":"pa_prekiu-zenklai-fitmin-nutritional-programme","15":"pa_suns-amzius-suaugusiems","16":"pa_veisles-dydis-didelems-veislems","17":"pa_veisles-dydis-vidutinems-veislems","19":"first","20":"instock","21":"taxable","22":"shipping-taxable","23":"purchasable","24":"product-type-simple"},"acf":[],"_links":{"self":[{"href":"https:\/\/zooprekes24.lt\/et\/wp-json\/wp\/v2\/product\/23977","targetHints":{"allow":["GET"]}}],"collection":[{"href":"https:\/\/zooprekes24.lt\/et\/wp-json\/wp\/v2\/product"}],"about":[{"href":"https:\/\/zooprekes24.lt\/et\/wp-json\/wp\/v2\/types\/product"}],"replies":[{"embeddable":true,"href":"https:\/\/zooprekes24.lt\/et\/wp-json\/wp\/v2\/comments?post=23977"}],"wp:featuredmedia":[{"embeddable":true,"href":"https:\/\/zooprekes24.lt\/et\/wp-json\/wp\/v2\/media\/3928"}],"wp:attachment":[{"href":"https:\/\/zooprekes24.lt\/et\/wp-json\/wp\/v2\/media?parent=23977"}],"wp:term":[{"taxonomy":"product_brand","embeddable":true,"href":"https:\/\/zooprekes24.lt\/et\/wp-json\/wp\/v2\/product_brand?post=23977"},{"taxonomy":"product_cat","embeddable":true,"href":"https:\/\/zooprekes24.lt\/et\/wp-json\/wp\/v2\/product_cat?post=23977"},{"taxonomy":"product_tag","embeddable":true,"href":"https:\/\/zooprekes24.lt\/et\/wp-json\/wp\/v2\/product_tag?post=23977"}],"curies":[{"name":"wp","href":"https:\/\/api.w.org\/{rel}","templated":true}]}}