{"id":23974,"date":"2024-04-19T13:28:09","date_gmt":"2024-04-19T10:28:09","guid":{"rendered":"https:\/\/zooprekes24.lt\/produktas\/fitmin-mini-performance-lamb-beef\/"},"modified":"2026-02-26T15:54:32","modified_gmt":"2026-02-26T13:54:32","slug":"fitmin-mini-performance-lamb-beef-sausas-maistas-sunims","status":"publish","type":"product","link":"https:\/\/zooprekes24.lt\/et\/produktas\/fitmin-mini-performance-lamb-beef-sausas-maistas-sunims\/","title":{"rendered":"Fitmin Mini Performance Lamb &amp; Beef sausas maistas \u0161unims 2.5 kg"},"content":{"rendered":"<h3>Fitmin Mini Performance Lamb &amp; Beef &#8211; visavertis Super Premium klas\u0117s sausas maistas suaugusiems, ma\u017e\u0173 veisli\u0173 (iki 15 kg) \u0161unims nuo 1 iki 9 met\u0173 am\u017eiaus. Nauja Fitmin Nutritional Program pa\u0161ar\u0173 linija yra gaminama i\u0161skirtinai i\u0161 auk\u0161\u010diausios kokyb\u0117s \u0117rienos ir jautienos m\u0117sos. D\u0117ka \u0161ios unikalios kompozicijos ne tik suma\u017einama augintinio alergini\u0173 reakcij\u0173 rizika, bet ir stiprinamas \u0161uns imunitetas bei u\u017etikrinamas puikus produkto vir\u0161kinamumas. \u0116dalas padeda palaikyti idealu aktyvi\u0173, ma\u017e\u0173 veisli\u0173 augintini\u0173 energijos ir i\u0161tverm\u0117s poreik\u012f.<\/h3>\n<ul>\n<li>Valem sisaldab kuni 81% loomset valku ja 50% v\u00e4rsket lambaliha.<\/li>\n<li>H\u00fcpoallergeenne koostis, mis on kohandatud tundlike, allergiliste ja toidutalumatusega koerte vajadustele.<\/li>\n<li>Fitmin Mini Performance Lamb &amp; Beef sisaldab mustikaid ja musts\u00f5straid, mis toimivad looduslike antioks\u00fcdantidena, mis kaitsevad rakke vabade radikaalide eest.<\/li>\n<li><a href=\"https:\/\/zooprekes24.lt\/et\/toode\/dr-clauders-barf-lassi-oli\/\">L\u00f5he\u00f5li<\/a> on suurep\u00e4rane Omega-3 ja Omega-6 rasvhapete (EPA ja DHA) allikas, mis toidavad ja niisutavad koera karvkatte ja nahka. EPA-l on looduslik p\u00f5letikuvastane toime, DHA aga osaleb aju ja v\u00f5rkkesta \u00fclesehituses.<\/li>\n<li>Kondroitiinsulfaat ja gl\u00fckoosamiin tugevdavad teie lemmiklooma k\u00f5hre, k\u00f5\u00f5luseid ja sidemeteid, aitavad kaasa kollageeni moodustumisele ja suurendavad mehaanilist vastupidavust.<\/li>\n<li><a href=\"https:\/\/www.fitmin.cz\" target=\"_blank\" rel=\"noopener\">Fitmin<\/a> Mini Performance Lamb &amp; Beef'i L-karnitiin toetab teie koera tervislikku s\u00fcdametegevust ja optimaalset lihastoonust.<\/li>\n<li>Piimaohakas parandab ainevahetust, tal on puhastav funktsioon ja p\u00f5letikuvastased omadused.<\/li>\n<li>Lambaliha ei kasuta: kodulinde ega kana, nisu, maisi, soja ega GMOsid.<\/li>\n<li>Toode on pakendatud keskkonnas\u00f5bralikku, k\u00e4epidemega ja ziplock-kinnitusega keskkonnas\u00f5bralikku pakenditesse.<\/li>\n<\/ul>","protected":false},"excerpt":{"rendered":"<p>Fitmin Mini Performance Lamb &amp; Beef &#8211; visavertis Super Premium klas\u0117s sausas maistas suaugusiems, ma\u017e\u0173 veisli\u0173 (iki 15 kg) \u0161unims nuo 1 iki 9 met\u0173 am\u017eiaus. Nauja Fitmin Nutritional Program pa\u0161ar\u0173 linija yra gaminama i\u0161skirtinai i\u0161 auk\u0161\u010diausios kokyb\u0117s \u0117rienos ir jautienos m\u0117sos. D\u0117ka \u0161ios unikalios kompozicijos ne tik suma\u017einama augintinio alergini\u0173 reakcij\u0173 rizika, bet ir&#8230;<\/p>","protected":false},"featured_media":20411,"comment_status":"closed","ping_status":"closed","template":"","meta":{"_acf_changed":false,"slim_seo":{"title":"Fitmin Mini Performance Lamb &amp; Beef sausas maistas \u0161unims 2.5 kg - Zooprekes24","description":"Fitmin Mini Performance Lamb &amp; Beef - visavertis Super Premium klas\u0117s sausas maistas suaugusiems, ma\u017e\u0173 veisli\u0173 (iki 15 kg) \u0161unims nuo 1 iki 9 met\u0173 am\u017eiaus."},"iawp_total_views":93},"product_brand":[],"product_cat":[9044,9002,8999,29,31],"product_tag":[427],"class_list":{"0":"post-23974","1":"product","2":"type-product","3":"status-publish","4":"has-post-thumbnail","6":"product_cat-fitmin-nutritional-programme","7":"product_cat-sausas-maistas","8":"product_cat-sunims","9":"product_cat-sunu-maistas","10":"product_cat-sunu-prekiu-gamintojai","11":"product_tag-fitmin-edalas-sunims","12":"pa_pasaro-sudetis-eriena","13":"pa_pasaro-sudetis-jautiena","14":"pa_prekiu-zenklai-fitmin-nutritional-programme","15":"pa_suns-amzius-suaugusiems","16":"pa_veisles-dydis-mazoms-veislems","18":"first","19":"outofstock","20":"taxable","21":"shipping-taxable","22":"purchasable","23":"product-type-simple"},"acf":[],"_links":{"self":[{"href":"https:\/\/zooprekes24.lt\/et\/wp-json\/wp\/v2\/product\/23974","targetHints":{"allow":["GET"]}}],"collection":[{"href":"https:\/\/zooprekes24.lt\/et\/wp-json\/wp\/v2\/product"}],"about":[{"href":"https:\/\/zooprekes24.lt\/et\/wp-json\/wp\/v2\/types\/product"}],"replies":[{"embeddable":true,"href":"https:\/\/zooprekes24.lt\/et\/wp-json\/wp\/v2\/comments?post=23974"}],"wp:featuredmedia":[{"embeddable":true,"href":"https:\/\/zooprekes24.lt\/et\/wp-json\/wp\/v2\/media\/20411"}],"wp:attachment":[{"href":"https:\/\/zooprekes24.lt\/et\/wp-json\/wp\/v2\/media?parent=23974"}],"wp:term":[{"taxonomy":"product_brand","embeddable":true,"href":"https:\/\/zooprekes24.lt\/et\/wp-json\/wp\/v2\/product_brand?post=23974"},{"taxonomy":"product_cat","embeddable":true,"href":"https:\/\/zooprekes24.lt\/et\/wp-json\/wp\/v2\/product_cat?post=23974"},{"taxonomy":"product_tag","embeddable":true,"href":"https:\/\/zooprekes24.lt\/et\/wp-json\/wp\/v2\/product_tag?post=23974"}],"curies":[{"name":"wp","href":"https:\/\/api.w.org\/{rel}","templated":true}]}}