{"id":23970,"date":"2024-04-19T13:28:09","date_gmt":"2024-04-19T10:28:09","guid":{"rendered":"https:\/\/zooprekes24.lt\/produktas\/fitmin-medium-maxi-maintenance-lamb-beef\/"},"modified":"2026-04-03T15:19:11","modified_gmt":"2026-04-03T13:19:11","slug":"fitmin-medium-maxi-hooldus-lambaliha-veiseliha","status":"publish","type":"product","link":"https:\/\/zooprekes24.lt\/et\/produktas\/fitmin-medium-maxi-maintenance-lamb-beef\/","title":{"rendered":"Fitmin Medium Maxi Maintenance Lamb &amp; Beef sausas maistas \u0161unims"},"content":{"rendered":"<h3>Fitmin Medium Maxi Maintenance Lamb &amp; Beef on t\u00e4isv\u00e4\u00e4rtuslik Super Premium kuivtoit t\u00e4iskasvanud, keskmise suurusega ja suurtele t\u00f5ugudele (alates 15 kg) vanuses 1 kuni 7 aastat. Uus Fitmin toitumisprogrammi sortiment on valmistatud ainult k\u00f5rgeima kvaliteediga lamba- ja veiselihast. See ainulaadne koostis mitte ainult ei v\u00e4henda lemmiklooma allergiliste reaktsioonide ohtu, vaid tugevdab ka koera immuunsust ja tagab suurep\u00e4rase seeditavuse. Keskmise energiasisaldusega toit aitab s\u00e4ilitada keskmise ja suurekasvuliste t\u00f5ugude ideaalkaalu ja ennetada soovimatuid \u00fclekaaluprobleeme.<\/h3>\n<ul>\n<li>Valem sisaldab koguni 74% loomset valku ja 50% v\u00e4rsket lambaliha.<\/li>\n<li>H\u00fcpoallergeenne koostis, mis on kohandatud tundlike, allergiliste ja toidutalumatusega koerte vajadustele.<\/li>\n<li>Fitmin Medium Maxi Maintenance Lamb &amp; Beef sisaldab mustikaid ja musts\u00f5straid, mis toimivad looduslike antioks\u00fcdantidena, mis kaitsevad rakke vabade radikaalide eest.<\/li>\n<li><a href=\"https:\/\/zooprekes24.lt\/et\/toode\/dr-clauders-barf-lassi-oli\/\">L\u00f5he\u00f5li<\/a> on suurep\u00e4rane Omega-3 ja Omega-6 rasvhapete (EPA ja DHA) allikas, mis toidavad ja niisutavad koera karvkatte ja nahka. EPA-l on looduslik p\u00f5letikuvastane toime, DHA aga osaleb aju ja v\u00f5rkkesta \u00fclesehituses.<\/li>\n<li>Rosmariiniekstrakt aitab s\u00e4ilitada lemmiklooma t\u00e4ielikku rakkude eluts\u00fcklit, samuti stimuleerib maksafunktsiooni ja parandab seedes\u00fcsteemi.<\/li>\n<li><a href=\"https:\/\/www.fitmin.cz\" target=\"_blank\" rel=\"noopener\">Fitmin<\/a> Medium Maxi Maintenance Lamb &amp; Beef hambahoolduskompleks hoolitseb teie koera hammaste tervise eest.<\/li>\n<li>Lambaliha ei kasuta: kodulinde ega kana, nisu, maisi, soja ega GMOsid.<\/li>\n<li>Toode on pakendatud keskkonnas\u00f5bralikku, k\u00e4epidemega ja ziplock-kinnitusega keskkonnas\u00f5bralikku pakenditesse.<\/li>\n<\/ul>","protected":false},"excerpt":{"rendered":"<p>Fitmin Medium Maxi Maintenance Lamb &amp; Beef &#8211; visavertis Super Premium klas\u0117s sausas maistas suaugusiems,\u00a0vidutini\u0173 ir dideli\u0173 veisli\u0173 (nuo 15 kg)\u00a0\u0161unims nuo 1 iki 7 met\u0173 am\u017eiaus. Nauja Fitmin Nutritional Program pa\u0161ar\u0173 linija yra gaminama i\u0161skirtinai i\u0161 auk\u0161\u010diausios kokyb\u0117s \u0117rienos ir jautienos m\u0117sos. D\u0117ka \u0161ios unikalios kompozicijos ne tik suma\u017einama augintinio alergini\u0173 reakcij\u0173 rizika, bet&#8230;<\/p>","protected":false},"featured_media":3906,"comment_status":"closed","ping_status":"closed","template":"","meta":{"_acf_changed":false,"slim_seo":{"title":"Fitmin Medium Maxi Maintenance Lamb &amp; Beef sausas maistas \u0161unims - Zooprekes24","description":"Fitmin Medium Maxi Maintenance Lamb &amp; Beef on t\u00e4isv\u00e4\u00e4rtuslik Super Premium kuivtoit t\u00e4iskasvanud, keskmise suurusega ja suurtele t\u00f5ugudele (alates 15 kg) alates"},"iawp_total_views":608},"product_brand":[],"product_cat":[9044,9002,8999,29,31],"product_tag":[427],"class_list":{"0":"post-23970","1":"product","2":"type-product","3":"status-publish","4":"has-post-thumbnail","6":"product_cat-fitmin-nutritional-programme","7":"product_cat-sausas-maistas","8":"product_cat-sunims","9":"product_cat-sunu-maistas","10":"product_cat-sunu-prekiu-gamintojai","11":"product_tag-fitmin-edalas-sunims","12":"pa_pasaro-sudetis-eriena","13":"pa_pasaro-sudetis-jautiena","14":"pa_prekiu-zenklai-fitmin-nutritional-programme","15":"pa_suns-amzius-suaugusiems","16":"pa_veisles-dydis-didelems-veislems","17":"pa_veisles-dydis-vidutinems-veislems","19":"first","20":"instock","21":"taxable","22":"shipping-taxable","23":"purchasable","24":"product-type-variable"},"acf":[],"_links":{"self":[{"href":"https:\/\/zooprekes24.lt\/et\/wp-json\/wp\/v2\/product\/23970","targetHints":{"allow":["GET"]}}],"collection":[{"href":"https:\/\/zooprekes24.lt\/et\/wp-json\/wp\/v2\/product"}],"about":[{"href":"https:\/\/zooprekes24.lt\/et\/wp-json\/wp\/v2\/types\/product"}],"replies":[{"embeddable":true,"href":"https:\/\/zooprekes24.lt\/et\/wp-json\/wp\/v2\/comments?post=23970"}],"wp:featuredmedia":[{"embeddable":true,"href":"https:\/\/zooprekes24.lt\/et\/wp-json\/wp\/v2\/media\/3906"}],"wp:attachment":[{"href":"https:\/\/zooprekes24.lt\/et\/wp-json\/wp\/v2\/media?parent=23970"}],"wp:term":[{"taxonomy":"product_brand","embeddable":true,"href":"https:\/\/zooprekes24.lt\/et\/wp-json\/wp\/v2\/product_brand?post=23970"},{"taxonomy":"product_cat","embeddable":true,"href":"https:\/\/zooprekes24.lt\/et\/wp-json\/wp\/v2\/product_cat?post=23970"},{"taxonomy":"product_tag","embeddable":true,"href":"https:\/\/zooprekes24.lt\/et\/wp-json\/wp\/v2\/product_tag?post=23970"}],"curies":[{"name":"wp","href":"https:\/\/api.w.org\/{rel}","templated":true}]}}