{"id":23963,"date":"2024-04-19T13:27:54","date_gmt":"2024-04-19T10:27:54","guid":{"rendered":"https:\/\/zooprekes24.lt\/produktas\/fitmin-maxi-junior-lamb-beef\/"},"modified":"2026-04-03T15:22:12","modified_gmt":"2026-04-03T13:22:12","slug":"fitmin-maxi-junior-lamb-beef-sausas-maistas-suniukams-12kg","status":"publish","type":"product","link":"https:\/\/zooprekes24.lt\/et\/produktas\/fitmin-maxi-junior-lamb-beef-sausas-maistas-suniukams-12kg\/","title":{"rendered":"Fitmin Maxi Junior Lamb &amp; Beef sausas maistas \u0161uniukams 12 kg"},"content":{"rendered":"<h3>Fitmin Maxi Junior Lamb &amp; Beef on Super Premium kuivtoit suurtele ja hiiglaslikele t\u00f5ugudele (t\u00e4iskasvanud koera kaal \u00fcle 35 kg) vanuses 5 kuud kuni 1,5 aastat. Uus Fitmin toitumisprogrammi sortiment on valmistatud eranditult k\u00f5rgeima kvaliteediga lamba- ja veiselihast. See ainulaadne koostis mitte ainult ei v\u00e4henda lemmiklooma allergiliste reaktsioonide ohtu, vaid tugevdab ka koera immuunsust ja tagab suurep\u00e4rase seeditavuse. Energiasisaldus on kohandatud suurte koerte skeleti tervislikule arengule.<\/h3>\n<ul>\n<li>Valem sisaldab koguni 77% loomset valku ja 50% v\u00e4rsket lambaliha.<\/li>\n<li>H\u00fcpoallergeenne koostis, mis on kohandatud tundlike, allergiliste ja toidutalumatusega kutsikate vajadustele.<\/li>\n<li>See sisaldab mustikaid ja musts\u00f5straid, mis toimivad looduslike antioks\u00fcdantidena, mis kaitsevad rakke vabade radikaalide eest.<\/li>\n<li><a href=\"https:\/\/www.fitmin.cz\" target=\"_blank\" rel=\"noopener\">Fitmin<\/a>\u00a0Maxi Junior Lamb &amp; Beef on t\u00e4iendatud prebiootikumidega, et toetada noorte lemmikloomade n\u00f5uetekohast soolestiku mikrofloorat.<\/li>\n<li><a href=\"https:\/\/zooprekes24.lt\/et\/toode\/dr-clauders-barf-lassi-oli\/\">L\u00f5he\u00f5li<\/a> on suurep\u00e4rane Omega-3 ja Omega-6 rasvhapete (EPA ja DHA) allikas, mis toidavad ja niisutavad koera karvkatte ja nahka. EPA-l on looduslik p\u00f5letikuvastane toime, DHA aga osaleb aju ja v\u00f5rkkesta \u00fclesehituses.<\/li>\n<li>Kondroitiinsulfaat ja gl\u00fckoosamiin tugevdavad teie lemmiklooma k\u00f5hre, k\u00f5\u00f5luseid ja sidemeteid, aitavad kaasa kollageeni moodustumisele ja suurendavad mehaanilist vastupidavust.<\/li>\n<li>Fitmin Maxi Junior Lamb &amp; Beef on t\u00e4iendatud v\u00f5ilillega, mis sisaldab t\u00f5husat ainet, mis parandab koera vere puhastumist ja tagab organismi \u00fcldise detoksikatsiooni. Samuti sisaldab see sipelghapet, millel on positiivne m\u00f5ju luude, hammaste, k\u00f5hrede, sidekoe, k\u00f5\u00f5luste ja liigeste tervisele.<\/li>\n<li>Lambaliha ei kasuta: kodulinde ega kana, nisu, maisi, soja ega GMOsid.<\/li>\n<li>Toode on pakendatud keskkonnas\u00f5bralikku, k\u00e4epidemega ja ziplock-kinnitusega keskkonnas\u00f5bralikku pakenditesse.<\/li>\n<\/ul>","protected":false},"excerpt":{"rendered":"<p>T\u00e4ielik, h\u00fcpoallergeenne kuivtoit suurtele ja hiiglaslikele t\u00f5ugudele (t\u00e4iskasvanud koera kaal \u00fcle 35 kg) vanuses 5 kuud kuni 1,5 aastat.\u00a0<span style=\"color: #2b5a38\"><strong>Maitsestatud lambaliha ja veiseliha valemiga.<\/strong><\/span><\/p>\n<h3><\/h3>","protected":false},"featured_media":18806,"comment_status":"closed","ping_status":"closed","template":"","meta":{"_acf_changed":false,"slim_seo":{"title":"Fitmin Maxi Junior Lamb &amp; Beef sausas maistas \u0161uniukams 12 kg - Zooprekes24","description":"T\u00e4ielik, h\u00fcpoallergeenne kuivtoit suurtele ja hiiglaslikele t\u00f5ugudele (t\u00e4iskasvanud koera kaal \u00fcle 35 kg) vanuses 5 kuud kuni 1,5 aastat.  Pagardi"},"iawp_total_views":266},"product_brand":[],"product_cat":[9044,9002,8999,29,31],"product_tag":[268,235,271,274],"class_list":{"0":"post-23963","1":"product","2":"type-product","3":"status-publish","4":"has-post-thumbnail","6":"product_cat-fitmin-nutritional-programme","7":"product_cat-sausas-maistas","8":"product_cat-sunims","9":"product_cat-sunu-maistas","10":"product_cat-sunu-prekiu-gamintojai","11":"product_tag-edalas-nesciai-kalei","12":"product_tag-edalas-suniukams","13":"product_tag-edalas-zindaciai-kalei","14":"product_tag-fitmin-edalas-suniukams","15":"pa_pasaro-sudetis-eriena","16":"pa_pasaro-sudetis-jautiena","17":"pa_prekiu-zenklai-fitmin-nutritional-programme","18":"pa_suns-amzius-jauniems","19":"pa_veisles-dydis-didelems-veislems","21":"first","22":"instock","23":"taxable","24":"shipping-taxable","25":"purchasable","26":"product-type-simple"},"acf":[],"_links":{"self":[{"href":"https:\/\/zooprekes24.lt\/et\/wp-json\/wp\/v2\/product\/23963","targetHints":{"allow":["GET"]}}],"collection":[{"href":"https:\/\/zooprekes24.lt\/et\/wp-json\/wp\/v2\/product"}],"about":[{"href":"https:\/\/zooprekes24.lt\/et\/wp-json\/wp\/v2\/types\/product"}],"replies":[{"embeddable":true,"href":"https:\/\/zooprekes24.lt\/et\/wp-json\/wp\/v2\/comments?post=23963"}],"wp:featuredmedia":[{"embeddable":true,"href":"https:\/\/zooprekes24.lt\/et\/wp-json\/wp\/v2\/media\/18806"}],"wp:attachment":[{"href":"https:\/\/zooprekes24.lt\/et\/wp-json\/wp\/v2\/media?parent=23963"}],"wp:term":[{"taxonomy":"product_brand","embeddable":true,"href":"https:\/\/zooprekes24.lt\/et\/wp-json\/wp\/v2\/product_brand?post=23963"},{"taxonomy":"product_cat","embeddable":true,"href":"https:\/\/zooprekes24.lt\/et\/wp-json\/wp\/v2\/product_cat?post=23963"},{"taxonomy":"product_tag","embeddable":true,"href":"https:\/\/zooprekes24.lt\/et\/wp-json\/wp\/v2\/product_tag?post=23963"}],"curies":[{"name":"wp","href":"https:\/\/api.w.org\/{rel}","templated":true}]}}