{"id":23959,"date":"2024-04-19T13:27:54","date_gmt":"2024-04-19T10:27:54","guid":{"rendered":"https:\/\/zooprekes24.lt\/produktas\/fitmin-medium-maxi-puppy-lamb-beef\/"},"modified":"2026-02-26T16:08:56","modified_gmt":"2026-02-26T14:08:56","slug":"fitmin-medium-maxi-puppy-lambaliha-veiseliha","status":"publish","type":"product","link":"https:\/\/zooprekes24.lt\/et\/produktas\/fitmin-medium-maxi-puppy-lamb-beef\/","title":{"rendered":"Fitmin Medium Maxi Puppy Lamb &amp; Beef sausas maistas \u0161uniukams"},"content":{"rendered":"<h3>Fitmin Medium Maxi Puppy Lamb &amp; Beef on Super Premium kuivtoit keskmistele ja suurtele t\u00f5ugudele (alates 15 kg) vanuses 6 n\u00e4dalat kuni 12 kuud. Uus Fitmin toitumisprogrammi sortiment on valmistatud eranditult k\u00f5rgeima kvaliteediga lamba- ja veiselihast. T\u00e4nu sellele ainulaadsele koostisele ei v\u00e4hene mitte ainult lemmiklooma allergiliste reaktsioonide oht, vaid ka koera immuunsus on tugevdatud ja toote seeditavus on suurep\u00e4rane.<\/h3>\n<ul>\n<li>Valem sisaldab koguni 81,5% loomset valku ja 50% v\u00e4rsket lambaliha.<\/li>\n<li>H\u00fcpoallergeenne koostis, mis on kohandatud tundlike, allergiliste ja toidutalumatusega kutsikate vajadustele.<\/li>\n<li>See sisaldab mustikaid ja musts\u00f5straid, mis toimivad looduslike antioks\u00fcdantidena, mis kaitsevad rakke vabade radikaalide eest.<\/li>\n<li><a href=\"https:\/\/www.fitmin.cz\" target=\"_blank\" rel=\"noopener\">Fitmin<\/a> Medium Maxi Puppy Lamb &amp; Beef on t\u00e4iendatud prebiootikumidega, et toetada noorte lemmikloomade n\u00f5uetekohast soolestiku mikrofloorat.<\/li>\n<li><a href=\"https:\/\/zooprekes24.lt\/et\/toode\/dr-clauders-barf-lassi-oli\/\">L\u00f5he\u00f5li<\/a> on suurep\u00e4rane Omega-3 ja Omega-6 rasvhapete (EPA ja DHA) allikas, mis toidavad ja niisutavad koera karvkatte ja nahka. EPA-l on looduslik p\u00f5letikuvastane toime, DHA aga osaleb aju ja v\u00f5rkkesta \u00fclesehituses.<\/li>\n<li>Kummelil on positiivne m\u00f5ju seede- ja kuseteede s\u00fcsteemile, v\u00e4hendades p\u00f5letikuohtu ja toimides desinfitseeriva vahendina.<\/li>\n<li>Fitmin Medium Maxi Puppy Lamb &amp; Beef sobib tiinetele ja imetavatele emasloomadele.<\/li>\n<li>Lambaliha ei kasuta: kodulinde ega kana, nisu, maisi, soja ega GMOsid.<\/li>\n<li>Toode on pakendatud keskkonnas\u00f5bralikku, k\u00e4epidemega ja ziplock-kinnitusega keskkonnas\u00f5bralikku pakenditesse.<\/li>\n<\/ul>","protected":false},"excerpt":{"rendered":"<p>Fitmin Medium Maxi Puppy Lamb &amp; Beef &#8211; visavertis Super Premium klas\u0117s sausas maistas vidutini\u0173 ir dideli\u0173 veisli\u0173 (nuo 15 kg) \u0161uniukams nuo 6 savai\u010di\u0173 iki 12 m\u0117nesi\u0173 am\u017eiaus. Nauja Fitmin Nutritional Program pa\u0161ar\u0173 linija yra gaminama i\u0161skirtinai i\u0161 auk\u0161\u010diausios kokyb\u0117s \u0117rienos ir jautienos m\u0117sos. D\u0117ka \u0161ios unikalios kompozicijos ne tik suma\u017einama augintinio alergini\u0173 reakcij\u0173&#8230;<\/p>","protected":false},"featured_media":20406,"comment_status":"closed","ping_status":"closed","template":"","meta":{"_acf_changed":false,"slim_seo":{"title":"Fitmin Medium Maxi Puppy Lamb &amp; Beef sausas maistas \u0161uniukams - Zooprekes24","description":"Fitmin Medium Maxi Puppy Lamb &amp; Beef on Super Premium kuivtoit keskmistele ja suurtele t\u00f5ugudele (alates 15 kg) alates 6. n\u00e4dalast kuni..."},"iawp_total_views":213},"product_brand":[],"product_cat":[9044,9002,8999,29,31],"product_tag":[268,235,271,274],"class_list":{"0":"post-23959","1":"product","2":"type-product","3":"status-publish","4":"has-post-thumbnail","6":"product_cat-fitmin-nutritional-programme","7":"product_cat-sausas-maistas","8":"product_cat-sunims","9":"product_cat-sunu-maistas","10":"product_cat-sunu-prekiu-gamintojai","11":"product_tag-edalas-nesciai-kalei","12":"product_tag-edalas-suniukams","13":"product_tag-edalas-zindaciai-kalei","14":"product_tag-fitmin-edalas-suniukams","15":"pa_pasaro-sudetis-eriena","16":"pa_pasaro-sudetis-jautiena","17":"pa_prekiu-zenklai-fitmin-nutritional-programme","18":"pa_suns-amzius-jauniems","19":"pa_veisles-dydis-didelems-veislems","20":"pa_veisles-dydis-vidutinems-veislems","22":"first","23":"instock","24":"taxable","25":"shipping-taxable","26":"purchasable","27":"product-type-variable"},"acf":[],"_links":{"self":[{"href":"https:\/\/zooprekes24.lt\/et\/wp-json\/wp\/v2\/product\/23959","targetHints":{"allow":["GET"]}}],"collection":[{"href":"https:\/\/zooprekes24.lt\/et\/wp-json\/wp\/v2\/product"}],"about":[{"href":"https:\/\/zooprekes24.lt\/et\/wp-json\/wp\/v2\/types\/product"}],"replies":[{"embeddable":true,"href":"https:\/\/zooprekes24.lt\/et\/wp-json\/wp\/v2\/comments?post=23959"}],"wp:featuredmedia":[{"embeddable":true,"href":"https:\/\/zooprekes24.lt\/et\/wp-json\/wp\/v2\/media\/20406"}],"wp:attachment":[{"href":"https:\/\/zooprekes24.lt\/et\/wp-json\/wp\/v2\/media?parent=23959"}],"wp:term":[{"taxonomy":"product_brand","embeddable":true,"href":"https:\/\/zooprekes24.lt\/et\/wp-json\/wp\/v2\/product_brand?post=23959"},{"taxonomy":"product_cat","embeddable":true,"href":"https:\/\/zooprekes24.lt\/et\/wp-json\/wp\/v2\/product_cat?post=23959"},{"taxonomy":"product_tag","embeddable":true,"href":"https:\/\/zooprekes24.lt\/et\/wp-json\/wp\/v2\/product_tag?post=23959"}],"curies":[{"name":"wp","href":"https:\/\/api.w.org\/{rel}","templated":true}]}}