{"id":23946,"date":"2024-04-19T13:27:54","date_gmt":"2024-04-19T10:27:54","guid":{"rendered":"https:\/\/zooprekes24.lt\/produktas\/royal-canin-anallergenic-small-dog\/"},"modified":"2025-07-28T19:22:17","modified_gmt":"2025-07-28T17:22:17","slug":"royal-canin-anallergenic-vaike-koer","status":"publish","type":"product","link":"https:\/\/zooprekes24.lt\/et\/produktas\/royal-canin-anallergenic-small-dog\/","title":{"rendered":"Royal Canin Anallergenic Small Dog kuivtoit koertele"},"content":{"rendered":"<h3>Royal Canin Anallergenic Small Dog on veterinaarne kuivtoit v\u00e4ikestele t\u00f5ugu (kuni 10 kg) t\u00e4iskasvanud koertele alates 1 aasta vanusest. H\u00fcpoallergeenne veterinaars\u00f6\u00f6t, mis on kohandatud \u00fclitundlike, toiduallergiliste v\u00f5i toidutalumatusega koertele. M\u00f5eldud v\u00e4hendama talumatust s\u00f6\u00f6datoorainete ja toitainete suhtes. Valitud valgu- ja s\u00fcsivesikute allikad. M\u00f5eldud toidu k\u00f5rvaldamise dieediks.<\/h3>\n<ul>\n<li>Eriline <a href=\"https:\/\/www.youtube.com\/watch?v=e_BUgKozqZw\" target=\"_blank\" rel=\"noopener\">Royal Canin Anallergenic Small Dog<\/a> Toit, mis koosneb k\u00f5rgelt h\u00fcdrol\u00fc\u00fcsitud valkudest - oligopeptiidid ja puhtad aminohapped \u00fchest allikast -, mis aitab v\u00e4hendada toidutalumatuse ja allergiate riski. Tootmisprotsess on planeeritud ja hoolikalt teostatud, et v\u00e4ltida v\u00f5imalikku kokkupuudet toiduainetega, mis on allergeenidega.<\/li>\n<li>Royal Canin Anallergenic Small Dog on valmistatud valguisolaadi ja taimse kiu h\u00fcdrol\u00fcsaadiga. Need koosnevad madala molekulmassiga peptiididest, mis muudavad toidu kergesti seeditavaks ja allergiliste koerte seedes\u00fcsteemile h\u00e4sti talutavaks. See on esimene kaubanduslik dieet, mis sisaldab \u00e4\u00e4rmiselt palju vabu aminohappeid ja v\u00e4ikseid peptiide (valgufragmente).<\/li>\n<li>Koostises olevad vitamiinikompleksid tugevdavad teie lemmiklooma naha kaitsvat barj\u00e4\u00e4rifunktsiooni ja hoiavad \u00e4ra liigse kuivuse, mis v\u00f5ib p\u00f5hjustada tugevat s\u00fcgelust.<\/li>\n<li>Spetsiaalselt kohandatud koostis v\u00e4ikestele koertele, kellel on seedimis-, hambaravi- v\u00f5i kuseteede probleeme, ning nende v\u00e4ikestele l\u00f5uadele kohandatud kuivkiskude suurus.<\/li>\n<li>Ainus s\u00fcsivesikute allikas on kergesti seeditav puhastatud t\u00e4rklis.<\/li>\n<li>Toodetakse tehastes, kus viiakse l\u00e4bi isegi DNA-testimine ning tootmisliinide s\u00fcstemaatiline ja p\u00f5hjalik puhastamine.<\/li>\n<\/ul>\n<h3><span style=\"color: #408ca3; font-size: 14px;\"><strong>Toit on tarbimisk\u00f5lblik, kui:<\/strong><\/span><\/h3>\n<ul>\n<li>Toiduainete talumatuse test<\/li>\n<li>Atoopiline dermatiit koos kroonilise s\u00fcgelusega (kerged juhud)<\/li>\n<li>P\u00f5letikuline soolehaigus (IBD)<\/li>\n<li>Toiduallergiad<\/li>\n<li>Toitainete talumatus<\/li>\n<\/ul>\n<h3><span style=\"font-size: 14px; color: #408ca3;\"><strong>Toitu ei tohi kasutada, kui olete haige:<\/strong><\/span><\/h3>\n<ul>\n<li>Pankreatiit (sealhulgas varem edastatud)<\/li>\n<li>Raseduse, imetamise, kasvu ajal<\/li>\n<\/ul>\n<p><a ref=\"magnificPopup\" href=\"https:\/\/zooprekes24.lt\/wp-content\/uploads\/vhn-all-territories-packaging-emblematic-adult-small-dog-1-1.png\"><img loading=\"lazy\" decoding=\"async\" class=\"wp-image-11386\" src=\"https:\/\/zooprekes24.lt\/wp-content\/uploads\/vhn-all-territories-packaging-emblematic-adult-small-dog-1-1.png\" alt=\"Royal Canin Hypoallergenic Small Dog kuivtoit koertele logo\" width=\"300\" height=\"300\" \/><\/a><\/p>","protected":false},"excerpt":{"rendered":"<p>Royal Canin Anallergenic Small Dog &#8211; veterinarinis ma\u017e\u0173 veisli\u0173 (iki 10 kg) suaugusi\u0173 \u0161un\u0173 sausas maistas nuo 1 met\u0173 am\u017eiaus.\u00a0Hipoalergin\u0117 veterinarin\u0117 dieta pritaikyta \u0161unims su padid\u0117jusiu organizmo jautrumu, kurie linke \u012f maisto alergijas ar netoleruoja maisto produkt\u0173. Sukurtas taip, kad suma\u017eint\u0173 pa\u0161arini\u0173 \u017ealiav\u0173 ir maistini\u0173 med\u017eiag\u0173 netoleravim\u0105. Rinktiniai baltym\u0173 ir angliavandeni\u0173 \u0161altiniai. Skirtas maisto eliminacinei&#8230;<\/p>","protected":false},"featured_media":20399,"comment_status":"closed","ping_status":"closed","template":"","meta":{"_acf_changed":false,"slim_seo":{"title":"Royal Canin Anallergenic Small Dog sausas maistas \u0161unims - Zooprekes24","description":"Royal Canin Anallergenic Small Dog on veterinaarne kuivtoit v\u00e4ikestele t\u00f5ugu (kuni 10 kg) t\u00e4iskasvanud koertele alates 1 aasta vanusest. H\u00fcpoallergeenne veterinaars\u00f6\u00f6t kuni 10-aastastele koertele."},"iawp_total_views":2016},"product_brand":[],"product_cat":[9241,9002,8999,29,31,9035],"product_tag":[177,4285,4286,4303,4288,4300,200],"class_list":{"0":"post-23946","1":"product","2":"type-product","3":"status-publish","4":"has-post-thumbnail","6":"product_cat-royal-canin-veterinary-diets-sunims","7":"product_cat-sausas-maistas","8":"product_cat-sunims","9":"product_cat-sunu-maistas","10":"product_cat-sunu-prekiu-gamintojai","11":"product_cat-veterinarine-dieta","12":"product_tag-edalas-sunims","13":"product_tag-royal-canin-alergiskam-suniui","14":"product_tag-royal-canin-alergiskiems-sunims","15":"product_tag-royal-canin-analergic","16":"product_tag-royal-canin-hypoalergic-sausas-maistas-sunims","17":"product_tag-suns-letinis-viduriavimas","18":"product_tag-super-premium-maistas-sunims","19":"pa_prekiu-zenklai-royal-canin-veterinary-diets","20":"pa_suns-amzius-senjorams","21":"pa_suns-amzius-suaugusiems","22":"pa_veisles-dydis-mazoms-veislems","24":"first","25":"instock","26":"taxable","27":"shipping-taxable","28":"purchasable","29":"product-type-variable"},"acf":[],"_links":{"self":[{"href":"https:\/\/zooprekes24.lt\/et\/wp-json\/wp\/v2\/product\/23946","targetHints":{"allow":["GET"]}}],"collection":[{"href":"https:\/\/zooprekes24.lt\/et\/wp-json\/wp\/v2\/product"}],"about":[{"href":"https:\/\/zooprekes24.lt\/et\/wp-json\/wp\/v2\/types\/product"}],"replies":[{"embeddable":true,"href":"https:\/\/zooprekes24.lt\/et\/wp-json\/wp\/v2\/comments?post=23946"}],"wp:featuredmedia":[{"embeddable":true,"href":"https:\/\/zooprekes24.lt\/et\/wp-json\/wp\/v2\/media\/20399"}],"wp:attachment":[{"href":"https:\/\/zooprekes24.lt\/et\/wp-json\/wp\/v2\/media?parent=23946"}],"wp:term":[{"taxonomy":"product_brand","embeddable":true,"href":"https:\/\/zooprekes24.lt\/et\/wp-json\/wp\/v2\/product_brand?post=23946"},{"taxonomy":"product_cat","embeddable":true,"href":"https:\/\/zooprekes24.lt\/et\/wp-json\/wp\/v2\/product_cat?post=23946"},{"taxonomy":"product_tag","embeddable":true,"href":"https:\/\/zooprekes24.lt\/et\/wp-json\/wp\/v2\/product_tag?post=23946"}],"curies":[{"name":"wp","href":"https:\/\/api.w.org\/{rel}","templated":true}]}}