{"id":23937,"date":"2024-04-19T13:27:44","date_gmt":"2024-04-19T10:27:44","guid":{"rendered":"https:\/\/zooprekes24.lt\/produktas\/brit-premium-delicate-trout-yelly\/"},"modified":"2024-09-13T13:16:46","modified_gmt":"2024-09-13T10:16:46","slug":"brit-premium-delikaatne-forelliliha","status":"publish","type":"product","link":"https:\/\/zooprekes24.lt\/et\/produktas\/brit-premium-delicate-trout-yelly\/","title":{"rendered":"Brit Premium Delicate Forellakonservid kassidele marmelaadis"},"content":{"rendered":"<h3>Brit Premium Delicate Trout konservai kat\u0117ms &#8211; auk\u0161\u010diausios kokyb\u0117s visavertis <a href=\"https:\/\/zooprekes24.lt\/kategorija\/prekes-katems\/?filters=kates-amzius[381]|pasaro-sudetis[2181]\" target=\"_blank\" rel=\"noopener\">suaugusi\u0173 ka\u010di\u0173 maistas<\/a> mai\u0161elyje.<\/h3>\n<p>\u0160ie itin gard\u016bs up\u0117takio fil\u0117 gabaliukai drebu\u010diuose tai &#8211; subalansuota J\u016bs\u0173 augintinio mityba ir malonus pasitenkinimas su kiekvienu <a href=\"https:\/\/brit-petfood.com\/en\/\" target=\"_blank\" rel=\"noopener\">Brit<\/a> konserv\u0173 k\u0105sneliu.<\/p>\n","protected":false},"excerpt":{"rendered":"<p>Brit Premium Delicate Trout kassikonserv on k\u00f5rgekvaliteediline t\u00e4istoit t\u00e4iskasvanud kassidele kotis. Need \u00fclimaitsvad forellifileet\u00fckid \u017eelees on teie lemmikloomale tasakaalustatud toit ja rahuldust pakkuv maiuspala iga suut\u00e4ie Briti konservitoiduga.<\/p>","protected":false},"featured_media":30193,"comment_status":"closed","ping_status":"closed","template":"","meta":{"_acf_changed":false,"slim_seo":{"title":"Brit Premium Delicate Trout konservai kat\u0117ms drebu\u010diuose - Zooprekes24","description":"Brit Premium Delicate Trout kassikonserv on k\u00f5rgekvaliteediline t\u00e4istoit t\u00e4iskasvanud kassidele kotis. Need \u00fclimaitsvad forellifileet\u00fckid panevad teie kassi v\u00e4risema"},"iawp_total_views":77},"product_brand":[],"product_cat":[9048,72,83,25,9020],"product_tag":[730,2168,1675,2173],"class_list":{"0":"post-23937","1":"product","2":"type-product","3":"status-publish","4":"has-post-thumbnail","6":"product_cat-brit-premium-kaciu-prekiu-gamintojai","7":"product_cat-kaciu-maistas","8":"product_cat-kaciu-prekiu-gamintojai","9":"product_cat-katems","10":"product_cat-slapias-maistas-kaciu-maistas","11":"product_tag-brit-premium-slapias-maistas","12":"product_tag-brit-slapias-maistas","13":"product_tag-kaciu-edalas","14":"product_tag-konservuotas-maistas-katems","15":"pa_pasaro-sudetis-zuvis","16":"pa_prekiu-zenklai-brit-premium","18":"first","19":"instock","20":"featured","21":"taxable","22":"shipping-taxable","23":"purchasable","24":"product-type-variable"},"acf":[],"_links":{"self":[{"href":"https:\/\/zooprekes24.lt\/et\/wp-json\/wp\/v2\/product\/23937","targetHints":{"allow":["GET"]}}],"collection":[{"href":"https:\/\/zooprekes24.lt\/et\/wp-json\/wp\/v2\/product"}],"about":[{"href":"https:\/\/zooprekes24.lt\/et\/wp-json\/wp\/v2\/types\/product"}],"replies":[{"embeddable":true,"href":"https:\/\/zooprekes24.lt\/et\/wp-json\/wp\/v2\/comments?post=23937"}],"wp:featuredmedia":[{"embeddable":true,"href":"https:\/\/zooprekes24.lt\/et\/wp-json\/wp\/v2\/media\/30193"}],"wp:attachment":[{"href":"https:\/\/zooprekes24.lt\/et\/wp-json\/wp\/v2\/media?parent=23937"}],"wp:term":[{"taxonomy":"product_brand","embeddable":true,"href":"https:\/\/zooprekes24.lt\/et\/wp-json\/wp\/v2\/product_brand?post=23937"},{"taxonomy":"product_cat","embeddable":true,"href":"https:\/\/zooprekes24.lt\/et\/wp-json\/wp\/v2\/product_cat?post=23937"},{"taxonomy":"product_tag","embeddable":true,"href":"https:\/\/zooprekes24.lt\/et\/wp-json\/wp\/v2\/product_tag?post=23937"}],"curies":[{"name":"wp","href":"https:\/\/api.w.org\/{rel}","templated":true}]}}