{"id":23931,"date":"2024-04-19T13:27:44","date_gmt":"2024-04-19T10:27:44","guid":{"rendered":"https:\/\/zooprekes24.lt\/produktas\/brit-premium-delicate-salmon-sterilised\/"},"modified":"2026-04-01T18:58:12","modified_gmt":"2026-04-01T16:58:12","slug":"brit-premium-delikaatne-lohe-steriliseeritud","status":"publish","type":"product","link":"https:\/\/zooprekes24.lt\/et\/produktas\/brit-premium-delicate-salmon-sterilised\/","title":{"rendered":"Brit Premium Delicate Salmon steriliseeritud kassikonserv kastmes"},"content":{"rendered":"<h3>Brit Premium Delicate Salmon Sterilised konservai sterilizuotoms kat\u0117ms &#8211; auk\u0161\u010diausios kokyb\u0117s visavertis <a href=\"https:\/\/zooprekes24.lt\/kategorija\/prekes-katems\/?filters=kates-amzius[381]|pasaro-sudetis[2181]\" target=\"_blank\" rel=\"noopener\">suaugusi\u0173 ka\u010di\u0173 maistas<\/a> mai\u0161elyje.<\/h3>\n<p>\u0160ie itin gard\u016bs la\u0161i\u0161os fil\u0117 gabaliukai pada\u017ee\u00a0tai &#8211; subalansuota J\u016bs\u0173 augintinio mityba ir malonus pasitenkinimas su kiekvienu <a href=\"https:\/\/brit-petfood.com\/en\/\" target=\"_blank\" rel=\"noopener\">Brit<\/a> konserv\u0173 k\u0105sneliu.<\/p>\n","protected":false},"excerpt":{"rendered":"<p>Brit Premium Delicate Salmon Steriliseeritud konservtoit steriliseeritud kassidele - k\u00f5rgeima kvaliteediga t\u00e4istoit t\u00e4iskasvanud kassidele kotis. Need maitsvad l\u00f5hefileed kastmes pakuvad teie lemmikloomale tasakaalustatud toitu ja rahuldust pakkuvat maiuspala iga suut\u00e4ie Briti konservitoiduga.<\/p>","protected":false},"featured_media":29958,"comment_status":"closed","ping_status":"closed","template":"","meta":{"_acf_changed":false,"slim_seo":{"title":"Brit Premium Delicate Salmon Sterilised konservai kat\u0117ms pada\u017ee - Zooprekes24","description":"Brit Premium Delicate Salmon Steriliseeritud konservtoit steriliseeritud kassidele - k\u00f5rgeima kvaliteediga t\u00e4istoit t\u00e4iskasvanud kassidele kotis. Need \u00fclimaitsvad tilgad"},"iawp_total_views":62},"product_brand":[],"product_cat":[9048,72,83,25,9020],"product_tag":[730,2168,1675,2173],"class_list":{"0":"post-23931","1":"product","2":"type-product","3":"status-publish","4":"has-post-thumbnail","6":"product_cat-brit-premium-kaciu-prekiu-gamintojai","7":"product_cat-kaciu-maistas","8":"product_cat-kaciu-prekiu-gamintojai","9":"product_cat-katems","10":"product_cat-slapias-maistas-kaciu-maistas","11":"product_tag-brit-premium-slapias-maistas","12":"product_tag-brit-slapias-maistas","13":"product_tag-kaciu-edalas","14":"product_tag-konservuotas-maistas-katems","15":"pa_pasaro-sudetis-lasisa","16":"pa_pasaro-sudetis-zuvis","17":"pa_prekiu-zenklai-brit-premium","19":"first","20":"instock","21":"featured","22":"taxable","23":"shipping-taxable","24":"purchasable","25":"product-type-variable"},"acf":[],"_links":{"self":[{"href":"https:\/\/zooprekes24.lt\/et\/wp-json\/wp\/v2\/product\/23931","targetHints":{"allow":["GET"]}}],"collection":[{"href":"https:\/\/zooprekes24.lt\/et\/wp-json\/wp\/v2\/product"}],"about":[{"href":"https:\/\/zooprekes24.lt\/et\/wp-json\/wp\/v2\/types\/product"}],"replies":[{"embeddable":true,"href":"https:\/\/zooprekes24.lt\/et\/wp-json\/wp\/v2\/comments?post=23931"}],"wp:featuredmedia":[{"embeddable":true,"href":"https:\/\/zooprekes24.lt\/et\/wp-json\/wp\/v2\/media\/29958"}],"wp:attachment":[{"href":"https:\/\/zooprekes24.lt\/et\/wp-json\/wp\/v2\/media?parent=23931"}],"wp:term":[{"taxonomy":"product_brand","embeddable":true,"href":"https:\/\/zooprekes24.lt\/et\/wp-json\/wp\/v2\/product_brand?post=23931"},{"taxonomy":"product_cat","embeddable":true,"href":"https:\/\/zooprekes24.lt\/et\/wp-json\/wp\/v2\/product_cat?post=23931"},{"taxonomy":"product_tag","embeddable":true,"href":"https:\/\/zooprekes24.lt\/et\/wp-json\/wp\/v2\/product_tag?post=23931"}],"curies":[{"name":"wp","href":"https:\/\/api.w.org\/{rel}","templated":true}]}}