{"id":23916,"date":"2024-04-19T13:27:34","date_gmt":"2024-04-19T10:27:34","guid":{"rendered":"https:\/\/zooprekes24.lt\/produktas\/brit-premium-delicate-beef-konservai\/"},"modified":"2026-04-01T19:00:26","modified_gmt":"2026-04-01T17:00:26","slug":"brit-premium-delikaatne-veiseliha-konserveeritud","status":"publish","type":"product","link":"https:\/\/zooprekes24.lt\/et\/produktas\/brit-premium-delicate-beef-konservai\/","title":{"rendered":"Brit Premium Delicate Beef konserveeritud kassidele kastmes Brit Premium Delicate Beef konserveeritud kassidele kastmes"},"content":{"rendered":"<h3>Brit Premium Delicate Beef kassikonserv on k\u00f5rgekvaliteediline t\u00e4istoit t\u00e4iskasvanud kassidele kotikeses.<\/h3>\n<p>Need eriti maitsvad <a href=\"https:\/\/zooprekes24.lt\/et\/?s=jautienos&amp;post_type=product\" target=\"_blank\" rel=\"noopener\">veisefilee<\/a> t\u00fckid kastmes t\u00e4hendab teie lemmikloomale tasakaalustatud toitumist ja nauditavat rahulolu iga <a href=\"https:\/\/brit-petfood.com\/en\/\" target=\"_blank\" rel=\"noopener\">Brit<\/a> hammustada konservi.<\/p>","protected":false},"excerpt":{"rendered":"<p>Brit Premium Delicate Beef kassikonserv on k\u00f5rgekvaliteediline t\u00e4istoit t\u00e4iskasvanud kassidele kotikeses. Need \u00fclimaitsvad veiselihafileed kastmes pakuvad teie lemmikloomale tasakaalustatud toitu ja rahuldust pakkuvat maiuspala iga suut\u00e4ie Briti konservitoiduga.<\/p>","protected":false},"featured_media":29960,"comment_status":"closed","ping_status":"closed","template":"","meta":{"_acf_changed":false,"slim_seo":{"title":"Brit Premium Delicate Beef konservai kat\u0117ms pada\u017ee - Zooprekes24","description":"Brit Premium Delicate Beef konservai kat\u0117ms - auk\u0161\u010diausios kokyb\u0117s visavertis suaugusi\u0173 ka\u010di\u0173 maistas mai\u0161elyje. \u0160ie itin gard\u016bs jautienos fil\u0117 gabaliukai pada\u017e"},"iawp_total_views":54},"product_brand":[],"product_cat":[9048,72,83,25,9020],"product_tag":[730,2168,1675,2173],"class_list":{"0":"post-23916","1":"product","2":"type-product","3":"status-publish","4":"has-post-thumbnail","6":"product_cat-brit-premium-kaciu-prekiu-gamintojai","7":"product_cat-kaciu-maistas","8":"product_cat-kaciu-prekiu-gamintojai","9":"product_cat-katems","10":"product_cat-slapias-maistas-kaciu-maistas","11":"product_tag-brit-premium-slapias-maistas","12":"product_tag-brit-slapias-maistas","13":"product_tag-kaciu-edalas","14":"product_tag-konservuotas-maistas-katems","15":"pa_pasaro-sudetis-jautiena","16":"pa_prekiu-zenklai-brit-premium","18":"first","19":"instock","20":"featured","21":"taxable","22":"shipping-taxable","23":"purchasable","24":"product-type-variable"},"acf":[],"_links":{"self":[{"href":"https:\/\/zooprekes24.lt\/et\/wp-json\/wp\/v2\/product\/23916","targetHints":{"allow":["GET"]}}],"collection":[{"href":"https:\/\/zooprekes24.lt\/et\/wp-json\/wp\/v2\/product"}],"about":[{"href":"https:\/\/zooprekes24.lt\/et\/wp-json\/wp\/v2\/types\/product"}],"replies":[{"embeddable":true,"href":"https:\/\/zooprekes24.lt\/et\/wp-json\/wp\/v2\/comments?post=23916"}],"wp:featuredmedia":[{"embeddable":true,"href":"https:\/\/zooprekes24.lt\/et\/wp-json\/wp\/v2\/media\/29960"}],"wp:attachment":[{"href":"https:\/\/zooprekes24.lt\/et\/wp-json\/wp\/v2\/media?parent=23916"}],"wp:term":[{"taxonomy":"product_brand","embeddable":true,"href":"https:\/\/zooprekes24.lt\/et\/wp-json\/wp\/v2\/product_brand?post=23916"},{"taxonomy":"product_cat","embeddable":true,"href":"https:\/\/zooprekes24.lt\/et\/wp-json\/wp\/v2\/product_cat?post=23916"},{"taxonomy":"product_tag","embeddable":true,"href":"https:\/\/zooprekes24.lt\/et\/wp-json\/wp\/v2\/product_tag?post=23916"}],"curies":[{"name":"wp","href":"https:\/\/api.w.org\/{rel}","templated":true}]}}