{"id":23906,"date":"2024-04-19T13:27:34","date_gmt":"2024-04-19T10:27:34","guid":{"rendered":"https:\/\/zooprekes24.lt\/produktas\/brit-fresh-duck-millet-konservai-sunims\/"},"modified":"2024-07-04T13:57:14","modified_gmt":"2024-07-04T10:57:14","slug":"brit-fresh-duck-millet-konservai-sunims","status":"publish","type":"product","link":"https:\/\/zooprekes24.lt\/et\/produktas\/brit-fresh-duck-millet-konservai-sunims\/","title":{"rendered":"Brit Fresh Duck &amp; Millet konserveeritud toit koertele"},"content":{"rendered":"<h3>Brit Fresh Duck &amp; Millet konservai \u0161unims &#8211; tai skanus, visavertis ir subalansuotas pa\u0161aras su tikra m\u0117sa, organais, dar\u017eov\u0117mis, vaisiais ir prieskonin\u0117mis \u017eolel\u0117mis i\u0161 vietini\u0173 \u016bki\u0173. Pagaminta naudojant \u0161vie\u017ei\u0105 m\u0117s\u0105, kuri yra kruop\u0161\u010diai apdorota.<\/h3>\n<ul>\n<li>Receptas papildytas senoviniais gr\u016bdais &#8211; sor\u0173 kruopomis.<\/li>\n<li>Konserv\u0173 linija puikai dera su <a href=\"https:\/\/zooprekes24.lt\/kategorija\/prekes-sunims\/sunu-maistas\/sausas-maistas-sunims\/?filters=prekiu-zenklai[2217]\" target=\"_blank\" rel=\"noopener\">Brit Fresh sauso maisto linija<\/a>.<\/li>\n<li>Sud\u0117tyje yra moli\u016bg\u0173, s\u0117men\u0173, la\u0161i\u0161\u0173 aliejaus, dumbli\u0173 ir juod\u0173j\u0173 serbent\u0173.<\/li>\n<li>Praturtintas tradicin\u0117mis \u017eolel\u0117mis &#8211; rozmarinu, \u010diobreliu, medetka, kiaulpiene.<\/li>\n<li>Idealus sauso maisto papildymas &#8211; padeda pagerinti maisto suvartojim\u0105 ir palaikyti \u0161uns hidratacij\u0105.<\/li>\n<li>Konservai \u0161unims <a href=\"https:\/\/brit-petfood.com\/en\/\" target=\"_blank\" rel=\"noopener\">Brit<\/a> Fresh Duck &amp; Millet &#8211; Be glitimo \/ Be soj\u0173 \/ Be GMO \/ Be konservant\u0173 \/ Be da\u017eikli\u0173.<\/li>\n<\/ul>\n","protected":false},"excerpt":{"rendered":"<p>Brit Fresh Duck &amp; Millet konservai \u0161unims &#8211; tai skanus, visavertis ir subalansuotas pa\u0161aras su tikra m\u0117sa, organais, dar\u017eov\u0117mis, vaisiais ir prieskonin\u0117mis \u017eolel\u0117mis i\u0161 vietini\u0173 \u016bki\u0173. Pagaminta naudojant \u0161vie\u017ei\u0105 m\u0117s\u0105, kuri yra kruop\u0161\u010diai apdorota. Receptas papildytas senoviniais gr\u016bdais &#8211; sor\u0173 kruopomis. Konserv\u0173 linija puikai dera su Brit Fresh sauso maisto linija. Sud\u0117tyje yra moli\u016bg\u0173, s\u0117men\u0173,&#8230;<\/p>","protected":false},"featured_media":20387,"comment_status":"closed","ping_status":"closed","template":"","meta":{"_acf_changed":false,"slim_seo":{"title":"Brit Fresh Duck & Millet konservai \u0161unims - Zooprekes24","description":"Brit Fresh Duck &amp; Millet konservai \u0161unims - tai skanus, visavertis ir subalansuotas pa\u0161aras su tikra m\u0117sa, organais, dar\u017eov\u0117mis, vaisiais ir prieskonin\u0117mis"},"iawp_total_views":54},"product_brand":[],"product_cat":[9073,9004,8999,29,31],"product_tag":[2477,2524,1644,418],"class_list":{"0":"post-23906","1":"product","2":"type-product","3":"status-publish","4":"has-post-thumbnail","6":"product_cat-brit-fresh","7":"product_cat-slapias-maistas","8":"product_cat-sunims","9":"product_cat-sunu-maistas","10":"product_cat-sunu-prekiu-gamintojai","11":"product_tag-antienos-konservai-sunims","12":"product_tag-brit-fresh-konservuotas-edalas-sunims","13":"product_tag-brit-konservai-skardineje","14":"product_tag-konservuotas-maistas-sunims","15":"pa_pasaro-sudetis-antiena","16":"pa_pasaro-sudetis-darzoves","17":"pa_pasaro-sudetis-vaisiai","18":"pa_prekiu-zenklai-brit-fresh","19":"pa_suns-amzius-suaugusiems","20":"pa_veisles-dydis-didelems-veislems","21":"pa_veisles-dydis-mazoms-veislems","22":"pa_veisles-dydis-vidutinems-veislems","23":"pa_veisles-dydis-visu-dydziu-veislems","25":"first","26":"instock","27":"featured","28":"taxable","29":"shipping-taxable","30":"purchasable","31":"product-type-variable"},"acf":[],"_links":{"self":[{"href":"https:\/\/zooprekes24.lt\/et\/wp-json\/wp\/v2\/product\/23906","targetHints":{"allow":["GET"]}}],"collection":[{"href":"https:\/\/zooprekes24.lt\/et\/wp-json\/wp\/v2\/product"}],"about":[{"href":"https:\/\/zooprekes24.lt\/et\/wp-json\/wp\/v2\/types\/product"}],"replies":[{"embeddable":true,"href":"https:\/\/zooprekes24.lt\/et\/wp-json\/wp\/v2\/comments?post=23906"}],"wp:featuredmedia":[{"embeddable":true,"href":"https:\/\/zooprekes24.lt\/et\/wp-json\/wp\/v2\/media\/20387"}],"wp:attachment":[{"href":"https:\/\/zooprekes24.lt\/et\/wp-json\/wp\/v2\/media?parent=23906"}],"wp:term":[{"taxonomy":"product_brand","embeddable":true,"href":"https:\/\/zooprekes24.lt\/et\/wp-json\/wp\/v2\/product_brand?post=23906"},{"taxonomy":"product_cat","embeddable":true,"href":"https:\/\/zooprekes24.lt\/et\/wp-json\/wp\/v2\/product_cat?post=23906"},{"taxonomy":"product_tag","embeddable":true,"href":"https:\/\/zooprekes24.lt\/et\/wp-json\/wp\/v2\/product_tag?post=23906"}],"curies":[{"name":"wp","href":"https:\/\/api.w.org\/{rel}","templated":true}]}}