{"id":23891,"date":"2024-04-19T13:27:23","date_gmt":"2024-04-19T10:27:23","guid":{"rendered":"https:\/\/zooprekes24.lt\/produktas\/fitmin-puppy-milk-pieno-pakaitalas\/"},"modified":"2026-02-05T13:16:27","modified_gmt":"2026-02-05T11:16:27","slug":"fitmin-puppy-milk-piimaasendaja","status":"publish","type":"product","link":"https:\/\/zooprekes24.lt\/et\/produktas\/fitmin-puppy-milk-pieno-pakaitalas\/","title":{"rendered":"Fitmin Puppy Milk piimaasendaja kutsikatele"},"content":{"rendered":"<h3>Fitmin Puppy Milk on spetsiaalselt tasakaalustatud piim kutsikatele, mis on m\u00f5eldud stabiilseks ja harmooniliseks kasvuks. See on energia- ja valgurikas ning on peaaegu eristamatu imetava emapiimast. S<span lang=\"en-us\">ristatud kutsikate poolt<\/span><span lang=\"lt-lt\">\u00a0s\u00f6\u00f6tmine s\u00fcnnist kuni v\u00f5\u00f5rutamiseni.<\/span><\/h3>\n<ul>\n<li>Kuni 4 n\u00e4dala vanustele kutsikatele.<\/li>\n<li><a href=\"https:\/\/www.fitmin.cz\">Fitmin<\/a> Puppy Milk sisaldab hoolikalt valitud, h\u00e4sti seeditavaid valke ja laktoosi, mis on praktiliselt eristamatu rinnapiimas leiduvast laktoosist. See piim sobib eriti h\u00e4sti kutsika seedetraktile, kuna see ei sisalda t\u00e4rklist (kutsikad ei erita piisavalt am\u00fclaasi t\u00e4rklise seedimiseks).<\/li>\n<li>Bioaktiivsete ainete tasakaalustatud suhe v\u00f5imaldab noore kutsika organismil sujuvalt areneda.<\/li>\n<li>Koostises olevad nukleotiidid toetavad teie kutsika habrast immuuns\u00fcsteemi, samal ajal kui looduslikud antioks\u00fcdandid pakuvad kaitset kiiresti kasvavatele kudedele.<\/li>\n<li>Lihtne valmistada. Eksklusiivne koostis lahustab piima v\u00e4ga kiiresti ja annab t\u00e4ieliku, settevaba, homogeense piimasegu.<\/li>\n<li>Edasine areng p\u00e4rast s\u00fcndi <a href=\"https:\/\/zooprekes24.lt\/et\/?s=puppy&amp;post_type=product\" target=\"_blank\" rel=\"noopener\">kutsikad<\/a> n\u00e4rvis\u00fcsteem. Emapiimas sisalduv looduslik dokosaheksaeenhape aitab kaasa kognitiivsete funktsioonide arengule, mist\u00f5ttu seda t\u00e4iendatakse letsitiiniga, et tagada kutsika n\u00e4rvikoe n\u00f5uetekohane toimimine ja kaitsta maksarakke.<\/li>\n<\/ul>","protected":false},"excerpt":{"rendered":"<p>Fitmin Puppy Milk &#8211; specialiai subalansuotas pienas \u0161uniukams, kuris skirtas stabiliam ir harmoningam ma\u017eyli\u0173 augimui. Pieno sud\u0117tyje daug energijos ir baltym\u0173 kurie beveik nesiskiria nuo maitinan\u010dios kal\u0117s pieno. Skirta \u0161uniuk\u0173\u00a0maitinimui nuo gimimo iki nujunkymo. Skirta \u0161uniukams iki 4 savai\u010di\u0173 am\u017eiaus. Fitmin Puppy Milk sud\u0117tyje yra kruop\u0161\u010diai atrinkti, labai gerai vir\u0161kinami baltymai ir laktoz\u0117, beveik nesiskirianti&#8230;<\/p>","protected":false},"featured_media":45386,"comment_status":"closed","ping_status":"closed","template":"","meta":{"_acf_changed":false,"slim_seo":{"title":"Fitmin Puppy Milk pieno pakaitalas \u0161uniukams - Zooprekes24","description":"Fitmin Puppy Milk on spetsiaalselt tasakaalustatud piim kutsikatele, mis on m\u00f5eldud stabiilseks ja harmooniliseks kasvuks. See on energia- ja valgurikas"},"iawp_total_views":46},"product_brand":[],"product_cat":[9044,9004,8999,29,31],"product_tag":[],"class_list":{"0":"post-23891","1":"product","2":"type-product","3":"status-publish","4":"has-post-thumbnail","6":"product_cat-fitmin-nutritional-programme","7":"product_cat-slapias-maistas","8":"product_cat-sunims","9":"product_cat-sunu-maistas","10":"product_cat-sunu-prekiu-gamintojai","11":"pa_prekiu-zenklai-fitmin-nutritional-programme","12":"pa_suns-amzius-jauniems","13":"pa_veisles-dydis-didelems-veislems","14":"pa_veisles-dydis-mazoms-veislems","15":"pa_veisles-dydis-vidutinems-veislems","16":"pa_veisles-dydis-visu-dydziu-veislems","18":"first","19":"outofstock","20":"featured","21":"taxable","22":"shipping-taxable","23":"purchasable","24":"product-type-variable"},"acf":[],"_links":{"self":[{"href":"https:\/\/zooprekes24.lt\/et\/wp-json\/wp\/v2\/product\/23891","targetHints":{"allow":["GET"]}}],"collection":[{"href":"https:\/\/zooprekes24.lt\/et\/wp-json\/wp\/v2\/product"}],"about":[{"href":"https:\/\/zooprekes24.lt\/et\/wp-json\/wp\/v2\/types\/product"}],"replies":[{"embeddable":true,"href":"https:\/\/zooprekes24.lt\/et\/wp-json\/wp\/v2\/comments?post=23891"}],"wp:featuredmedia":[{"embeddable":true,"href":"https:\/\/zooprekes24.lt\/et\/wp-json\/wp\/v2\/media\/45386"}],"wp:attachment":[{"href":"https:\/\/zooprekes24.lt\/et\/wp-json\/wp\/v2\/media?parent=23891"}],"wp:term":[{"taxonomy":"product_brand","embeddable":true,"href":"https:\/\/zooprekes24.lt\/et\/wp-json\/wp\/v2\/product_brand?post=23891"},{"taxonomy":"product_cat","embeddable":true,"href":"https:\/\/zooprekes24.lt\/et\/wp-json\/wp\/v2\/product_cat?post=23891"},{"taxonomy":"product_tag","embeddable":true,"href":"https:\/\/zooprekes24.lt\/et\/wp-json\/wp\/v2\/product_tag?post=23891"}],"curies":[{"name":"wp","href":"https:\/\/api.w.org\/{rel}","templated":true}]}}