{"id":23887,"date":"2024-04-19T13:27:23","date_gmt":"2024-04-19T10:27:23","guid":{"rendered":"https:\/\/zooprekes24.lt\/produktas\/brit-care-sensitive-insect-fresh-herring\/"},"modified":"2024-09-03T17:56:14","modified_gmt":"2024-09-03T14:56:14","slug":"briti-hooldustundlik-putukas-varske-heeringas","status":"publish","type":"product","link":"https:\/\/zooprekes24.lt\/et\/produktas\/brit-care-sensitive-insect-fresh-herring\/","title":{"rendered":"Brit Care Sensitive Insect &amp; Fresh Hering kasside kuivtoit"},"content":{"rendered":"<h3>Brit Care Sensitive Insect &amp; Fresh Hering - kasside kuivtoit h\u00fcpoallergeeniline, <a href=\"https:\/\/www.youtube.com\/watch?v=cYtKN_XLHH0\" target=\"_blank\" rel=\"noopener\">hipokampuse koostis<\/a>t\u00e4iskasvanud kassidele, kellel on toidutalumatus. Rikkalikult oomega-3 ja oomega-6 rasvhappeid, mis aitavad s\u00e4ilitada l\u00e4ikivat karvkatte ja tervet nahka. Putukavalgud toetavad tervislikku seedimist ja v\u00e4hendavad toiduallergia riski. See on ka j\u00e4tkusuutlik valguallikas, millel on madal CO2 jalaj\u00e4lg.<\/h3>\n<ul>\n<li>Ei sisalda teravilja, v\u00e4rvaineid, s\u00e4ilitusaineid, GMOsid ega soja.<\/li>\n<li>Kanarasva asemel kasutatakse kookos\u00f5li.<\/li>\n<li>Suurep\u00e4rase maitsega toit, millele isegi k\u00f5ige valivam kass ei suuda vastu panna.<\/li>\n<li>Putukavalgud tagavad optimaalse seedimise ja on v\u00e4iksema allergiariskiga.<\/li>\n<li><a href=\"https:\/\/zooprekes24.lt\/et\/?s=brit+care+sensitive&amp;post_type=product\" target=\"_blank\" rel=\"noopener\">Brit Care Sensitive<\/a> Insect &amp; Fresh Heeringa toit kasutab madalat CO2-jalaj\u00e4lge.<\/li>\n<li>Rikastatud aminohapetega, et edendada teie lemmiklooma karvkatte ja naha tervist.<\/li>\n<\/ul>","protected":false},"excerpt":{"rendered":"<p>Brit Care Sensitive Insect &amp; Fresh Herring &#8211; sausas maistas kat\u0117ms su hipoalergin\u0117, begr\u016bde sud\u0117timi, skirtas\u00a0suaugusioms kat\u0117ms turin\u010dioms maisto netoleravim\u0105. Gausu Omega-3 ir Omega-6 riebal\u0173 r\u016bg\u0161\u010di\u0173, kurios padeda palaikyti spindint\u012f kail\u012f ir sveik\u0105 od\u0105. Vabzd\u017ei\u0173 baltymai palaiko sveik\u0105 vir\u0161kinim\u0105 ir alergijos maistui rizik\u0105. Taip pat tai tvarus baltym\u0173 \u0161altinis, kuris turi ma\u017e\u0105 CO2 p\u0117dsak\u0105. Be&#8230;<\/p>","protected":false},"featured_media":27815,"comment_status":"closed","ping_status":"closed","template":"","meta":{"_acf_changed":false,"slim_seo":{"title":"Brit Care Sensitive Insect & Fresh Herring sausas maistas kat\u0117ms - Zooprekes24","description":"Brit Care Sensitive Insect &amp; Fresh Hering - h\u00fcpoallergeense, teraviljavaba koostisega kuivtoit t\u00e4iskasvanud kassidele, kellel on toidutalumatust."},"iawp_total_views":216},"product_brand":[],"product_cat":[9027,9047,72,83,25,9016],"product_tag":[1671,1843,1845,1926,1817,1675,1682,1850,1928,1696],"class_list":{"0":"post-23887","1":"product","2":"type-product","3":"status-publish","4":"has-post-thumbnail","6":"product_cat-begrudis-maistas-kaciu-maistas","7":"product_cat-brit-care-kaciu-prekiu-gamintojai","8":"product_cat-kaciu-maistas","9":"product_cat-kaciu-prekiu-gamintojai","10":"product_cat-katems","11":"product_cat-sausas-maistas-kaciu-maistas","12":"product_tag-begrudis-kaciu-maistas","13":"product_tag-brit-care-namie-gyvenancioms-katems","14":"product_tag-brit-care-sterilizuotoms-katems","15":"product_tag-brit-sterilizuotiems","16":"product_tag-edalas-katems","17":"product_tag-kaciu-edalas","18":"product_tag-kaciu-maistas-super-premium-klases","19":"product_tag-kates-slapimo-takams","20":"product_tag-maistas-sterilizuotai-katei","21":"product_tag-super-premium-maistas-katems","22":"pa_pasaro-sudetis-darzoves","23":"pa_pasaro-sudetis-vabzdziai","24":"pa_pasaro-sudetis-vaisiai","25":"pa_pasaro-sudetis-zuvis","26":"pa_prekiu-zenklai-brit-care","28":"first","29":"instock","30":"featured","31":"taxable","32":"shipping-taxable","33":"purchasable","34":"product-type-variable"},"acf":[],"_links":{"self":[{"href":"https:\/\/zooprekes24.lt\/et\/wp-json\/wp\/v2\/product\/23887","targetHints":{"allow":["GET"]}}],"collection":[{"href":"https:\/\/zooprekes24.lt\/et\/wp-json\/wp\/v2\/product"}],"about":[{"href":"https:\/\/zooprekes24.lt\/et\/wp-json\/wp\/v2\/types\/product"}],"replies":[{"embeddable":true,"href":"https:\/\/zooprekes24.lt\/et\/wp-json\/wp\/v2\/comments?post=23887"}],"wp:featuredmedia":[{"embeddable":true,"href":"https:\/\/zooprekes24.lt\/et\/wp-json\/wp\/v2\/media\/27815"}],"wp:attachment":[{"href":"https:\/\/zooprekes24.lt\/et\/wp-json\/wp\/v2\/media?parent=23887"}],"wp:term":[{"taxonomy":"product_brand","embeddable":true,"href":"https:\/\/zooprekes24.lt\/et\/wp-json\/wp\/v2\/product_brand?post=23887"},{"taxonomy":"product_cat","embeddable":true,"href":"https:\/\/zooprekes24.lt\/et\/wp-json\/wp\/v2\/product_cat?post=23887"},{"taxonomy":"product_tag","embeddable":true,"href":"https:\/\/zooprekes24.lt\/et\/wp-json\/wp\/v2\/product_tag?post=23887"}],"curies":[{"name":"wp","href":"https:\/\/api.w.org\/{rel}","templated":true}]}}