{"id":23884,"date":"2024-04-19T13:27:11","date_gmt":"2024-04-19T10:27:11","guid":{"rendered":"https:\/\/zooprekes24.lt\/produktas\/royal-canin-satiety-weight-management-wet\/"},"modified":"2025-07-28T19:26:42","modified_gmt":"2025-07-28T17:26:42","slug":"royal-canin-satiety-weight-management-wet","status":"publish","type":"product","link":"https:\/\/zooprekes24.lt\/et\/produktas\/royal-canin-satiety-weight-management-wet\/","title":{"rendered":"Royal Canin Satiety Weight Management konservai kat\u0117ms pada\u017ee"},"content":{"rendered":"<h3>Royal Canin Satiety Weight Management konservai tai visavertis, dietinis \u0161lapias \u0117dalas\u00a0suaugusioms ir vyresnio am\u017eiaus kat\u0117ms, <a href=\"https:\/\/zooprekes24.lt\/kategorija\/prekes-katems\/kaciu-maistas\/?filters=paskirtis[642]\" target=\"_blank\" rel=\"noopener\">kovojan\u010dioms su antsvorio ir nutukimo problemomis<\/a>. Konserv\u0173 sud\u0117tyje padidintas lengvai vir\u0161kinam\u0173 baltym\u0173 kiekis bei vertingas sveikatai vitamin\u0173 ir mineral\u0173 kompleksas. Prie\u0161 pradedant diet\u0105, b\u016btina nustatyti idealu kat\u0117s k\u016bno svor\u012f pagal individualias gyv\u016bno savybes ir veisl\u0117s standart\u0105. Optimalus svorio metimas: 1-3% per savait\u0119.<\/h3>\n<ul>\n<li>Didelis baltym\u0173 kiekis esantis Royal Canin Satiety Weight Management konserv\u0173 sud\u0117tyje suma\u017eina gyv\u016bno raumen\u0173 mas\u0117s praradim\u0105 svorio metimo laikotarpiu.<\/li>\n<li><a href=\"https:\/\/www.youtube.com\/watch?v=ORSAumRL3Sk\" target=\"_blank\" rel=\"noopener\">Specialus \u012fvairi\u0173 r\u016b\u0161i\u0173 skaidul\u0173 mi\u0161inys skatina skrand\u017eio u\u017epildym\u0105 ir sotumo jausm\u0105<\/a>, tod\u0117l suma\u017e\u0117ja dienos valgym\u0173 skai\u010dius.<\/li>\n<li>Atlikti tyrimai parod\u0117, jog net 97% anstvor\u012f turin\u010di\u0173 ka\u010di\u0173 numet\u0117 nepageidaujam\u0105 svor\u012f per pirmus 3 m\u0117nesius vartojant Royal Canin Satiety Weight Management linijos sauso maisto ir \u0161lapio \u0117dalo diet\u0105.<\/li>\n<li>Unikali Royal Canin Satiety Weight Management maisto formul\u0117 praturtinta naudingu vitamin\u0173 ir mineral\u0173 kompleksu, apr\u016bpina gyv\u016bn\u0105 visomis b\u016btinosiomis maistin\u0117mis med\u017eiagomis svorio metimo ir ribotos mitybos laikotarpiu.<\/li>\n<\/ul>\n<h3><span style=\"color: #438472; font-size: 14px;\"><strong>Maistas tinkamas <span style=\"color: #438472;\">naudojimui<\/span> jeigu pasirei\u0161kia:<\/strong><\/span><\/h3>\n<ul>\n<li>Nutukimas<\/li>\n<li>Antsvoris<\/li>\n<li>Antsvorio hiperlipidemija<\/li>\n<li>Cukrinis diabetas (esant antsvoriui)<\/li>\n<\/ul>\n<h3><span style=\"font-size: 14px; color: #438472;\"><strong>Maisto negalima naudoti:<\/strong><\/span><\/h3>\n<ul>\n<li>N\u0117\u0161tumo, \u017eindymo, augimo laikotarpiu<\/li>\n<li>L\u0117tiniu lig\u0173 atveju, kuomet b\u016btina daug kalorij\u0173 turinti dieta<\/li>\n<li>Viduri\u0173 u\u017ekiet\u0117jim\u0173 atvejais kai reikalinga daug skaidul\u0173 turinti dieta<\/li>\n<\/ul>\n<p><img loading=\"lazy\" decoding=\"async\" class=\"alignnone wp-image-8361\" src=\"https:\/\/zooprekes24.lt\/wp-content\/uploads\/vhn-all-territories-packaging-emblematic-all-adult-cat.png\" alt=\"Royal Canin VD Cat Gastro Intestinal logo\" width=\"320\" height=\"341\" \/><\/p>\n","protected":false},"excerpt":{"rendered":"<p>Royal Canin Satiety Weight Management konservai tai visavertis, dietinis \u0161lapias \u0117dalas\u00a0suaugusioms ir vyresnio am\u017eiaus kat\u0117ms, kovojan\u010dioms su antsvorio ir nutukimo problemomis. Konserv\u0173 sud\u0117tyje padidintas lengvai vir\u0161kinam\u0173 baltym\u0173 kiekis bei vertingas sveikatai vitamin\u0173 ir mineral\u0173 kompleksas. Prie\u0161 pradedant diet\u0105, b\u016btina nustatyti idealu kat\u0117s k\u016bno svor\u012f pagal individualias gyv\u016bno savybes ir veisl\u0117s standart\u0105. Optimalus svorio metimas: 1-3%&#8230;<\/p>","protected":false},"featured_media":20378,"comment_status":"closed","ping_status":"closed","template":"","meta":{"_acf_changed":false,"slim_seo":{"title":"Royal Canin Satiety Weight Management konservai kat\u0117ms pada\u017ee - Zooprekes24","description":"Royal Canin Satiety Weight Management konservai tai visavertis, dietinis \u0161lapias \u0117dalas\u00a0suaugusioms ir vyresnio am\u017eiaus kat\u0117ms, kovojan\u010dioms su antsvorio ir nut"},"iawp_total_views":255},"product_brand":[],"product_cat":[72,83,25,9242,9020,9037],"product_tag":[1817,1675,4419,2329],"class_list":{"0":"post-23884","1":"product","2":"type-product","3":"status-publish","4":"has-post-thumbnail","6":"product_cat-kaciu-maistas","7":"product_cat-kaciu-prekiu-gamintojai","8":"product_cat-katems","9":"product_cat-royal-canin-veterinary-diets-katems","10":"product_cat-slapias-maistas-kaciu-maistas","11":"product_cat-veterinarine-dieta-kaciu-maistas","12":"product_tag-edalas-katems","13":"product_tag-kaciu-edalas","14":"product_tag-royal-canin-satajeti","15":"product_tag-sausas-maistas-storai-katei","16":"pa_pasaro-sudetis-juros-gerybes","17":"pa_pasaro-sudetis-kiausiniai","18":"pa_prekiu-zenklai-royal-canin-veterinary-diets","20":"first","21":"instock","22":"taxable","23":"shipping-taxable","24":"purchasable","25":"product-type-variable"},"acf":[],"_links":{"self":[{"href":"https:\/\/zooprekes24.lt\/et\/wp-json\/wp\/v2\/product\/23884","targetHints":{"allow":["GET"]}}],"collection":[{"href":"https:\/\/zooprekes24.lt\/et\/wp-json\/wp\/v2\/product"}],"about":[{"href":"https:\/\/zooprekes24.lt\/et\/wp-json\/wp\/v2\/types\/product"}],"replies":[{"embeddable":true,"href":"https:\/\/zooprekes24.lt\/et\/wp-json\/wp\/v2\/comments?post=23884"}],"wp:featuredmedia":[{"embeddable":true,"href":"https:\/\/zooprekes24.lt\/et\/wp-json\/wp\/v2\/media\/20378"}],"wp:attachment":[{"href":"https:\/\/zooprekes24.lt\/et\/wp-json\/wp\/v2\/media?parent=23884"}],"wp:term":[{"taxonomy":"product_brand","embeddable":true,"href":"https:\/\/zooprekes24.lt\/et\/wp-json\/wp\/v2\/product_brand?post=23884"},{"taxonomy":"product_cat","embeddable":true,"href":"https:\/\/zooprekes24.lt\/et\/wp-json\/wp\/v2\/product_cat?post=23884"},{"taxonomy":"product_tag","embeddable":true,"href":"https:\/\/zooprekes24.lt\/et\/wp-json\/wp\/v2\/product_tag?post=23884"}],"curies":[{"name":"wp","href":"https:\/\/api.w.org\/{rel}","templated":true}]}}