{"id":23822,"date":"2024-04-19T13:25:16","date_gmt":"2024-04-19T10:25:16","guid":{"rendered":"https:\/\/zooprekes24.lt\/produktas\/fitmin-for-life-kitten-kaciukams\/"},"modified":"2026-02-27T11:30:04","modified_gmt":"2026-02-27T09:30:04","slug":"fitmin-for-life-kassipoegade-jaoks","status":"publish","type":"product","link":"https:\/\/zooprekes24.lt\/et\/produktas\/fitmin-for-life-kitten-kaciukams\/","title":{"rendered":"Fitmin for Life Kitten kuivtoit kassipoegadele"},"content":{"rendered":"<h3>Fitmin for Life Kitten on kuivtoit kassipoegadele, mis sisaldab kuni 89 % loomset valku. Maitsev pelletivalem tagab suurep\u00e4rase maitse ja toitainete optimaalse suhte toidus. Hellitage oma ustavat s\u00f5pra maitsva Fitmin for Life toiduga, mille koostisosad on hoolikalt valitud kohalikes taludes Euroopa s\u00fcdames, T\u0161ehhi Vabariigis, m\u00e4gede vahel.<\/h3>\n<ul>\n<li>Kassipoegade puhul on eriti oluline toit, mis sisaldab kvaliteetseid valke, rasvu, vitamiine ja olulisi toitaineid tervislikuks kasvuks ja optimaalseks arenguks. Fitmin for Life Kitten\u00a0<strong><span style=\"color: #808080\"><span style=\"color: #808080\">retsepti alus - kanaliha<\/span>mis ei ole mitte ainult maitsev ja kergesti seeditav, vaid annab teie kassipoegadele ka k\u00f5ik, mida nad vajavad suurep\u00e4raseks ja t\u00e4ielikuks kasvuks.<\/span><\/strong><\/li>\n<li><span style=\"color: #808080\"><strong><a style=\"color: #808080\" href=\"https:\/\/www.youtube.com\/watch?v=1yoQTbErEss\" target=\"_blank\" rel=\"noopener\">V\u00e4rske liha kasutatakse toiduainete tootmise tehnoloogias<\/a><\/strong><\/span>mis toob esile looduslike koostisosade maitse, s\u00e4ilitades samal ajal oluliste toitainete ja valkude terviklikkuse. See tagab ka toidu k\u00f5rge kvaliteedi ja maitse, mis ei j\u00e4ta kedagi \u00fcksk\u00f5ikseks.<\/li>\n<li>Sisaldab <strong><span style=\"color: #808080\">Dental Care Complex pakub suu\u00f5\u00f5ne antibakteriaalset kaitset.<\/span><\/strong>mis takistab varajast hambakivi teket ja kaitseb teie kassipoegade hambaid hambakivi tekkimise eest.<\/li>\n<li><span style=\"color: #808080\"><strong>Prebiootikumid\u00a0<\/strong><\/span>ei kaitse mitte ainult noore kassipoisi keha, vaid ka <span style=\"color: #808080\"><strong>aitab arendada tervislikku seedes\u00fcsteemi<\/strong><\/span>.<\/li>\n<li>Uuring n\u00e4itas, et <span style=\"color: #808080\"><strong>100 % kasvatajat soovitaks Fitmin for Life kassitoitu oma klientidele ja s\u00f5pradele.<\/strong><\/span>.<\/li>\n<li>Fitmin for Life Kitten toit <strong><span style=\"color: #808080\">asjakohane <\/span><\/strong><span style=\"color: #808080\"><strong>tiined ja imetavad kassid<\/strong><\/span>.<\/li>\n<li>Sisaldab <span style=\"color: #808080\"><strong>ei kasutata nisu ega maisi<\/strong>.<\/span><\/li>\n<\/ul>","protected":false},"excerpt":{"rendered":"<p>Fitmin for Life Kitten &#8211; visavertis sausas maistas ka\u010diukams, kuriame yra net 89 % gyv\u016bnin\u0117s kilm\u0117s baltym\u0173.\u00a0Gardi granuli\u0173 formul\u0117 garantuoja puik\u0173 \u0117dalo skon\u012f ir optimali\u0105 maistini\u0173 med\u017eiag\u0173 proporcij\u0105 esan\u010dia pa\u0161are. Palepinkite savo i\u0161tikimiausi\u0105 draug\u0105 gard\u017eiu Fitmin for Life maistu, kurio ingredientai kruop\u0161\u010diai\u00a0atrenkami vietin\u0117se fermose tarp kaln\u0173, Europos \u0161irdyje, \u010cekijoje. Ka\u010diukams yra ypa\u010d svarbus maistas, kuriame&#8230;<\/p>","protected":false},"featured_media":20361,"comment_status":"closed","ping_status":"closed","template":"","meta":{"_acf_changed":false,"slim_seo":{"title":"Fitmin for Life Kitten sausas maistas ka\u010diukams - Zooprekes24","description":"Fitmin for Life Kitten on kuivtoit kassipoegadele, mis sisaldab kuni 89 % loomset valku. Maitsev pelletivalem tagab suurep\u00e4rase maitse"},"iawp_total_views":251},"product_brand":[],"product_cat":[9042,72,83,25,9016],"product_tag":[3194,1817,1675,1682],"class_list":{"0":"post-23822","1":"product","2":"type-product","3":"status-publish","4":"has-post-thumbnail","6":"product_cat-fitmin-for-life-katems","7":"product_cat-kaciu-maistas","8":"product_cat-kaciu-prekiu-gamintojai","9":"product_cat-katems","10":"product_cat-sausas-maistas-kaciu-maistas","11":"product_tag-begrudis-maistas-kaciukams","12":"product_tag-edalas-katems","13":"product_tag-kaciu-edalas","14":"product_tag-kaciu-maistas-super-premium-klases","15":"pa_pasaro-sudetis-vistiena","16":"pa_prekiu-zenklai-fitmin-for-life","18":"first","19":"instock","20":"sale","21":"featured","22":"taxable","23":"shipping-taxable","24":"purchasable","25":"product-type-variable"},"acf":[],"_links":{"self":[{"href":"https:\/\/zooprekes24.lt\/et\/wp-json\/wp\/v2\/product\/23822","targetHints":{"allow":["GET"]}}],"collection":[{"href":"https:\/\/zooprekes24.lt\/et\/wp-json\/wp\/v2\/product"}],"about":[{"href":"https:\/\/zooprekes24.lt\/et\/wp-json\/wp\/v2\/types\/product"}],"replies":[{"embeddable":true,"href":"https:\/\/zooprekes24.lt\/et\/wp-json\/wp\/v2\/comments?post=23822"}],"wp:featuredmedia":[{"embeddable":true,"href":"https:\/\/zooprekes24.lt\/et\/wp-json\/wp\/v2\/media\/20361"}],"wp:attachment":[{"href":"https:\/\/zooprekes24.lt\/et\/wp-json\/wp\/v2\/media?parent=23822"}],"wp:term":[{"taxonomy":"product_brand","embeddable":true,"href":"https:\/\/zooprekes24.lt\/et\/wp-json\/wp\/v2\/product_brand?post=23822"},{"taxonomy":"product_cat","embeddable":true,"href":"https:\/\/zooprekes24.lt\/et\/wp-json\/wp\/v2\/product_cat?post=23822"},{"taxonomy":"product_tag","embeddable":true,"href":"https:\/\/zooprekes24.lt\/et\/wp-json\/wp\/v2\/product_tag?post=23822"}],"curies":[{"name":"wp","href":"https:\/\/api.w.org\/{rel}","templated":true}]}}