{"id":23810,"date":"2024-04-19T13:25:03","date_gmt":"2024-04-19T10:25:03","guid":{"rendered":"https:\/\/zooprekes24.lt\/produktas\/fitmin-for-life-castrate-chicken-katems\/"},"modified":"2026-04-03T16:09:06","modified_gmt":"2026-04-03T14:09:06","slug":"fitmin-for-life-kastraat-kana-katems","status":"publish","type":"product","link":"https:\/\/zooprekes24.lt\/et\/produktas\/fitmin-for-life-castrate-chicken-katems\/","title":{"rendered":"Fitmin for Life Castrate Chicken kasside kuivtoit"},"content":{"rendered":"<h3>Fitmin for Life Castrate Chicken on t\u00e4istoit t\u00e4iskasvanud steriliseeritud\/kastreeritud kassidele, mis sisaldab 85 % loomset valku. Maitsev pelletivalem tagab suurep\u00e4rase maitse ja toitainete optimaalse osakaalu toidus. Hellitage oma ustavat s\u00f5pra maitsva Fitmin for Life'i toiduga, mille koostisosad on hoolikalt valitud kohalikes taludes Euroopa s\u00fcdames, T\u0161ehhi Vabariigis m\u00e4gede vahel.<\/h3>\n<ul>\n<li><span style=\"color: #808080\"><strong><a style=\"color: #808080\" href=\"https:\/\/www.youtube.com\/watch?v=1yoQTbErEss\" target=\"_blank\" rel=\"noopener\">V\u00e4rske kanaliha kasutatakse toiduainete tootmise tehnoloogias<\/a><\/strong><\/span>mis toob esile looduslike koostisosade maitse, s\u00e4ilitades samal ajal oluliste toitainete ja valkude terviklikkuse. See tagab ka toidu k\u00f5rge kvaliteedi ja maitse, mis ei j\u00e4ta kedagi \u00fcksk\u00f5ikseks.<\/li>\n<li>Sisaldab <strong><span style=\"color: #808080\">antioks\u00fcdantide kompleks koos prebiootikumidega tugevdab kassi loomulikku kaitsev\u00f5imet ja v\u00f5itleb vananemisilmingute vastu.<\/span><\/strong> et hoida oma lemmiklooma eluj\u00f5udu ja head tervist.<\/li>\n<li>Fitmin for Life kastreeritud kana <strong><span style=\"color: #808080\">Dental Care Complex pakub suu\u00f5\u00f5ne antibakteriaalset kaitset.<\/span><\/strong>mis takistab varajast hambakivi teket ja kaitseb teie kassi hambaid hambakivi tekkimise eest.<\/li>\n<li>Uuring n\u00e4itas, et <span style=\"color: #808080\"><strong>100 % kasvatajat soovitaks Fitmin for Life kassitoitu oma klientidele ja s\u00f5pradele.<\/strong><\/span>.<\/li>\n<li>Fitmin for Life kastreeritud kana sisaldab <span style=\"color: #808080\"><strong>ei kasutata nisu ega maisi<\/strong>.<\/span><\/li>\n<\/ul>","protected":false},"excerpt":{"rendered":"<p>Fitmin for Life Castrate Chicken &#8211; visavertis sausas maistas suaugusioms, sterilizuotoms kat\u0117ms, kuriame yra 85 % gyv\u016bnin\u0117s kilm\u0117s baltym\u0173.\u00a0Gardi granuli\u0173 formul\u0117 garantuoja puik\u0173 \u0117dalo skon\u012f ir optimali\u0105 maistini\u0173 med\u017eiag\u0173 proporcij\u0105 esan\u010dia pa\u0161are. Palepinkite savo i\u0161tikimiausi\u0105 draug\u0105 gard\u017eiu Fitmin for Life maistu, kurio ingredientai kruop\u0161\u010diai\u00a0atrenkami vietin\u0117se fermose tarp kaln\u0173, Europos \u0161irdyje, \u010cekijoje. Maisto gamybos technologijoje naudojama&#8230;<\/p>","protected":false},"featured_media":20353,"comment_status":"closed","ping_status":"closed","template":"","meta":{"_acf_changed":false,"slim_seo":{"title":"Fitmin for Life Castrate Chicken sausas maistas kat\u0117ms - Zooprekes24","description":"Fitmin for Life Castrate Chicken on t\u00e4istoit t\u00e4iskasvanud steriliseeritud\/kastreeritud kassidele, mis sisaldab 85 % loomset valku. Maitsev kibleti kujul"},"iawp_total_views":318},"product_brand":[],"product_cat":[9042,72,83,25,9016],"product_tag":[1671,1817,1965,1675,1682,1966],"class_list":{"0":"post-23810","1":"product","2":"type-product","3":"status-publish","4":"has-post-thumbnail","6":"product_cat-fitmin-for-life-katems","7":"product_cat-kaciu-maistas","8":"product_cat-kaciu-prekiu-gamintojai","9":"product_cat-katems","10":"product_cat-sausas-maistas-kaciu-maistas","11":"product_tag-begrudis-kaciu-maistas","12":"product_tag-edalas-katems","13":"product_tag-fitmin-maistas-sterilizuotoms-katems","14":"product_tag-kaciu-edalas","15":"product_tag-kaciu-maistas-super-premium-klases","16":"product_tag-maistas-kastruotam-katinui","17":"pa_pasaro-sudetis-vistiena","18":"pa_prekiu-zenklai-fitmin-for-life","20":"first","21":"instock","22":"featured","23":"taxable","24":"shipping-taxable","25":"purchasable","26":"product-type-variable"},"acf":[],"_links":{"self":[{"href":"https:\/\/zooprekes24.lt\/et\/wp-json\/wp\/v2\/product\/23810","targetHints":{"allow":["GET"]}}],"collection":[{"href":"https:\/\/zooprekes24.lt\/et\/wp-json\/wp\/v2\/product"}],"about":[{"href":"https:\/\/zooprekes24.lt\/et\/wp-json\/wp\/v2\/types\/product"}],"replies":[{"embeddable":true,"href":"https:\/\/zooprekes24.lt\/et\/wp-json\/wp\/v2\/comments?post=23810"}],"wp:featuredmedia":[{"embeddable":true,"href":"https:\/\/zooprekes24.lt\/et\/wp-json\/wp\/v2\/media\/20353"}],"wp:attachment":[{"href":"https:\/\/zooprekes24.lt\/et\/wp-json\/wp\/v2\/media?parent=23810"}],"wp:term":[{"taxonomy":"product_brand","embeddable":true,"href":"https:\/\/zooprekes24.lt\/et\/wp-json\/wp\/v2\/product_brand?post=23810"},{"taxonomy":"product_cat","embeddable":true,"href":"https:\/\/zooprekes24.lt\/et\/wp-json\/wp\/v2\/product_cat?post=23810"},{"taxonomy":"product_tag","embeddable":true,"href":"https:\/\/zooprekes24.lt\/et\/wp-json\/wp\/v2\/product_tag?post=23810"}],"curies":[{"name":"wp","href":"https:\/\/api.w.org\/{rel}","templated":true}]}}