{"id":23801,"date":"2024-04-19T13:25:03","date_gmt":"2024-04-19T10:25:03","guid":{"rendered":"https:\/\/zooprekes24.lt\/produktas\/orijen-guardian-8-sausas-maistas-katems\/"},"modified":"2026-03-31T15:18:46","modified_gmt":"2026-03-31T13:18:46","slug":"orijen-guardian-8-kasside-kuivtoit","status":"publish","type":"product","link":"https:\/\/zooprekes24.lt\/et\/produktas\/orijen-guardian-8-sausas-maistas-katems\/","title":{"rendered":"Orijen Guardian 8 kasside kuivtoit"},"content":{"rendered":"<h3>Orijen Guardian 8 on kasside kuivtoit, mille koostis aitab ennetada kaheksat kasside tavalist haigust. See retsept on rikas v\u00e4rskete ja t\u00f6\u00f6tlemata loomsete koostisosade poolest, et toetada teie lemmiklooma heaolu ja tervist. K\u00f5ik tarnitakse v\u00e4rskelt <a href=\"https:\/\/orijen.ca\/en-CA\/orijen-about-fresh_regional_ingredients.html\" target=\"_blank\" rel=\"noopener\">WholePrey\u2122<\/a> m\u00f5iste (kogusaak).<\/h3>\n<ol>\n<li>Tauriin kodulindudest, kalast ja munadest aitab s\u00e4ilitada normaalset s\u00fcdametegevust.<\/li>\n<li>Kala DHA ja EPA ning puu- ja k\u00f6\u00f6giviljadest saadavad antioks\u00fcdandid aitavad s\u00e4ilitada tugevat immuuns\u00fcsteemi.<\/li>\n<li>Kammkala\u00f5list saadud oomega-3-rasvhapped aitavad s\u00e4ilitada liigeste normaalset tervist.<\/li>\n<li>Kammkala\u00f5list saadavad oomega-3-rasvhapped aitavad s\u00e4ilitada terve naha ja l\u00e4ikiva karvkatte.<\/li>\n<li>Sigurijuurtest saadud prebiootikumid ning puu- ja k\u00f6\u00f6giviljadest saadud kiudained aitavad s\u00e4ilitada normaalset seedimist.<\/li>\n<li>Loomsed koostisosad, nagu kana, l\u00f5he ja kalkun, aitavad s\u00e4ilitada lihaste normaalset tervist.<\/li>\n<li>DHA ja EPA s\u00fcsika\u00f5list ning arginiin kodulindudest ja kaladest aitavad s\u00e4ilitada normaalset ajufunktsiooni.<\/li>\n<li>Tauriin ja A-vitamiin loomsetest koostisosadest, nagu kana- ja kalkunimaks, aitavad s\u00e4ilitada normaalset silmade funktsiooni.<\/li>\n<\/ol>\n<p>Kuna 2\/3 liha on igas suut\u00e4ites v\u00e4rske v\u00f5i toores, annab see teie kassile olulisi looduslikke toitaineid. \u00dclej\u00e4\u00e4nud 1\/3 lihast kuivatatakse madalal temperatuuril, et luua kontsentreeritud toitaineliselt v\u00e4\u00e4rtusliku valgu allikas, mida v\u00e4rske liha \u00fcksi ei suuda pakkuda. Guardian 8 sisaldab toitvaid koostisosi, mis aitavad toetada teie kassi \u00fcldist tervist ja pakuvad koguni 8 kasu. Orijen Guardian 8 sisaldab <a href=\"https:\/\/zooprekes24.lt\/et\/kategorija\/prekes-katems\/parditoodete-tootjad\/orijen-katems\/\" target=\"_blank\" rel=\"noopener\">palju v\u00e4rsket liha<\/a>, siseorganid ja luud, nii et teie kass saab looduslikult vajalikke toitaineid ja looduslikke mineraalaineid. Valmistatud auhinnatud k\u00f6\u00f6gis parimatest ja v\u00e4rsketest koostisosadest, <a href=\"https:\/\/orijen.ca\/en-CA\/orijen-about-biologically_appropriate.html\" target=\"_blank\" rel=\"noopener\">Bioloogiliselt sobiv\u2122<\/a> (Bioloogiliselt sobiv) koostis tagab terve ja \u00f5nneliku kassi.<\/p>","protected":false},"excerpt":{"rendered":"<p>Orijen Guardian 8 yra sausas maistas kat\u0117ms, kurio sud\u0117tis gali pad\u0117ti i\u0161vengti a\u0161tuoni\u0173 kat\u0117ms da\u017eniausiai pasitaikan\u010di\u0173 negalavim\u0173. \u0160iame recepte gausu \u0161vie\u017ei\u0173 ir neapdirbt\u0173 gyv\u016bnini\u0173 ingredient\u0173, kad palaikyti ger\u0105 augintinio savijaut\u0105 ir sveikat\u0105.\u00a0Viskas pristatoma \u0161vie\u017eia laikantis WholePrey\u2122 (viso grobio) koncepcijos. Taurinas i\u0161 pauk\u0161tienos, \u017euvies ir kiau\u0161iniu padeda palaikyti normali\u0105 \u0161irdies veikl\u0105. DHR ir EPA i\u0161 \u017euvies&#8230;<\/p>","protected":false},"featured_media":20348,"comment_status":"closed","ping_status":"closed","template":"","meta":{"_acf_changed":false,"slim_seo":{"title":"Orijen Guardian 8 sausas maistas kat\u0117ms - Zooprekes24","description":"Orijen Guardian 8 on kasside kuivtoit, mille koostis aitab ennetada kaheksat kasside tavalist haigust. See retsept on rikas v\u00e4rskete"},"iawp_total_views":838},"product_brand":[],"product_cat":[9027,72,83,25,9028,9016],"product_tag":[1671,1817,1675,1682,1696],"class_list":{"0":"post-23801","1":"product","2":"type-product","3":"status-publish","4":"has-post-thumbnail","6":"product_cat-begrudis-maistas-kaciu-maistas","7":"product_cat-kaciu-maistas","8":"product_cat-kaciu-prekiu-gamintojai","9":"product_cat-katems","10":"product_cat-orijen-kaciu-prekiu-gamintojai","11":"product_cat-sausas-maistas-kaciu-maistas","12":"product_tag-begrudis-kaciu-maistas","13":"product_tag-edalas-katems","14":"product_tag-kaciu-edalas","15":"product_tag-kaciu-maistas-super-premium-klases","16":"product_tag-super-premium-maistas-katems","17":"pa_pasaro-sudetis-darzoves","18":"pa_pasaro-sudetis-kalakutiena","19":"pa_pasaro-sudetis-kepeneles","20":"pa_pasaro-sudetis-kiausiniai","21":"pa_pasaro-sudetis-lasisa","22":"pa_pasaro-sudetis-triusiena","23":"pa_pasaro-sudetis-uogos","24":"pa_pasaro-sudetis-vaisiai","25":"pa_pasaro-sudetis-vistiena","26":"pa_pasaro-sudetis-zuvis","27":"pa_prekiu-zenklai-orijen","29":"first","30":"instock","31":"featured","32":"taxable","33":"shipping-taxable","34":"purchasable","35":"product-type-variable"},"acf":[],"_links":{"self":[{"href":"https:\/\/zooprekes24.lt\/et\/wp-json\/wp\/v2\/product\/23801","targetHints":{"allow":["GET"]}}],"collection":[{"href":"https:\/\/zooprekes24.lt\/et\/wp-json\/wp\/v2\/product"}],"about":[{"href":"https:\/\/zooprekes24.lt\/et\/wp-json\/wp\/v2\/types\/product"}],"replies":[{"embeddable":true,"href":"https:\/\/zooprekes24.lt\/et\/wp-json\/wp\/v2\/comments?post=23801"}],"wp:featuredmedia":[{"embeddable":true,"href":"https:\/\/zooprekes24.lt\/et\/wp-json\/wp\/v2\/media\/20348"}],"wp:attachment":[{"href":"https:\/\/zooprekes24.lt\/et\/wp-json\/wp\/v2\/media?parent=23801"}],"wp:term":[{"taxonomy":"product_brand","embeddable":true,"href":"https:\/\/zooprekes24.lt\/et\/wp-json\/wp\/v2\/product_brand?post=23801"},{"taxonomy":"product_cat","embeddable":true,"href":"https:\/\/zooprekes24.lt\/et\/wp-json\/wp\/v2\/product_cat?post=23801"},{"taxonomy":"product_tag","embeddable":true,"href":"https:\/\/zooprekes24.lt\/et\/wp-json\/wp\/v2\/product_tag?post=23801"}],"curies":[{"name":"wp","href":"https:\/\/api.w.org\/{rel}","templated":true}]}}