{"id":23768,"date":"2024-04-19T13:24:39","date_gmt":"2024-04-19T10:24:39","guid":{"rendered":"https:\/\/zooprekes24.lt\/produktas\/record-tuoletas-katems-su-remu\/"},"modified":"2026-02-11T12:50:30","modified_gmt":"2026-02-11T10:50:30","slug":"record-kaciu-tualetas-su-remu-rudas-su-sviesiai-pilku","status":"publish","type":"product","link":"https:\/\/zooprekes24.lt\/et\/produktas\/record-kaciu-tualetas-su-remu-rudas-su-sviesiai-pilku\/","title":{"rendered":"Record ka\u010di\u0173 tualetas su r\u0117mu, rudas su \u0161viesiai pilku"},"content":{"rendered":"<h3>Record tualetas kat\u0117ms su r\u0117mu tai patogumas augintiniui &#8211; \u0161vara J\u016bs\u0173 namuose! Naudojant \u0161\u012f tualet\u0105 bus <a href=\"https:\/\/www.youtube.com\/watch?v=XjKeM3m5iNg\" target=\"_blank\" rel=\"noopener noreferrer\">lihtne hoolitseda oma kassi h\u00fcgieeni eest.<\/a><\/h3>\n<ul>\n<li>V\u00e4rvus: helepruun.<\/li>\n<li>Valmistatud vastupidavast plastist.<\/li>\n<li>WC on piisavalt s\u00fcgav, millel on spetsiaalne ovaalne kaitseraam, et v\u00e4ltida kassi kriimustamist. <a href=\"https:\/\/zooprekes24.lt\/et\/kategorija\/prekes-katems\/hugieeni-ja-puhastusvahendid-kassidele\/kraikas-katems\/\" target=\"_blank\" rel=\"noopener noreferrer\">kraiko<\/a>.<\/li>\n<li>Lihtne puhastada - eemaldage kasutatud pesu p\u00e4rast raami eemaldamist ja loputage tualettruumi sooja vee v\u00f5i antibakteriaalse lahusega.<\/li>\n<\/ul>","protected":false},"excerpt":{"rendered":"<p>Record tualetas kat\u0117ms su r\u0117mu tai patogumas augintiniui &#8211; \u0161vara J\u016bs\u0173 namuose! Naudojant \u0161\u012f tualet\u0105 bus paprasta pasir\u016bpinti kat\u0117s higiena. Spalva &#8211; \u0161viesiai ruda. Pagamintas i\u0161 tvirto plastiko. Tualetas pakankamai gilus su specialiu ovaliu apsauginiu r\u0117mu, kuris apsaugo, kad kat\u0117 nei\u0161drabstyt\u0173 kraiko. Paprasta i\u0161valyti &#8211; nu\u0117mus r\u0117m\u0105 pa\u0161alinkite panaudot\u0105 kraik\u0105, o tualet\u0105 i\u0161plaukite \u0161iltu vandeniu&#8230;<\/p>","protected":false},"featured_media":45670,"comment_status":"closed","ping_status":"closed","template":"","meta":{"_acf_changed":false,"slim_seo":{"title":"Record ka\u010di\u0173 tualetas su r\u0117mu, rudas su \u0161viesiai pilku - Zooprekes24","description":"Record tualetas kat\u0117ms su r\u0117mu tai patogumas augintiniui - \u0161vara J\u016bs\u0173 namuose! Naudojant \u0161\u012f tualet\u0105 bus paprasta pasir\u016bpinti kat\u0117s higiena. Spalva - \u0161viesiai ru"},"iawp_total_views":148},"product_brand":[],"product_cat":[78,25,9077],"product_tag":[1873],"class_list":{"0":"post-23768","1":"product","2":"type-product","3":"status-publish","4":"has-post-thumbnail","6":"product_cat-higiena-ir-prieziura-katems","7":"product_cat-katems","8":"product_cat-tualetai","9":"product_tag-cats-best-okoplus-kraikas","10":"pa_prekiu-zenklai-record","12":"first","13":"instock","14":"featured","15":"taxable","16":"shipping-taxable","17":"purchasable","18":"product-type-variable","19":"has-default-attributes"},"acf":[],"_links":{"self":[{"href":"https:\/\/zooprekes24.lt\/et\/wp-json\/wp\/v2\/product\/23768","targetHints":{"allow":["GET"]}}],"collection":[{"href":"https:\/\/zooprekes24.lt\/et\/wp-json\/wp\/v2\/product"}],"about":[{"href":"https:\/\/zooprekes24.lt\/et\/wp-json\/wp\/v2\/types\/product"}],"replies":[{"embeddable":true,"href":"https:\/\/zooprekes24.lt\/et\/wp-json\/wp\/v2\/comments?post=23768"}],"wp:featuredmedia":[{"embeddable":true,"href":"https:\/\/zooprekes24.lt\/et\/wp-json\/wp\/v2\/media\/45670"}],"wp:attachment":[{"href":"https:\/\/zooprekes24.lt\/et\/wp-json\/wp\/v2\/media?parent=23768"}],"wp:term":[{"taxonomy":"product_brand","embeddable":true,"href":"https:\/\/zooprekes24.lt\/et\/wp-json\/wp\/v2\/product_brand?post=23768"},{"taxonomy":"product_cat","embeddable":true,"href":"https:\/\/zooprekes24.lt\/et\/wp-json\/wp\/v2\/product_cat?post=23768"},{"taxonomy":"product_tag","embeddable":true,"href":"https:\/\/zooprekes24.lt\/et\/wp-json\/wp\/v2\/product_tag?post=23768"}],"curies":[{"name":"wp","href":"https:\/\/api.w.org\/{rel}","templated":true}]}}