{"id":23747,"date":"2024-04-19T13:24:29","date_gmt":"2024-04-19T10:24:29","guid":{"rendered":"https:\/\/zooprekes24.lt\/produktas\/brit-veterinary-diets-renal-cat-wet\/"},"modified":"2026-03-02T14:31:47","modified_gmt":"2026-03-02T12:31:47","slug":"brit-veterinaardieet-neerude-kasside-marg-toit","status":"publish","type":"product","link":"https:\/\/zooprekes24.lt\/et\/produktas\/brit-veterinary-diets-renal-cat-wet\/","title":{"rendered":"Brit Veterinary Diets Renal konserveeritud kassidele"},"content":{"rendered":"<h3>Brit Veterinary Diets Renal on t\u00e4ielik ja tasakaalustatud dieet neerupuudulikkusega kassidele. Maitsev tuunikala, l\u00f5he ja herneste koostis.<\/h3>\n<h3><span style=\"color: #f0a794;\">M\u00e4rg toit sobib kasutamiseks:<\/span><\/h3>\n<ul>\n<li>Krooniline neerupuudulikkus (\u00fcks ravi ja ravi toetusmeetmetest).<\/li>\n<li>Urolitiaas (soolte ja kuseteede kivide korral).<\/li>\n<li><a href=\"https:\/\/zooprekes24.lt\/et\/kategorija\/prekes-katems\/kulatoit\/slapias-kaciu-maistas\/\" target=\"_blank\" rel=\"noopener\">Konservid<\/a> sobib igas vanuses kassidele.<\/li>\n<li>Brit Veterinary Diets Renal ei kasuta gluteeni, soja ega GMOsid.<\/li>\n<li>Parima ja t\u00f5husaima tulemuse saavutamiseks on soovitatav kasutada kombinatsioonis <a href=\"https:\/\/britvetdiets.com\/\" target=\"_blank\" rel=\"noopener\">Briti veterinaarravimid<\/a> kuivtoit.<\/li>\n<\/ul>\n<p><a ref=\"magnificPopup\" href=\"https:\/\/zooprekes24.lt\/wp-content\/uploads\/Brit-Veterinary-Diets-Grain-free-logo.png\"><img loading=\"lazy\" decoding=\"async\" class=\"alignnone wp-image-16429\" src=\"https:\/\/zooprekes24.lt\/wp-content\/uploads\/Brit-Veterinary-Diets-Grain-free-logo.png\" alt=\"Brit Veterinary Diets teraviljavaba logo\" width=\"150\" height=\"151\" \/><\/a><\/p>","protected":false},"excerpt":{"rendered":"<p>Brit Veterinary Diets Renal &#8211; visavertis ir subalansuotas dietinis pa\u0161aras skirtas kat\u0117ms sergan\u010dioms inkst\u0173 nepakankamumu. Gardi tuno, la\u0161i\u0161os ir \u017eirneli\u0173 formul\u0117. \u0160lapias maistas tinkamas naudojimui: Turint l\u0117tin\u012f inkst\u0173 nepakankamum\u0105 (viena i\u0161 palaikom\u0173j\u0173 priemoni\u0173 gydyme ir terapijoje). Urolitiazei gydyti (inskt\u0173 ir \u0161lapimo tak\u0173 akmenlig\u0117s atvejais). Konservai tinkami vis\u0173 am\u017eiaus grupi\u0173 kat\u0117ms. Brit Veterinary Diets Renal sud\u0117tyje&#8230;<\/p>","protected":false},"featured_media":45592,"comment_status":"closed","ping_status":"closed","template":"","meta":{"_acf_changed":false,"slim_seo":{"title":"Brit Veterinary Diets Renal konservai kat\u0117ms - Zooprekes24","description":"Brit Veterinary Diets Renal on t\u00e4ielik ja tasakaalustatud dieet neerupuudulikkusega kassidele. Maitsev tuunikala, l\u00f5he ja herneste kujul."},"iawp_total_views":98},"product_brand":[],"product_cat":[9234,72,83,25,9020,9037],"product_tag":[4971,1643,1644,1646,1650,5004,2173],"class_list":{"0":"post-23747","1":"product","2":"type-product","3":"status-publish","4":"has-post-thumbnail","6":"product_cat-brit-veterinary-diets-katems","7":"product_cat-kaciu-maistas","8":"product_cat-kaciu-prekiu-gamintojai","9":"product_cat-katems","10":"product_cat-slapias-maistas-kaciu-maistas","11":"product_cat-veterinarine-dieta-kaciu-maistas","12":"product_tag-brit-care-konservuotas-edalas-katems","13":"product_tag-brit-care-veterinariniai-konservai","14":"product_tag-brit-konservai-skardineje","15":"product_tag-brit-vd-konservai","16":"product_tag-brit-veterinariniai-konservai","17":"product_tag-kaciu-inkstu-nepakankamumas","18":"product_tag-konservuotas-maistas-katems","19":"pa_pasaro-sudetis-darzoves","20":"pa_pasaro-sudetis-lasisa","21":"pa_pasaro-sudetis-tunas","22":"pa_pasaro-sudetis-zuvis","23":"pa_prekiu-zenklai-brit-veterinary-diets","25":"first","26":"instock","27":"featured","28":"taxable","29":"shipping-taxable","30":"purchasable","31":"product-type-variable"},"acf":[],"_links":{"self":[{"href":"https:\/\/zooprekes24.lt\/et\/wp-json\/wp\/v2\/product\/23747","targetHints":{"allow":["GET"]}}],"collection":[{"href":"https:\/\/zooprekes24.lt\/et\/wp-json\/wp\/v2\/product"}],"about":[{"href":"https:\/\/zooprekes24.lt\/et\/wp-json\/wp\/v2\/types\/product"}],"replies":[{"embeddable":true,"href":"https:\/\/zooprekes24.lt\/et\/wp-json\/wp\/v2\/comments?post=23747"}],"wp:featuredmedia":[{"embeddable":true,"href":"https:\/\/zooprekes24.lt\/et\/wp-json\/wp\/v2\/media\/45592"}],"wp:attachment":[{"href":"https:\/\/zooprekes24.lt\/et\/wp-json\/wp\/v2\/media?parent=23747"}],"wp:term":[{"taxonomy":"product_brand","embeddable":true,"href":"https:\/\/zooprekes24.lt\/et\/wp-json\/wp\/v2\/product_brand?post=23747"},{"taxonomy":"product_cat","embeddable":true,"href":"https:\/\/zooprekes24.lt\/et\/wp-json\/wp\/v2\/product_cat?post=23747"},{"taxonomy":"product_tag","embeddable":true,"href":"https:\/\/zooprekes24.lt\/et\/wp-json\/wp\/v2\/product_tag?post=23747"}],"curies":[{"name":"wp","href":"https:\/\/api.w.org\/{rel}","templated":true}]}}