{"id":23741,"date":"2024-04-19T13:24:29","date_gmt":"2024-04-19T10:24:29","guid":{"rendered":"https:\/\/zooprekes24.lt\/produktas\/brit-veterinary-diets-gastro-dog-wet\/"},"modified":"2026-02-10T15:43:47","modified_gmt":"2026-02-10T13:43:47","slug":"briti-veterinaardieet-gastro-koera-marg","status":"publish","type":"product","link":"https:\/\/zooprekes24.lt\/et\/produktas\/brit-veterinary-diets-gastro-dog-wet\/","title":{"rendered":"Brit Veterinary Diets Gastrointestinal konserveeritud toit koertele"},"content":{"rendered":"<h3>Brit Veterinary Diets Gastrointestinal on t\u00e4ielik ja tasakaalustatud dieet seedetrakti probleemidega koertele. Maitsev l\u00f5he ja herneste koostis.<\/h3>\n<h3><span style=\"color: #b6b6da;\">M\u00e4rg toit sobib kasutamiseks:<\/span><\/h3>\n<ul>\n<li>Krooniline gastroenteriit (k\u00f5hulahtisus, oksendamine).<\/li>\n<li>\u00c4geda gastroenteriidi korral (k\u00f5hulahtisus, oksendamine).<\/li>\n<li><a href=\"https:\/\/zooprekes24.lt\/et\/?s=konservai&amp;post_type=product\">Konservid<\/a> sobib igas suuruses ja vanuses koertele.<\/li>\n<li>Kui teie lemmikloomal on lahtine soolestik ja suurenenud gaaside kogunemine.<\/li>\n<li>Brit Veterinary Diets Gastrointestinal ei kasuta gluteeni, soja ega GMOsid.<\/li>\n<li>Parima ja t\u00f5husaima tulemuse saavutamiseks on soovitatav kasutada kombinatsioonis <a href=\"https:\/\/britvetdiets.com\/\" target=\"_blank\" rel=\"noopener\">Briti veterinaarravimid<\/a> kuivtoit.<\/li>\n<\/ul>\n<p><a ref=\"magnificPopup\" href=\"https:\/\/zooprekes24.lt\/wp-content\/uploads\/Brit-Veterinary-Diets-Grain-free-logo.png\"><img loading=\"lazy\" decoding=\"async\" class=\"alignnone wp-image-16429\" src=\"https:\/\/zooprekes24.lt\/wp-content\/uploads\/Brit-Veterinary-Diets-Grain-free-logo.png\" alt=\"Brit Veterinary Diets teraviljavaba logo\" width=\"150\" height=\"151\" \/><\/a><\/p>","protected":false},"excerpt":{"rendered":"<p>Brit Veterinary Diets Gastrointestinal &#8211; visavertis ir subalansuotas dietinis pa\u0161aras skirtas \u0161unims su skrand\u017eio ir \u017earnyno problemomis. Gardi la\u0161i\u0161os ir \u017eirneli\u0173 formul\u0117. \u0160lapias maistas tinkamas naudojimui: Sergant l\u0117tiniu gastroenteritu (viduriavimas, v\u0117mimas). Esant \u016bminiam gastroenteritui (viduriavimas, v\u0117mimas). Konservai tinkami vis\u0173 dyd\u017ei\u0173 ir am\u017eiaus grupi\u0173 \u0161unims. Jeigu augintinio viduriai laisvi ir yra padid\u0117j\u0119s duj\u0173 kaupimasis. Brit Veterinary&#8230;<\/p>","protected":false},"featured_media":45605,"comment_status":"closed","ping_status":"closed","template":"","meta":{"_acf_changed":false,"slim_seo":{"title":"Brit Veterinary Diets Gastrointestinal konservai \u0161unims - Zooprekes24","description":"Brit Veterinary Diets Gastrointestinal on t\u00e4ielik ja tasakaalustatud dieet seedetrakti probleemidega koertele. Maitsev l\u00f5he ja hernes"},"iawp_total_views":117},"product_brand":[],"product_cat":[9232,9004,8999,29,31,9035],"product_tag":[1642,1643,1644,1646,1650,418],"class_list":{"0":"post-23741","1":"product","2":"type-product","3":"status-publish","4":"has-post-thumbnail","6":"product_cat-brit-veterinary-diets-sunims","7":"product_cat-slapias-maistas","8":"product_cat-sunims","9":"product_cat-sunu-maistas","10":"product_cat-sunu-prekiu-gamintojai","11":"product_cat-veterinarine-dieta","12":"product_tag-brit-care-konservuotas-edalas-sunims","13":"product_tag-brit-care-veterinariniai-konservai","14":"product_tag-brit-konservai-skardineje","15":"product_tag-brit-vd-konservai","16":"product_tag-brit-veterinariniai-konservai","17":"product_tag-konservuotas-maistas-sunims","18":"pa_pasaro-sudetis-darzoves","19":"pa_pasaro-sudetis-lasisa","20":"pa_pasaro-sudetis-zuvis","21":"pa_prekiu-zenklai-brit-veterinary-diets","22":"pa_suns-amzius-jauniems","23":"pa_suns-amzius-senjorams","24":"pa_suns-amzius-suaugusiems","25":"pa_suns-amzius-visiems-amziams","26":"pa_veisles-dydis-didelems-veislems","27":"pa_veisles-dydis-mazoms-veislems","28":"pa_veisles-dydis-vidutinems-veislems","29":"pa_veisles-dydis-visu-dydziu-veislems","31":"first","32":"instock","33":"featured","34":"taxable","35":"shipping-taxable","36":"purchasable","37":"product-type-variable"},"acf":[],"_links":{"self":[{"href":"https:\/\/zooprekes24.lt\/et\/wp-json\/wp\/v2\/product\/23741","targetHints":{"allow":["GET"]}}],"collection":[{"href":"https:\/\/zooprekes24.lt\/et\/wp-json\/wp\/v2\/product"}],"about":[{"href":"https:\/\/zooprekes24.lt\/et\/wp-json\/wp\/v2\/types\/product"}],"replies":[{"embeddable":true,"href":"https:\/\/zooprekes24.lt\/et\/wp-json\/wp\/v2\/comments?post=23741"}],"wp:featuredmedia":[{"embeddable":true,"href":"https:\/\/zooprekes24.lt\/et\/wp-json\/wp\/v2\/media\/45605"}],"wp:attachment":[{"href":"https:\/\/zooprekes24.lt\/et\/wp-json\/wp\/v2\/media?parent=23741"}],"wp:term":[{"taxonomy":"product_brand","embeddable":true,"href":"https:\/\/zooprekes24.lt\/et\/wp-json\/wp\/v2\/product_brand?post=23741"},{"taxonomy":"product_cat","embeddable":true,"href":"https:\/\/zooprekes24.lt\/et\/wp-json\/wp\/v2\/product_cat?post=23741"},{"taxonomy":"product_tag","embeddable":true,"href":"https:\/\/zooprekes24.lt\/et\/wp-json\/wp\/v2\/product_tag?post=23741"}],"curies":[{"name":"wp","href":"https:\/\/api.w.org\/{rel}","templated":true}]}}