{"id":23729,"date":"2024-04-19T13:24:21","date_gmt":"2024-04-19T10:24:21","guid":{"rendered":"https:\/\/zooprekes24.lt\/produktas\/brit-veterinary-diets-diabetes-dog-wet\/"},"modified":"2026-03-09T12:48:41","modified_gmt":"2026-03-09T10:48:41","slug":"brit-veterinary-diets-diabetes-dog-wet","status":"publish","type":"product","link":"https:\/\/zooprekes24.lt\/et\/produktas\/brit-veterinary-diets-diabetes-dog-wet\/","title":{"rendered":"Brit Veterinary Diets Diabeediakonservid koertele"},"content":{"rendered":"<h3>Brit Veterinary Diets Diabetes &#8211; visavertis ir subalansuotas dietinis pa\u0161aras \u0161unims skirtas palaikyti cukrinio diabeto gydym\u0105. Gardi \u0117rienos ir \u017eirneli\u0173 formul\u0117.<\/h3>\n<h3><span style=\"color: #c1cd9e;\"><span style=\"vertical-align: inherit;\"><span style=\"vertical-align: inherit;\">M\u00e4rg toit sobib kasutamiseks:<\/span><\/span><\/span><\/h3>\n<ul>\n<li>Kui teie lemmikloomal on suhkurt\u00f5bi v\u00f5i krooniline koliit.<\/li>\n<li>Koera optimaalse kaalu s\u00e4ilitamiseks.<\/li>\n<li><a href=\"https:\/\/zooprekes24.lt\/et\/?s=konservai&amp;post_type=product\" target=\"_blank\" rel=\"noopener\">Konservid<\/a> sobib igas vanuses koertele.<\/li>\n<li>Brit Veterinary Diets on gluteeni-, soja- ja GMO-vaba.<\/li>\n<li>Parima ja t\u00f5husaima tulemuse saavutamiseks on soovitatav kasutada kombinatsioonis <a href=\"https:\/\/britvetdiets.com\/\" target=\"_blank\" rel=\"noopener\">Briti veterinaarravimid<\/a> kuivtoit.<\/li>\n<\/ul>\n<p><a ref=\"magnificPopup\" href=\"https:\/\/zooprekes24.lt\/wp-content\/uploads\/Brit-Veterinary-Diets-Grain-free-logo.png\"><img loading=\"lazy\" decoding=\"async\" class=\"alignnone wp-image-16429\" src=\"https:\/\/zooprekes24.lt\/wp-content\/uploads\/Brit-Veterinary-Diets-Grain-free-logo.png\" alt=\"Brit Veterinary Diets teraviljavaba logo\" width=\"150\" height=\"151\" \/><\/a><\/p>","protected":false},"excerpt":{"rendered":"<p>Brit Veterinary Diets Diabetes &#8211; visavertis ir subalansuotas dietinis pa\u0161aras \u0161unims skirtas palaikyti cukrinio diabeto gydym\u0105. Gardi \u0117rienos ir \u017eirneli\u0173 formul\u0117. \u0160lapias maistas tinkamas naudojimui: Jeigu augintinis serga cukriniu diabetu, l\u0117tiniu kolitu. Norint palaikyti optimal\u0173 \u0161uns svor\u012f. Konservai tinkami vis\u0173 am\u017eiaus grupi\u0173 \u0161unims. Brit Veterinary Diets sud\u0117tyje n\u0117ra naudojamas glitimas, sojos ir GMO. Siekiant geriausio&#8230;<\/p>","protected":false},"featured_media":45604,"comment_status":"closed","ping_status":"closed","template":"","meta":{"_acf_changed":false,"slim_seo":{"title":"Brit Veterinary Diets Diabetes konservai \u0161unims - Zooprekes24","description":"Brit Veterinary Diets Diabetes - visavertis ir subalansuotas dietinis pa\u0161aras \u0161unims skirtas palaikyti cukrinio diabeto gydym\u0105. Gardi \u0117rienos ir \u017eirneli\u0173 formul"},"iawp_total_views":83},"product_brand":[],"product_cat":[9232,9004,8999,29,31,9035],"product_tag":[1642,1643,1644,1646,1650,418],"class_list":{"0":"post-23729","1":"product","2":"type-product","3":"status-publish","4":"has-post-thumbnail","6":"product_cat-brit-veterinary-diets-sunims","7":"product_cat-slapias-maistas","8":"product_cat-sunims","9":"product_cat-sunu-maistas","10":"product_cat-sunu-prekiu-gamintojai","11":"product_cat-veterinarine-dieta","12":"product_tag-brit-care-konservuotas-edalas-sunims","13":"product_tag-brit-care-veterinariniai-konservai","14":"product_tag-brit-konservai-skardineje","15":"product_tag-brit-vd-konservai","16":"product_tag-brit-veterinariniai-konservai","17":"product_tag-konservuotas-maistas-sunims","18":"pa_pasaro-sudetis-darzoves","19":"pa_pasaro-sudetis-eriena","20":"pa_prekiu-zenklai-brit-veterinary-diets","21":"pa_suns-amzius-jauniems","22":"pa_suns-amzius-senjorams","23":"pa_suns-amzius-suaugusiems","24":"pa_suns-amzius-visiems-amziams","25":"pa_veisles-dydis-didelems-veislems","26":"pa_veisles-dydis-mazoms-veislems","27":"pa_veisles-dydis-vidutinems-veislems","28":"pa_veisles-dydis-visu-dydziu-veislems","30":"first","31":"instock","32":"featured","33":"taxable","34":"shipping-taxable","35":"purchasable","36":"product-type-variable"},"acf":[],"_links":{"self":[{"href":"https:\/\/zooprekes24.lt\/et\/wp-json\/wp\/v2\/product\/23729","targetHints":{"allow":["GET"]}}],"collection":[{"href":"https:\/\/zooprekes24.lt\/et\/wp-json\/wp\/v2\/product"}],"about":[{"href":"https:\/\/zooprekes24.lt\/et\/wp-json\/wp\/v2\/types\/product"}],"replies":[{"embeddable":true,"href":"https:\/\/zooprekes24.lt\/et\/wp-json\/wp\/v2\/comments?post=23729"}],"wp:featuredmedia":[{"embeddable":true,"href":"https:\/\/zooprekes24.lt\/et\/wp-json\/wp\/v2\/media\/45604"}],"wp:attachment":[{"href":"https:\/\/zooprekes24.lt\/et\/wp-json\/wp\/v2\/media?parent=23729"}],"wp:term":[{"taxonomy":"product_brand","embeddable":true,"href":"https:\/\/zooprekes24.lt\/et\/wp-json\/wp\/v2\/product_brand?post=23729"},{"taxonomy":"product_cat","embeddable":true,"href":"https:\/\/zooprekes24.lt\/et\/wp-json\/wp\/v2\/product_cat?post=23729"},{"taxonomy":"product_tag","embeddable":true,"href":"https:\/\/zooprekes24.lt\/et\/wp-json\/wp\/v2\/product_tag?post=23729"}],"curies":[{"name":"wp","href":"https:\/\/api.w.org\/{rel}","templated":true}]}}