{"id":23723,"date":"2024-04-19T13:24:21","date_gmt":"2024-04-19T10:24:21","guid":{"rendered":"https:\/\/zooprekes24.lt\/produktas\/brit-veterinary-diets-obesity-dog-wet\/"},"modified":"2026-02-10T15:27:16","modified_gmt":"2026-02-10T13:27:16","slug":"brit-veterinary-diets-obesity-dog-wet","status":"publish","type":"product","link":"https:\/\/zooprekes24.lt\/et\/produktas\/brit-veterinary-diets-obesity-dog-wet\/","title":{"rendered":"Brit Veterinary Diets Obesity konserveeritud toit koertele"},"content":{"rendered":"<h3>Brit Veterinary Diets Obesity &#8211; visavertis ir subalansuotas dietinis pa\u0161aras skirtas \u0161un\u0173 perteklinei k\u016bno masei ma\u017einti ir svoriui kontroliuoti. Gardi \u0117rienos ir \u017eirneli\u0173 formul\u0117.<\/h3>\n<h3><span style=\"color: #9ecde1;\">Kasutamiseks sobiv m\u00e4rgtoit:<\/span><\/h3>\n<ul>\n<li>\u00dclekaalulistele v\u00f5i rasvunud koertele.<\/li>\n<li>Optimaalse kehakaalu s\u00e4ilitamiseks ja lemmiklooma kaalu v\u00e4hendamiseks.<\/li>\n<li>Kaalu s\u00e4ilitamiseks p\u00e4rast kastreerimist.<\/li>\n<li><a href=\"https:\/\/zooprekes24.lt\/et\/?s=konservai&amp;post_type=product\">Konservid<\/a> sobib igas suuruses ja vanuses koertele.<\/li>\n<li>Brit Veterinary Diets Obesity ei kasuta gluteeni, soja ega GMOsid.<\/li>\n<li>Parima ja t\u00f5husaima tulemuse saavutamiseks on soovitatav kasutada kombinatsioonis <a href=\"https:\/\/britvetdiets.com\/\" target=\"_blank\" rel=\"noopener\">Briti veterinaarravimid<\/a> kuivtoit.<\/li>\n<\/ul>\n<p><a ref=\"magnificPopup\" href=\"https:\/\/zooprekes24.lt\/wp-content\/uploads\/Brit-Veterinary-Diets-Grain-free-logo.png\"><img loading=\"lazy\" decoding=\"async\" class=\"alignnone wp-image-16429\" src=\"https:\/\/zooprekes24.lt\/wp-content\/uploads\/Brit-Veterinary-Diets-Grain-free-logo.png\" alt=\"Brit Veterinary Diets teraviljavaba logo\" width=\"150\" height=\"151\" \/><\/a><\/p>","protected":false},"excerpt":{"rendered":"<p>Brit Veterinary Diets Obesity &#8211; visavertis ir subalansuotas dietinis pa\u0161aras skirtas \u0161un\u0173 perteklinei k\u016bno masei ma\u017einti ir svoriui kontroliuoti. Gardi \u0117rienos ir \u017eirneli\u0173 formul\u0117. \u0160lapias \u0117dalas tinkamas naudojimui: \u0160unims turintiems antsvorio ar nutukimo problem\u0173. Optimalios k\u016bno mas\u0117s palaikymui ir augintinio svorio ma\u017einimui. Svorio palaikymui po kastravimo. Konservai tinkami vis\u0173 dyd\u017ei\u0173 ir am\u017eiaus grupi\u0173 \u0161unims. Brit&#8230;<\/p>","protected":false},"featured_media":45599,"comment_status":"closed","ping_status":"closed","template":"","meta":{"_acf_changed":false,"slim_seo":{"title":"Brit Veterinary Diets Obesity konservai \u0161unims - Zooprekes24","description":"Brit Veterinary Diets Obesity - visavertis ir subalansuotas dietinis pa\u0161aras skirtas \u0161un\u0173 perteklinei k\u016bno masei ma\u017einti ir svoriui kontroliuoti. Gardi \u0117rienos"},"iawp_total_views":51},"product_brand":[],"product_cat":[9232,9004,8999,29,31,9035],"product_tag":[1642,1643,1644,1646,1648,1650,418],"class_list":{"0":"post-23723","1":"product","2":"type-product","3":"status-publish","4":"has-post-thumbnail","6":"product_cat-brit-veterinary-diets-sunims","7":"product_cat-slapias-maistas","8":"product_cat-sunims","9":"product_cat-sunu-maistas","10":"product_cat-sunu-prekiu-gamintojai","11":"product_cat-veterinarine-dieta","12":"product_tag-brit-care-konservuotas-edalas-sunims","13":"product_tag-brit-care-veterinariniai-konservai","14":"product_tag-brit-konservai-skardineje","15":"product_tag-brit-vd-konservai","16":"product_tag-brit-vet-konservai-nutukusiam-suniui","17":"product_tag-brit-veterinariniai-konservai","18":"product_tag-konservuotas-maistas-sunims","19":"pa_pasaro-sudetis-darzoves","20":"pa_pasaro-sudetis-eriena","21":"pa_prekiu-zenklai-brit-veterinary-diets","22":"pa_suns-amzius-jauniems","23":"pa_suns-amzius-senjorams","24":"pa_suns-amzius-suaugusiems","25":"pa_suns-amzius-visiems-amziams","26":"pa_veisles-dydis-didelems-veislems","27":"pa_veisles-dydis-mazoms-veislems","28":"pa_veisles-dydis-vidutinems-veislems","29":"pa_veisles-dydis-visu-dydziu-veislems","31":"first","32":"instock","33":"featured","34":"taxable","35":"shipping-taxable","36":"purchasable","37":"product-type-variable"},"acf":[],"_links":{"self":[{"href":"https:\/\/zooprekes24.lt\/et\/wp-json\/wp\/v2\/product\/23723","targetHints":{"allow":["GET"]}}],"collection":[{"href":"https:\/\/zooprekes24.lt\/et\/wp-json\/wp\/v2\/product"}],"about":[{"href":"https:\/\/zooprekes24.lt\/et\/wp-json\/wp\/v2\/types\/product"}],"replies":[{"embeddable":true,"href":"https:\/\/zooprekes24.lt\/et\/wp-json\/wp\/v2\/comments?post=23723"}],"wp:featuredmedia":[{"embeddable":true,"href":"https:\/\/zooprekes24.lt\/et\/wp-json\/wp\/v2\/media\/45599"}],"wp:attachment":[{"href":"https:\/\/zooprekes24.lt\/et\/wp-json\/wp\/v2\/media?parent=23723"}],"wp:term":[{"taxonomy":"product_brand","embeddable":true,"href":"https:\/\/zooprekes24.lt\/et\/wp-json\/wp\/v2\/product_brand?post=23723"},{"taxonomy":"product_cat","embeddable":true,"href":"https:\/\/zooprekes24.lt\/et\/wp-json\/wp\/v2\/product_cat?post=23723"},{"taxonomy":"product_tag","embeddable":true,"href":"https:\/\/zooprekes24.lt\/et\/wp-json\/wp\/v2\/product_tag?post=23723"}],"curies":[{"name":"wp","href":"https:\/\/api.w.org\/{rel}","templated":true}]}}