{"id":23720,"date":"2024-04-19T13:24:21","date_gmt":"2024-04-19T10:24:21","guid":{"rendered":"https:\/\/zooprekes24.lt\/produktas\/brit-veterinary-diets-recovery-wet\/"},"modified":"2026-03-09T12:44:28","modified_gmt":"2026-03-09T10:44:28","slug":"briti-veterinaardieet-taastamise-marg","status":"publish","type":"product","link":"https:\/\/zooprekes24.lt\/et\/produktas\/brit-veterinary-diets-recovery-wet\/","title":{"rendered":"Brit Veterinary Diets Recovery konserveeritud toit koertele ja kassidele"},"content":{"rendered":"<h3>Brit Veterinary Diets Recovery on t\u00e4isv\u00e4\u00e4rtuslik ja tasakaalustatud dieet koertele ja kassidele, mis on m\u00f5eldud mitmesugustest haigustest v\u00f5i operatsioonij\u00e4rgsest taastumisest toitumiseks. L\u00f5he ja kana koostis.<\/h3>\n<h3><span style=\"color: #4079bf;\">Kasutamiseks sobiv m\u00e4rgtoit:<\/span><\/h3>\n<ul>\n<li>Teie lemmiklooma taastumise ajal - p\u00e4rast operatsiooni v\u00f5i haigust.<\/li>\n<li>Loomade s\u00f6\u00f6giisu t\u00f5sise v\u00e4henemise korral.<\/li>\n<li><a href=\"https:\/\/zooprekes24.lt\/et\/?s=konservai&amp;post_type=product\">Konservid<\/a> sobib igas vanuses ja t\u00f5ugu koertele ja kassidele.<\/li>\n<li>Brit Veterinary Diets Recovery ei kasuta gluteeni, soja ega GMOsid.<\/li>\n<li>Parima ja t\u00f5husaima tulemuse saavutamiseks on soovitatav kasutada kombinatsioonis <a href=\"https:\/\/britvetdiets.com\/\" target=\"_blank\" rel=\"noopener\">Briti veterinaarravimid<\/a> kuivtoit.<\/li>\n<\/ul>\n<p><a ref=\"magnificPopup\" href=\"https:\/\/zooprekes24.lt\/wp-content\/uploads\/Brit-Veterinary-Diets-Grain-free-logo.png\"><img loading=\"lazy\" decoding=\"async\" class=\"alignnone wp-image-16429\" src=\"https:\/\/zooprekes24.lt\/wp-content\/uploads\/Brit-Veterinary-Diets-Grain-free-logo.png\" alt=\"Brit Veterinary Diets teraviljavaba logo\" width=\"150\" height=\"151\" \/><\/a><\/p>","protected":false},"excerpt":{"rendered":"<p>Brit Veterinary Diets Recovery &#8211; visavertis ir subalansuotas dietinis pa\u0161aras skirtas \u0161un\u0173 ir ka\u010di\u0173 mitybos atk\u016brimui sveikstant po \u012fvairi\u0173 lig\u0173 arba sveikimui po operacij\u0173. La\u0161i\u0161os ir vi\u0161tienos formul\u0117. \u0160lapias \u0117dalas tinkamas naudojimui: Augintinio atsigavimo metu &#8211;\u00a0po operacijos ar ligos. Esant stipriai suma\u017e\u0117jusiam gyv\u016bno apetitui. Konservai tinkami vis\u0173 am\u017eiaus grupi\u0173 bei vis\u0173 veisli\u0173 \u0161unims ir kat\u0117ms&#8230;.<\/p>","protected":false},"featured_media":45596,"comment_status":"closed","ping_status":"closed","template":"","meta":{"_acf_changed":false,"slim_seo":{"title":"Brit Veterinary Diets Recovery konservai \u0161unims ir kat\u0117ms - Zooprekes24","description":"Brit Veterinary Diets Recovery on t\u00e4isv\u00e4\u00e4rtuslik ja tasakaalustatud dieettoit koerte ja kasside toitumiseks erinevatest haigustest v\u00f5i taastumiseks"},"iawp_total_views":55},"product_brand":[],"product_cat":[9232,9234,72,83,25,9004,9020,8999,29,31,9035,9037],"product_tag":[1642,1643,1644,1646,1650,4730,4731,4732,4733,418],"class_list":{"0":"post-23720","1":"product","2":"type-product","3":"status-publish","4":"has-post-thumbnail","6":"product_cat-brit-veterinary-diets-sunims","7":"product_cat-brit-veterinary-diets-katems","8":"product_cat-kaciu-maistas","9":"product_cat-kaciu-prekiu-gamintojai","10":"product_cat-katems","11":"product_cat-slapias-maistas","12":"product_cat-slapias-maistas-kaciu-maistas","13":"product_cat-sunims","14":"product_cat-sunu-maistas","15":"product_cat-sunu-prekiu-gamintojai","16":"product_cat-veterinarine-dieta","17":"product_cat-veterinarine-dieta-kaciu-maistas","18":"product_tag-brit-care-konservuotas-edalas-sunims","19":"product_tag-brit-care-veterinariniai-konservai","20":"product_tag-brit-konservai-skardineje","21":"product_tag-brit-vd-konservai","22":"product_tag-brit-veterinariniai-konservai","23":"product_tag-konservai-po-ligos-katei","24":"product_tag-konservai-po-ligos-suniui","25":"product_tag-konservai-po-operacijos-katems","26":"product_tag-konservai-po-operacijos-sunims","27":"product_tag-konservuotas-maistas-sunims","28":"pa_pasaro-sudetis-lasisa","29":"pa_pasaro-sudetis-vistiena","30":"pa_pasaro-sudetis-zuvis","31":"pa_prekiu-zenklai-brit-veterinary-diets","32":"pa_suns-amzius-jauniems","33":"pa_suns-amzius-senjorams","34":"pa_suns-amzius-suaugusiems","35":"pa_suns-amzius-visiems-amziams","36":"pa_veisles-dydis-didelems-veislems","37":"pa_veisles-dydis-mazoms-veislems","38":"pa_veisles-dydis-vidutinems-veislems","39":"pa_veisles-dydis-visu-dydziu-veislems","41":"first","42":"instock","43":"featured","44":"taxable","45":"shipping-taxable","46":"purchasable","47":"product-type-variable"},"acf":[],"_links":{"self":[{"href":"https:\/\/zooprekes24.lt\/et\/wp-json\/wp\/v2\/product\/23720","targetHints":{"allow":["GET"]}}],"collection":[{"href":"https:\/\/zooprekes24.lt\/et\/wp-json\/wp\/v2\/product"}],"about":[{"href":"https:\/\/zooprekes24.lt\/et\/wp-json\/wp\/v2\/types\/product"}],"replies":[{"embeddable":true,"href":"https:\/\/zooprekes24.lt\/et\/wp-json\/wp\/v2\/comments?post=23720"}],"wp:featuredmedia":[{"embeddable":true,"href":"https:\/\/zooprekes24.lt\/et\/wp-json\/wp\/v2\/media\/45596"}],"wp:attachment":[{"href":"https:\/\/zooprekes24.lt\/et\/wp-json\/wp\/v2\/media?parent=23720"}],"wp:term":[{"taxonomy":"product_brand","embeddable":true,"href":"https:\/\/zooprekes24.lt\/et\/wp-json\/wp\/v2\/product_brand?post=23720"},{"taxonomy":"product_cat","embeddable":true,"href":"https:\/\/zooprekes24.lt\/et\/wp-json\/wp\/v2\/product_cat?post=23720"},{"taxonomy":"product_tag","embeddable":true,"href":"https:\/\/zooprekes24.lt\/et\/wp-json\/wp\/v2\/product_tag?post=23720"}],"curies":[{"name":"wp","href":"https:\/\/api.w.org\/{rel}","templated":true}]}}