{"id":23717,"date":"2024-04-19T13:24:21","date_gmt":"2024-04-19T10:24:21","guid":{"rendered":"https:\/\/zooprekes24.lt\/produktas\/brit-care-pate-meat-puppy\/"},"modified":"2026-02-11T12:58:49","modified_gmt":"2026-02-11T10:58:49","slug":"brit-care-pate-meat-puppy","status":"publish","type":"product","link":"https:\/\/zooprekes24.lt\/et\/produktas\/brit-care-pate-meat-puppy\/","title":{"rendered":"Brit Care Pate &amp; Meat Puppy P\u00e2t\u00e9 kutsikatele"},"content":{"rendered":"<h3>Brit Care Pate &amp; Meat Puppy on teraviljavaba m\u00e4rgtoit kutsikatele ja noortele koertele. Konserveeritud 70% Chicken &amp; Turkey - puhas lihapasteet.<\/h3>\n<ul>\n<li>Kvaliteetne liha ja hoolikas t\u00f6\u00f6tlemine tagavad suurep\u00e4rase maitse ja l\u00f5hna.<\/li>\n<li><a href=\"https:\/\/www.youtube.com\/watch?v=vDXbSMalegw\" target=\"_blank\" rel=\"noopener\">Suurep\u00e4rane t\u00e4iendus kuivtoidule<\/a>, aitab parandada toidu tarbimist ja annab piisavalt vedelikku.<\/li>\n<li>Liha ja nupukate naturaalne kombinatsioon pasteediga rahuldab ideaalselt ka k\u00f5ige n\u00f5udlikuma gurmee kutsika.<\/li>\n<li><a href=\"https:\/\/zooprekes24.lt\/et\/kategorija\/prekes-sunims\/koeratoodete-tootjad\/brit-care-sunims\/\" target=\"_blank\" rel=\"noopener\">Brit Care<\/a> konservtoit koertele - gluteenivaba \/ sojavaba \/ GMO-vaba.<\/li>\n<\/ul>","protected":false},"excerpt":{"rendered":"<p>Brit Care Pate &amp; Meat Puppy &#8211; begr\u016bdis\u00a0\u0161lapias maistas \u0161uniukams ir jauniems \u0161unims. Konserv\u0173 sud\u0117tyje 70% vi\u0161tienos ir kalakutienos &#8211; grynas m\u0117sos pa\u0161tetas. Auk\u0161tos kokyb\u0117s m\u0117sa ir kruop\u0161tus perdirbimas garantuoja puik\u0173 skon\u012f ir aromat\u0105. Puikiai papildo saus\u0105 maist\u0105, padeda pagerinti maisto suvartojim\u0105 ir suteikia reikiamus skys\u010dius. Nat\u016bralus m\u0117sos ir kogalvi\u0173 gabaliuk\u0173 derinys su pa\u0161tetu tobulai&#8230;<\/p>","protected":false},"featured_media":45673,"comment_status":"closed","ping_status":"closed","template":"","meta":{"_acf_changed":false,"slim_seo":{"title":"Brit Care Pate & Meat Puppy pa\u0161tetas \u0161uniukams - Zooprekes24","description":"Brit Care Pate &amp; Meat Puppy - begr\u016bdis\u00a0\u0161lapias maistas \u0161uniukams ir jauniems \u0161unims. Konserv\u0173 sud\u0117tyje 70% vi\u0161tienos ir kalakutienos - grynas m\u0117sos pa\u0161tetas"},"iawp_total_views":49},"product_brand":[],"product_cat":[9029,9004,8999,29,31],"product_tag":[1036,1386,1642,1644,418],"class_list":{"0":"post-23717","1":"product","2":"type-product","3":"status-publish","4":"has-post-thumbnail","6":"product_cat-brit-care","7":"product_cat-slapias-maistas","8":"product_cat-sunims","9":"product_cat-sunu-maistas","10":"product_cat-sunu-prekiu-gamintojai","11":"product_tag-begrudziai-konservai-sunims","12":"product_tag-begrudziai-konservai-suniukams","13":"product_tag-brit-care-konservuotas-edalas-sunims","14":"product_tag-brit-konservai-skardineje","15":"product_tag-konservuotas-maistas-sunims","16":"pa_pasaro-sudetis-kalakutiena","17":"pa_pasaro-sudetis-vistiena","18":"pa_prekiu-zenklai-brit-care","19":"pa_suns-amzius-jauniems","20":"pa_veisles-dydis-didelems-veislems","21":"pa_veisles-dydis-mazoms-veislems","22":"pa_veisles-dydis-vidutinems-veislems","23":"pa_veisles-dydis-visu-dydziu-veislems","25":"first","26":"instock","27":"featured","28":"taxable","29":"shipping-taxable","30":"purchasable","31":"product-type-variable"},"acf":[],"_links":{"self":[{"href":"https:\/\/zooprekes24.lt\/et\/wp-json\/wp\/v2\/product\/23717","targetHints":{"allow":["GET"]}}],"collection":[{"href":"https:\/\/zooprekes24.lt\/et\/wp-json\/wp\/v2\/product"}],"about":[{"href":"https:\/\/zooprekes24.lt\/et\/wp-json\/wp\/v2\/types\/product"}],"replies":[{"embeddable":true,"href":"https:\/\/zooprekes24.lt\/et\/wp-json\/wp\/v2\/comments?post=23717"}],"wp:featuredmedia":[{"embeddable":true,"href":"https:\/\/zooprekes24.lt\/et\/wp-json\/wp\/v2\/media\/45673"}],"wp:attachment":[{"href":"https:\/\/zooprekes24.lt\/et\/wp-json\/wp\/v2\/media?parent=23717"}],"wp:term":[{"taxonomy":"product_brand","embeddable":true,"href":"https:\/\/zooprekes24.lt\/et\/wp-json\/wp\/v2\/product_brand?post=23717"},{"taxonomy":"product_cat","embeddable":true,"href":"https:\/\/zooprekes24.lt\/et\/wp-json\/wp\/v2\/product_cat?post=23717"},{"taxonomy":"product_tag","embeddable":true,"href":"https:\/\/zooprekes24.lt\/et\/wp-json\/wp\/v2\/product_tag?post=23717"}],"curies":[{"name":"wp","href":"https:\/\/api.w.org\/{rel}","templated":true}]}}