{"id":23708,"date":"2024-04-19T13:24:11","date_gmt":"2024-04-19T10:24:11","guid":{"rendered":"https:\/\/zooprekes24.lt\/produktas\/brit-care-pate-meat-chicken\/"},"modified":"2026-02-11T13:01:25","modified_gmt":"2026-02-11T11:01:25","slug":"briti-hoolduspasteet-liha-kana","status":"publish","type":"product","link":"https:\/\/zooprekes24.lt\/et\/produktas\/brit-care-pate-meat-chicken\/","title":{"rendered":"Brit Care Pate &amp; Meat Kana pasteet koertele"},"content":{"rendered":"<h3>Brit Care Pate &amp; Meat Chicken on teraviljavaba m\u00e4rgtoit t\u00e4iskasvanud koertele. Konserveeritud 70% Chicken &amp; Beef - puhas lihapasteet.<\/h3>\n<ul>\n<li>Kvaliteetne liha ja hoolikas t\u00f6\u00f6tlemine tagavad suurep\u00e4rase maitse ja l\u00f5hna.<\/li>\n<li><a href=\"https:\/\/www.youtube.com\/watch?v=vDXbSMalegw\" target=\"_blank\" rel=\"noopener\">Suurep\u00e4rane t\u00e4iendus kuivtoidule<\/a>, aitab parandada toidu tarbimist ja annab piisavalt vedelikku.<\/li>\n<li>Liha ja nupukate naturaalne kombinatsioon pasteediga rahuldab ideaalselt ka k\u00f5ige n\u00f5udlikumat gurmeekoera.<\/li>\n<li><a href=\"https:\/\/zooprekes24.lt\/et\/kategorija\/prekes-sunims\/koeratoodete-tootjad\/brit-care-sunims\/\" target=\"_blank\" rel=\"noopener\">Brit Care<\/a> konservtoit koertele - gluteenivaba \/ sojavaba \/ GMO-vaba.<\/li>\n<\/ul>","protected":false},"excerpt":{"rendered":"<p>Brit Care Pate &amp; Meat Chicken &#8211; begr\u016bdis\u00a0\u0161lapias maistas suaugusiems \u0161unims. Konserv\u0173 sud\u0117tyje 70% vi\u0161tienos ir jautienos &#8211; grynas m\u0117sos pa\u0161tetas. Auk\u0161tos kokyb\u0117s m\u0117sa ir kruop\u0161tus perdirbimas garantuoja puik\u0173 skon\u012f ir aromat\u0105. Puikiai papildo saus\u0105 maist\u0105, padeda pagerinti maisto suvartojim\u0105 ir suteikia reikiamus skys\u010dius. Nat\u016bralus m\u0117sos ir kogalvi\u0173 gabaliuk\u0173 derinys su pa\u0161tetu tobulai patenkins i\u0161rankiausius&#8230;<\/p>","protected":false},"featured_media":45674,"comment_status":"closed","ping_status":"closed","template":"","meta":{"_acf_changed":false,"slim_seo":{"title":"Brit Care Pate & Meat Chicken pa\u0161tetas \u0161unims - Zooprekes24","description":"Brit Care Pate &amp; Meat Chicken on teraviljavaba m\u00e4rgtoit t\u00e4iskasvanud koertele. Konserveeritud 70% Chicken &amp; Beef - puhas lihapasteet. K\u00f5rge kvaliteediga"},"iawp_total_views":49},"product_brand":[],"product_cat":[9029,9004,8999,29,31],"product_tag":[1036,1642,1644,418],"class_list":{"0":"post-23708","1":"product","2":"type-product","3":"status-publish","4":"has-post-thumbnail","6":"product_cat-brit-care","7":"product_cat-slapias-maistas","8":"product_cat-sunims","9":"product_cat-sunu-maistas","10":"product_cat-sunu-prekiu-gamintojai","11":"product_tag-begrudziai-konservai-sunims","12":"product_tag-brit-care-konservuotas-edalas-sunims","13":"product_tag-brit-konservai-skardineje","14":"product_tag-konservuotas-maistas-sunims","15":"pa_pasaro-sudetis-jautiena","16":"pa_pasaro-sudetis-vistiena","17":"pa_prekiu-zenklai-brit-care","18":"pa_suns-amzius-suaugusiems","19":"pa_veisles-dydis-didelems-veislems","20":"pa_veisles-dydis-mazoms-veislems","21":"pa_veisles-dydis-vidutinems-veislems","22":"pa_veisles-dydis-visu-dydziu-veislems","24":"first","25":"instock","26":"featured","27":"taxable","28":"shipping-taxable","29":"purchasable","30":"product-type-variable"},"acf":[],"_links":{"self":[{"href":"https:\/\/zooprekes24.lt\/et\/wp-json\/wp\/v2\/product\/23708","targetHints":{"allow":["GET"]}}],"collection":[{"href":"https:\/\/zooprekes24.lt\/et\/wp-json\/wp\/v2\/product"}],"about":[{"href":"https:\/\/zooprekes24.lt\/et\/wp-json\/wp\/v2\/types\/product"}],"replies":[{"embeddable":true,"href":"https:\/\/zooprekes24.lt\/et\/wp-json\/wp\/v2\/comments?post=23708"}],"wp:featuredmedia":[{"embeddable":true,"href":"https:\/\/zooprekes24.lt\/et\/wp-json\/wp\/v2\/media\/45674"}],"wp:attachment":[{"href":"https:\/\/zooprekes24.lt\/et\/wp-json\/wp\/v2\/media?parent=23708"}],"wp:term":[{"taxonomy":"product_brand","embeddable":true,"href":"https:\/\/zooprekes24.lt\/et\/wp-json\/wp\/v2\/product_brand?post=23708"},{"taxonomy":"product_cat","embeddable":true,"href":"https:\/\/zooprekes24.lt\/et\/wp-json\/wp\/v2\/product_cat?post=23708"},{"taxonomy":"product_tag","embeddable":true,"href":"https:\/\/zooprekes24.lt\/et\/wp-json\/wp\/v2\/product_tag?post=23708"}],"curies":[{"name":"wp","href":"https:\/\/api.w.org\/{rel}","templated":true}]}}