{"id":23705,"date":"2024-04-19T13:24:11","date_gmt":"2024-04-19T10:24:11","guid":{"rendered":"https:\/\/zooprekes24.lt\/produktas\/brit-care-mono-protein-beef\/"},"modified":"2026-02-11T13:29:27","modified_gmt":"2026-02-11T11:29:27","slug":"brit-care-mono-protein-beef","status":"publish","type":"product","link":"https:\/\/zooprekes24.lt\/et\/produktas\/brit-care-mono-protein-beef\/","title":{"rendered":"Brit Care Mono Protein Beef konserveeritud koertele"},"content":{"rendered":"<h3>Brit Care Mono Protein Beef &#8211; 100 % gryn\u0173 jautienos baltym\u0173!\u00a0<a href=\"https:\/\/zooprekes24.lt\/et\/kategorija\/prekes-sunims\/koeratoodete-tootjad\/brit-care-sunims\/\" target=\"_blank\" rel=\"noopener\">Brit Care<\/a> Mono Protein pakub t\u00e4ielikku ja tasakaalustatud toitumist. \u00dche valgu koostis v\u00e4hendab allergiate ja toidutalumatuse riski.<\/h3>\n<ul>\n<li>Sobib ideaalselt koertele, kellel on tundlik seedimine, allergia v\u00f5i talumatus teatud toitude suhtes.<\/li>\n<li><a href=\"https:\/\/www.youtube.com\/watch?v=vDXbSMalegw\" target=\"_blank\" rel=\"noopener\">Suurep\u00e4rane t\u00e4iendus kuivtoidule<\/a>, aitab parandada toidu tarbimist ja annab piisavalt vedelikku.<\/li>\n<li>Kvaliteetne liha ja hoolikas t\u00f6\u00f6tlemine tagavad suurep\u00e4rase maitse ja l\u00f5hna.<\/li>\n<li>Konservai \u0161unims Brit Care Mono Protein Beef &#8211; Be glitimo \/ Be soj\u0173 \/ Be GMO.<\/li>\n<\/ul>","protected":false},"excerpt":{"rendered":"<p>Brit Care Mono Protein Beef &#8211; 100 % gryn\u0173 jautienos baltym\u0173!\u00a0Brit Care Mono Protein si\u016blo visavert\u0119 ir subalansuot\u0105 mityb\u0105. Recept\u016bra, kurios sud\u0117tyje yra vienos r\u016b\u0161ies baltymai, suma\u017eina alergijos ir maisto netoleravimo rizik\u0105. Idealiai tinka \u0161unims, kurie turi\u00a0jautr\u0173 vir\u0161kinim\u0105, yra alergi\u0161ki ar netoleruojantys\u00a0tam tikro maisto. Puikiai papildo saus\u0105 maist\u0105, padeda pagerinti maisto suvartojim\u0105 ir suteikia reikiamus&#8230;<\/p>","protected":false},"featured_media":45679,"comment_status":"closed","ping_status":"closed","template":"","meta":{"_acf_changed":false,"slim_seo":{"title":"Brit Care Mono Protein Beef konservai \u0161unims - Zooprekes24","description":"Brit Care Mono Protein Beef - 100 % gryn\u0173 jautienos baltym\u0173!\u00a0 Brit Care Mono Protein si\u016blo visavert\u0119 ir subalansuot\u0105 mityb\u0105. Recept\u016bra, kurios sud\u0117tyje yra vien"},"iawp_total_views":139},"product_brand":[],"product_cat":[9029,9004,8999,29,31],"product_tag":[1642,1644,418],"class_list":{"0":"post-23705","1":"product","2":"type-product","3":"status-publish","4":"has-post-thumbnail","6":"product_cat-brit-care","7":"product_cat-slapias-maistas","8":"product_cat-sunims","9":"product_cat-sunu-maistas","10":"product_cat-sunu-prekiu-gamintojai","11":"product_tag-brit-care-konservuotas-edalas-sunims","12":"product_tag-brit-konservai-skardineje","13":"product_tag-konservuotas-maistas-sunims","14":"pa_pasaro-sudetis-jautiena","15":"pa_prekiu-zenklai-brit-care","16":"pa_suns-amzius-suaugusiems","17":"pa_veisles-dydis-didelems-veislems","18":"pa_veisles-dydis-mazoms-veislems","19":"pa_veisles-dydis-vidutinems-veislems","20":"pa_veisles-dydis-visu-dydziu-veislems","22":"first","23":"instock","24":"featured","25":"taxable","26":"shipping-taxable","27":"purchasable","28":"product-type-variable"},"acf":[],"_links":{"self":[{"href":"https:\/\/zooprekes24.lt\/et\/wp-json\/wp\/v2\/product\/23705","targetHints":{"allow":["GET"]}}],"collection":[{"href":"https:\/\/zooprekes24.lt\/et\/wp-json\/wp\/v2\/product"}],"about":[{"href":"https:\/\/zooprekes24.lt\/et\/wp-json\/wp\/v2\/types\/product"}],"replies":[{"embeddable":true,"href":"https:\/\/zooprekes24.lt\/et\/wp-json\/wp\/v2\/comments?post=23705"}],"wp:featuredmedia":[{"embeddable":true,"href":"https:\/\/zooprekes24.lt\/et\/wp-json\/wp\/v2\/media\/45679"}],"wp:attachment":[{"href":"https:\/\/zooprekes24.lt\/et\/wp-json\/wp\/v2\/media?parent=23705"}],"wp:term":[{"taxonomy":"product_brand","embeddable":true,"href":"https:\/\/zooprekes24.lt\/et\/wp-json\/wp\/v2\/product_brand?post=23705"},{"taxonomy":"product_cat","embeddable":true,"href":"https:\/\/zooprekes24.lt\/et\/wp-json\/wp\/v2\/product_cat?post=23705"},{"taxonomy":"product_tag","embeddable":true,"href":"https:\/\/zooprekes24.lt\/et\/wp-json\/wp\/v2\/product_tag?post=23705"}],"curies":[{"name":"wp","href":"https:\/\/api.w.org\/{rel}","templated":true}]}}