{"id":23684,"date":"2024-04-19T13:23:57","date_gmt":"2024-04-19T10:23:57","guid":{"rendered":"https:\/\/zooprekes24.lt\/produktas\/quattro-sterilised-katems\/"},"modified":"2026-04-20T09:50:41","modified_gmt":"2026-04-20T07:50:41","slug":"quattro-sterilised-poultry-sausas-maistas-katems","status":"publish","type":"product","link":"https:\/\/zooprekes24.lt\/et\/produktas\/quattro-sterilised-poultry-sausas-maistas-katems\/","title":{"rendered":"Quattro Sterilised Poultry sausas maistas kat\u0117ms"},"content":{"rendered":"<h3>Quattro Sterilised Poultry &#8211; Super Premium klas\u0117s, visavertis suaugusi\u0173, sterilizuot\u0173 ka\u010di\u0173 maistas su gard\u017eia pauk\u0161tiena. \u0116dalas pagamintas naudojant inovatyvi\u0105 &#8222;freeze-dried meat coated&#8221; technologij\u0105. \u0160io i\u0161skirtinio sprendimo pagalba kiekviena pa\u0161aro granul\u0117 padengiama nat\u016bralia liofilizuota m\u0117sa, ne tik praturtinan\u010dia <a href=\"https:\/\/www.youtube.com\/watch?v=nHBX0FeuZ9w\" target=\"_blank\" rel=\"noopener\">Quattro<\/a> pa\u0161arus nat\u016braliai i\u0161saugotomis maistin\u0117mis med\u017eiagomis, bet ir u\u017etikrinan\u010dia puiku produkto \u0117damum\u0105.<\/h3>\n<ul>\n<li>Sveikai \u0161ird\u017eiai. Taurinas kartu su Omega 3 riebiosiomis r\u016bg\u0161timis padeda palaikyti kat\u0117s \u0161irdies funkcij\u0105.<\/li>\n<li>Odai ir kailiui. Sud\u0117tyje esan\u010dios riebiosios r\u016bg\u0161tys, cinkas bei vitaminas B padeda palaikyti sveik\u0105 od\u0105 ir \u017evilgant\u012f augintinio kail\u012f.<\/li>\n<li>Svorio kontrolei. Quattro Sterilised Poultry maisto sud\u0117tyje esan\u010dios augalin\u0117s kilm\u0117s skaidulos &#8211; padeda suteikti sotumo jausm\u0105 nepridedant papildom\u0173 kalorij\u0173 kiekio.<\/li>\n<li>\u0160lapimo tak\u0173 veiklos palaikymui. DL-metioninas kartu su subalansuotu mineralini\u0173 med\u017eiag\u0173 rinkiniu <a href=\"https:\/\/zooprekes24.lt\/parduotuve\/?filters=kates-amzius[381]|paskirtis[607]\">padeda palaikyti sveik\u0105 kat\u0117s \u0161lapimo tak\u0173 b\u016bkl\u0119<\/a>.<\/li>\n<li>100 % Lietuvoje u\u017eauginta pauk\u0161tiena.<\/li>\n<li>64 % baltym\u0173 i\u0161 gyv\u016bnin\u0117s kilm\u0117s ingredient\u0173.<\/li>\n<li>0 % dirbtini\u0173 da\u017eikli\u0173 ir skoni\u0173 stiprikli\u0173.<\/li>\n<\/ul>\n","protected":false},"excerpt":{"rendered":"<p>Quattro Sterilised Poultry &#8211; Super Premium klas\u0117s, visavertis suaugusi\u0173, sterilizuot\u0173 ka\u010di\u0173 maistas su gard\u017eia pauk\u0161tiena. \u0116dalas pagamintas naudojant inovatyvi\u0105 &#8222;freeze-dried meat coated&#8221; technologij\u0105. \u0160io i\u0161skirtinio sprendimo pagalba kiekviena pa\u0161aro granul\u0117 padengiama nat\u016bralia liofilizuota m\u0117sa, ne tik praturtinan\u010dia Quattro pa\u0161arus nat\u016braliai i\u0161saugotomis maistin\u0117mis med\u017eiagomis, bet ir u\u017etikrinan\u010dia puiku produkto \u0117damum\u0105. Sveikai \u0161ird\u017eiai. Taurinas kartu su Omega&#8230;<\/p>","protected":false},"featured_media":20300,"comment_status":"closed","ping_status":"closed","template":"","meta":{"_acf_changed":false,"slim_seo":{"title":"Quattro Sterilised Poultry sausas maistas kat\u0117ms - Zooprekes24","description":"Quattro Sterilised Poultry - Super Premium klas\u0117s, visavertis suaugusi\u0173, sterilizuot\u0173 ka\u010di\u0173 maistas su gard\u017eia pauk\u0161tiena. \u0116dalas pagamintas naudojant inovatyvi"},"iawp_total_views":648},"product_brand":[],"product_cat":[72,83,25,9052,9016],"product_tag":[1675,1682,1696],"class_list":{"0":"post-23684","1":"product","2":"type-product","3":"status-publish","4":"has-post-thumbnail","6":"product_cat-kaciu-maistas","7":"product_cat-kaciu-prekiu-gamintojai","8":"product_cat-katems","9":"product_cat-quattro-katems","10":"product_cat-sausas-maistas-kaciu-maistas","11":"product_tag-kaciu-edalas","12":"product_tag-kaciu-maistas-super-premium-klases","13":"product_tag-super-premium-maistas-katems","14":"pa_pasaro-sudetis-paukstiena","15":"pa_prekiu-zenklai-quattro","17":"first","18":"instock","19":"sale","20":"featured","21":"taxable","22":"shipping-taxable","23":"purchasable","24":"product-type-variable"},"acf":[],"_links":{"self":[{"href":"https:\/\/zooprekes24.lt\/et\/wp-json\/wp\/v2\/product\/23684","targetHints":{"allow":["GET"]}}],"collection":[{"href":"https:\/\/zooprekes24.lt\/et\/wp-json\/wp\/v2\/product"}],"about":[{"href":"https:\/\/zooprekes24.lt\/et\/wp-json\/wp\/v2\/types\/product"}],"replies":[{"embeddable":true,"href":"https:\/\/zooprekes24.lt\/et\/wp-json\/wp\/v2\/comments?post=23684"}],"wp:featuredmedia":[{"embeddable":true,"href":"https:\/\/zooprekes24.lt\/et\/wp-json\/wp\/v2\/media\/20300"}],"wp:attachment":[{"href":"https:\/\/zooprekes24.lt\/et\/wp-json\/wp\/v2\/media?parent=23684"}],"wp:term":[{"taxonomy":"product_brand","embeddable":true,"href":"https:\/\/zooprekes24.lt\/et\/wp-json\/wp\/v2\/product_brand?post=23684"},{"taxonomy":"product_cat","embeddable":true,"href":"https:\/\/zooprekes24.lt\/et\/wp-json\/wp\/v2\/product_cat?post=23684"},{"taxonomy":"product_tag","embeddable":true,"href":"https:\/\/zooprekes24.lt\/et\/wp-json\/wp\/v2\/product_tag?post=23684"}],"curies":[{"name":"wp","href":"https:\/\/api.w.org\/{rel}","templated":true}]}}