{"id":23675,"date":"2024-04-19T13:23:57","date_gmt":"2024-04-19T10:23:57","guid":{"rendered":"https:\/\/zooprekes24.lt\/produktas\/quattro-adult-all-breed-lamb\/"},"modified":"2026-04-20T09:29:11","modified_gmt":"2026-04-20T07:29:11","slug":"quattro-taiskasvanud-koikidest-tougudest-lambaliha","status":"publish","type":"product","link":"https:\/\/zooprekes24.lt\/et\/produktas\/quattro-adult-all-breed-lamb\/","title":{"rendered":"Quattro Adult All Breed Lamb kuivtoit koertele"},"content":{"rendered":"<h3>Quattro Adult All Breed Lamb &#8211; Super Premium klas\u0117s, sausas maistas suaugusiems vis\u0173 veisli\u0173 \u0161unims su gard\u017eia \u0117riena. Maistas pagamintas naudojant inovatyvi\u0105 &#8222;freeze-dried meat coated&#8221; technologij\u0105. \u0160io i\u0161skirtinio sprendimo pagalba kiekviena pa\u0161aro granul\u0117 padengiama nat\u016bralia liofilizuota m\u0117sa, ne tik praturtinan\u010dia <a href=\"https:\/\/www.youtube.com\/watch?v=nHBX0FeuZ9w\" target=\"_blank\" rel=\"noopener\">Quattro<\/a> pa\u0161arus nat\u016braliai i\u0161saugotomis maistin\u0117mis med\u017eiagomis, bet ir u\u017etikrinan\u010dia puiku produkto \u0117damum\u0105.<\/h3>\n<div>\n<div>\n<ul>\n<li>Sveikai odai ir kailiui. Riebal\u0173 r\u016bg\u0161tys, cinkas ir B grup\u0117s vitaminai padeda i\u0161laikyti sveik\u0105 od\u0105, \u0161veln\u0173 ir blizgant\u012f kail\u012f.<\/li>\n<li>Nat\u016bral\u016bs prebiotikai. Mannan-oligosacharidais, inulinu ir jukos ekstraktais praturtinta Quattro Adult All Breed Lamb maisto sud\u0117ties formul\u0117 padeda palaikyti sveik\u0105 \u017earnyno flor\u0105, teikdama maist\u0105 naudingosioms bakterijoms.<\/li>\n<li>Hipoalerginis. Suma\u017einta \u017ealiav\u0173 netoleravimo rizika. Sud\u0117tyje n\u0117ra ingredient\u0173, galin\u010di\u0173 sukelti alergij\u0105 ar maisto netoleravim\u0105. Tinkamas jautriems \u0161unims.<\/li>\n<li>Be kvie\u010di\u0173. Quattro Adult All Breed Lamb maistas tinkamas jautrios odos ir skrand\u017eio \u0161unims &#8211; <a href=\"https:\/\/zooprekes24.lt\/?s=royal+canin+hypo&amp;post_type=product&amp;filters=paskirtis[3957]\">padeda i\u0161vengti alergini\u0173 reakcij\u0173<\/a>, kurias sukelia kvie\u010di\u0173 glitimas.<\/li>\n<li>100 % Naujosios Zelandijos \u0117riena.<\/li>\n<li>58 % baltym\u0173 i\u0161 gyv\u016bnin\u0117s kilm\u0117s ingredient\u0173.<\/li>\n<li>0 % dirbtini\u0173 da\u017eikli\u0173 ir skoni\u0173 stiprikli\u0173.<\/li>\n<\/ul>\n<\/div>\n<\/div>\n","protected":false},"excerpt":{"rendered":"<p>Quattro Adult All Breed Lamb &#8211; Super Premium klas\u0117s, sausas maistas suaugusiems vis\u0173 veisli\u0173 \u0161unims su gard\u017eia \u0117riena. Maistas pagamintas naudojant inovatyvi\u0105 &#8222;freeze-dried meat coated&#8221; technologij\u0105. \u0160io i\u0161skirtinio sprendimo pagalba kiekviena pa\u0161aro granul\u0117 padengiama nat\u016bralia liofilizuota m\u0117sa, ne tik praturtinan\u010dia Quattro pa\u0161arus nat\u016braliai i\u0161saugotomis maistin\u0117mis med\u017eiagomis, bet ir u\u017etikrinan\u010dia puiku produkto \u0117damum\u0105. Sveikai odai ir&#8230;<\/p>","protected":false},"featured_media":18509,"comment_status":"closed","ping_status":"closed","template":"","meta":{"_acf_changed":false,"slim_seo":{"title":"Quattro Adult All Breed Lamb sausas maistas \u0161unims - Zooprekes24","description":"Quattro Adult All Breed Lamb - Super Premium kuivtoit k\u00f5igi t\u00f5ugude t\u00e4iskasvanud koertele maitsva lambalihaga. Toit on valmistatud uuendusliku \""},"iawp_total_views":497},"product_brand":[],"product_cat":[9055,9076,9002,8999,29,31],"product_tag":[177,743,751,200],"class_list":{"0":"post-23675","1":"product","2":"type-product","3":"status-publish","4":"has-post-thumbnail","6":"product_cat-isdziovintas-saltyje-maistas","7":"product_cat-quattro-sunims","8":"product_cat-sausas-maistas","9":"product_cat-sunims","10":"product_cat-sunu-maistas","11":"product_cat-sunu-prekiu-gamintojai","12":"product_tag-edalas-sunims","13":"product_tag-isdziovintas-saltyje-maistas","14":"product_tag-quattro-isdziovintas-saltyje","15":"product_tag-super-premium-maistas-sunims","16":"pa_pasaro-sudetis-vistiena","17":"pa_prekiu-zenklai-quattro","18":"pa_suns-amzius-suaugusiems","19":"pa_veisles-dydis-didelems-veislems","20":"pa_veisles-dydis-mazoms-veislems","21":"pa_veisles-dydis-vidutinems-veislems","22":"pa_veisles-dydis-visu-dydziu-veislems","24":"first","25":"instock","26":"sale","27":"featured","28":"taxable","29":"shipping-taxable","30":"purchasable","31":"product-type-variable"},"acf":[],"_links":{"self":[{"href":"https:\/\/zooprekes24.lt\/et\/wp-json\/wp\/v2\/product\/23675","targetHints":{"allow":["GET"]}}],"collection":[{"href":"https:\/\/zooprekes24.lt\/et\/wp-json\/wp\/v2\/product"}],"about":[{"href":"https:\/\/zooprekes24.lt\/et\/wp-json\/wp\/v2\/types\/product"}],"replies":[{"embeddable":true,"href":"https:\/\/zooprekes24.lt\/et\/wp-json\/wp\/v2\/comments?post=23675"}],"wp:featuredmedia":[{"embeddable":true,"href":"https:\/\/zooprekes24.lt\/et\/wp-json\/wp\/v2\/media\/18509"}],"wp:attachment":[{"href":"https:\/\/zooprekes24.lt\/et\/wp-json\/wp\/v2\/media?parent=23675"}],"wp:term":[{"taxonomy":"product_brand","embeddable":true,"href":"https:\/\/zooprekes24.lt\/et\/wp-json\/wp\/v2\/product_brand?post=23675"},{"taxonomy":"product_cat","embeddable":true,"href":"https:\/\/zooprekes24.lt\/et\/wp-json\/wp\/v2\/product_cat?post=23675"},{"taxonomy":"product_tag","embeddable":true,"href":"https:\/\/zooprekes24.lt\/et\/wp-json\/wp\/v2\/product_tag?post=23675"}],"curies":[{"name":"wp","href":"https:\/\/api.w.org\/{rel}","templated":true}]}}